{"id":99521,"date":"2019-07-31T13:26:27","date_gmt":"2019-07-31T11:26:27","guid":{"rendered":"https:\/\/parasolnetworks.com\/?page_id=99521\/"},"modified":"2019-07-31T13:56:39","modified_gmt":"2019-07-31T11:56:39","slug":"design-interieur-et-reformes","status":"publish","type":"page","link":"https:\/\/parasolnetworks.com\/fr\/design-interieur-et-reformes\/","title":{"rendered":"Design interieur et reformes"},"content":{"rendered":"<p><img fetchpriority=\"high\" decoding=\"async\" class=\"size-large wp-image-99509 aligncenter\" src=\"https:\/\/parasolnetworks.com\/wp-content\/uploads\/INTERIORISMO-Y-REFORMAS-1024x768.jpg\" alt=\"\" width=\"828\" height=\"621\" srcset=\"https:\/\/parasolnetworks.com\/wp-content\/uploads\/INTERIORISMO-Y-REFORMAS-1024x768.jpg 1024w, https:\/\/parasolnetworks.com\/wp-content\/uploads\/INTERIORISMO-Y-REFORMAS-300x225.jpg 300w, https:\/\/parasolnetworks.com\/wp-content\/uploads\/INTERIORISMO-Y-REFORMAS-768x576.jpg 768w, https:\/\/parasolnetworks.com\/wp-content\/uploads\/INTERIORISMO-Y-REFORMAS-150x113.jpg 150w, https:\/\/parasolnetworks.com\/wp-content\/uploads\/INTERIORISMO-Y-REFORMAS.jpg 1298w\" sizes=\"(max-width: 828px) 100vw, 828px\" \/>Si vous aimez une propri\u00e9t\u00e9 et souhaitez modifier sa distribution ou sa d\u00e9coration, nous vous proposons la possibilit\u00e9 d&#8217;effectuer une \u00e9tude de la d\u00e9coration et de la r\u00e9novation sur mesure, selon vos besoins, allant de petites modifications \u00e0 une r\u00e9forme et une redistribution compl\u00e8te de la propri\u00e9t\u00e9.<\/p>\n<p>Notre \u00e9quipe d&#8217;architectes et de d\u00e9corateurs sera \u00e0 l&#8217;\u00e9coute de vos besoins et vous conseillera afin de tirer le meilleur parti de la r\u00e9forme afin que vous puissiez transformer votre propri\u00e9t\u00e9 dans maison de vos r\u00eaves.<\/p>\n","protected":false},"excerpt":{"rendered":"<p>Si vous aimez une propri\u00e9t\u00e9 et souhaitez modifier sa distribution ou sa d\u00e9coration, nous vous proposons la possibilit\u00e9 d&#8217;effectuer une \u00e9tude de la d\u00e9coration et de la r\u00e9novation sur mesure, selon vos besoins, allant de petites modifications \u00e0 une r\u00e9forme et une redistribution compl\u00e8te de la propri\u00e9t\u00e9. Notre \u00e9quipe d&#8217;architectes et de d\u00e9corateurs sera \u00e0&#8230;<\/p>\n","protected":false},"author":2,"featured_media":0,"parent":0,"menu_order":0,"comment_status":"closed","ping_status":"closed","template":"","meta":{"_joinchat":[],"footnotes":""},"class_list":["post-99521","page","type-page","status-publish","hentry"],"yoast_head":"<!-- This site is optimized with the Yoast SEO plugin v27.3 - https:\/\/yoast.com\/product\/yoast-seo-wordpress\/ -->\n<title>Design interieur et reformes - Parasol Networks<\/title>\n<meta name=\"robots\" content=\"index, follow, max-snippet:-1, max-image-preview:large, max-video-preview:-1\" \/>\n<link rel=\"canonical\" href=\"https:\/\/parasolnetworks.com\/fr\/design-interieur-et-reformes\/\" \/>\n<meta property=\"og:locale\" content=\"fr_FR\" \/>\n<meta property=\"og:type\" content=\"article\" \/>\n<meta property=\"og:title\" content=\"Design interieur et reformes - Parasol Networks\" \/>\n<meta property=\"og:description\" content=\"Si vous aimez une propri\u00e9t\u00e9 et souhaitez modifier sa distribution ou sa d\u00e9coration, nous vous proposons la possibilit\u00e9 d&#8217;effectuer une \u00e9tude de la d\u00e9coration et de la r\u00e9novation sur mesure, selon vos besoins, allant de petites modifications \u00e0 une r\u00e9forme et une redistribution compl\u00e8te de la propri\u00e9t\u00e9. Notre \u00e9quipe d&#8217;architectes et de d\u00e9corateurs sera \u00e0...\" \/>\n<meta property=\"og:url\" content=\"https:\/\/parasolnetworks.com\/fr\/design-interieur-et-reformes\/\" \/>\n<meta property=\"og:site_name\" content=\"Parasol Networks\" \/>\n<meta property=\"article:modified_time\" content=\"2019-07-31T11:56:39+00:00\" \/>\n<meta property=\"og:image\" content=\"https:\/\/parasolnetworks.com\/wp-content\/uploads\/INTERIORISMO-Y-REFORMAS-1024x768.jpg\" \/>\n<meta name=\"twitter:card\" content=\"summary_large_image\" \/>\n<script type=\"application\/ld+json\" class=\"yoast-schema-graph\">{\"@context\":\"https:\\\/\\\/schema.org\",\"@graph\":[{\"@type\":\"WebPage\",\"@id\":\"https:\\\/\\\/parasolnetworks.com\\\/fr\\\/design-interieur-et-reformes\\\/\",\"url\":\"https:\\\/\\\/parasolnetworks.com\\\/fr\\\/design-interieur-et-reformes\\\/\",\"name\":\"Design interieur et reformes - Parasol Networks\",\"isPartOf\":{\"@id\":\"https:\\\/\\\/parasolnetworks.com\\\/en\\\/#website\"},\"primaryImageOfPage\":{\"@id\":\"https:\\\/\\\/parasolnetworks.com\\\/fr\\\/design-interieur-et-reformes\\\/#primaryimage\"},\"image\":{\"@id\":\"https:\\\/\\\/parasolnetworks.com\\\/fr\\\/design-interieur-et-reformes\\\/#primaryimage\"},\"thumbnailUrl\":\"https:\\\/\\\/parasolnetworks.com\\\/wp-content\\\/uploads\\\/INTERIORISMO-Y-REFORMAS-1024x768.jpg\",\"datePublished\":\"2019-07-31T11:26:27+00:00\",\"dateModified\":\"2019-07-31T11:56:39+00:00\",\"breadcrumb\":{\"@id\":\"https:\\\/\\\/parasolnetworks.com\\\/fr\\\/design-interieur-et-reformes\\\/#breadcrumb\"},\"inLanguage\":\"fr-FR\",\"potentialAction\":[{\"@type\":\"ReadAction\",\"target\":[\"https:\\\/\\\/parasolnetworks.com\\\/fr\\\/design-interieur-et-reformes\\\/\"]}]},{\"@type\":\"ImageObject\",\"inLanguage\":\"fr-FR\",\"@id\":\"https:\\\/\\\/parasolnetworks.com\\\/fr\\\/design-interieur-et-reformes\\\/#primaryimage\",\"url\":\"https:\\\/\\\/parasolnetworks.com\\\/wp-content\\\/uploads\\\/INTERIORISMO-Y-REFORMAS-1024x768.jpg\",\"contentUrl\":\"https:\\\/\\\/parasolnetworks.com\\\/wp-content\\\/uploads\\\/INTERIORISMO-Y-REFORMAS-1024x768.jpg\"},{\"@type\":\"BreadcrumbList\",\"@id\":\"https:\\\/\\\/parasolnetworks.com\\\/fr\\\/design-interieur-et-reformes\\\/#breadcrumb\",\"itemListElement\":[{\"@type\":\"ListItem\",\"position\":1,\"name\":\"Portada\",\"item\":\"https:\\\/\\\/parasolnetworks.com\\\/fr\\\/\"},{\"@type\":\"ListItem\",\"position\":2,\"name\":\"Design interieur et reformes\"}]},{\"@type\":\"WebSite\",\"@id\":\"https:\\\/\\\/parasolnetworks.com\\\/en\\\/#website\",\"url\":\"https:\\\/\\\/parasolnetworks.com\\\/en\\\/\",\"name\":\"Parasol Networks\",\"description\":\"inmobiliaria\",\"publisher\":{\"@id\":\"https:\\\/\\\/parasolnetworks.com\\\/en\\\/#organization\"},\"potentialAction\":[{\"@type\":\"SearchAction\",\"target\":{\"@type\":\"EntryPoint\",\"urlTemplate\":\"https:\\\/\\\/parasolnetworks.com\\\/en\\\/?s={search_term_string}\"},\"query-input\":{\"@type\":\"PropertyValueSpecification\",\"valueRequired\":true,\"valueName\":\"search_term_string\"}}],\"inLanguage\":\"fr-FR\"},{\"@type\":\"Organization\",\"@id\":\"https:\\\/\\\/parasolnetworks.com\\\/en\\\/#organization\",\"name\":\"Parasol Networks\",\"url\":\"https:\\\/\\\/parasolnetworks.com\\\/en\\\/\",\"logo\":{\"@type\":\"ImageObject\",\"inLanguage\":\"fr-FR\",\"@id\":\"https:\\\/\\\/parasolnetworks.com\\\/en\\\/#\\\/schema\\\/logo\\\/image\\\/\",\"url\":\"https:\\\/\\\/parasolnetworks.com\\\/wp-content\\\/uploads\\\/Logo.png\",\"contentUrl\":\"https:\\\/\\\/parasolnetworks.com\\\/wp-content\\\/uploads\\\/Logo.png\",\"width\":2560,\"height\":570,\"caption\":\"Parasol Networks\"},\"image\":{\"@id\":\"https:\\\/\\\/parasolnetworks.com\\\/en\\\/#\\\/schema\\\/logo\\\/image\\\/\"}}]}<\/script>\n<!-- \/ Yoast SEO plugin. -->","yoast_head_json":{"title":"Design interieur et reformes - Parasol Networks","robots":{"index":"index","follow":"follow","max-snippet":"max-snippet:-1","max-image-preview":"max-image-preview:large","max-video-preview":"max-video-preview:-1"},"canonical":"https:\/\/parasolnetworks.com\/fr\/design-interieur-et-reformes\/","og_locale":"fr_FR","og_type":"article","og_title":"Design interieur et reformes - Parasol Networks","og_description":"Si vous aimez une propri\u00e9t\u00e9 et souhaitez modifier sa distribution ou sa d\u00e9coration, nous vous proposons la possibilit\u00e9 d&#8217;effectuer une \u00e9tude de la d\u00e9coration et de la r\u00e9novation sur mesure, selon vos besoins, allant de petites modifications \u00e0 une r\u00e9forme et une redistribution compl\u00e8te de la propri\u00e9t\u00e9. Notre \u00e9quipe d&#8217;architectes et de d\u00e9corateurs sera \u00e0...","og_url":"https:\/\/parasolnetworks.com\/fr\/design-interieur-et-reformes\/","og_site_name":"Parasol Networks","article_modified_time":"2019-07-31T11:56:39+00:00","og_image":[{"url":"https:\/\/parasolnetworks.com\/wp-content\/uploads\/INTERIORISMO-Y-REFORMAS-1024x768.jpg","type":"","width":"","height":""}],"twitter_card":"summary_large_image","schema":{"@context":"https:\/\/schema.org","@graph":[{"@type":"WebPage","@id":"https:\/\/parasolnetworks.com\/fr\/design-interieur-et-reformes\/","url":"https:\/\/parasolnetworks.com\/fr\/design-interieur-et-reformes\/","name":"Design interieur et reformes - Parasol Networks","isPartOf":{"@id":"https:\/\/parasolnetworks.com\/en\/#website"},"primaryImageOfPage":{"@id":"https:\/\/parasolnetworks.com\/fr\/design-interieur-et-reformes\/#primaryimage"},"image":{"@id":"https:\/\/parasolnetworks.com\/fr\/design-interieur-et-reformes\/#primaryimage"},"thumbnailUrl":"https:\/\/parasolnetworks.com\/wp-content\/uploads\/INTERIORISMO-Y-REFORMAS-1024x768.jpg","datePublished":"2019-07-31T11:26:27+00:00","dateModified":"2019-07-31T11:56:39+00:00","breadcrumb":{"@id":"https:\/\/parasolnetworks.com\/fr\/design-interieur-et-reformes\/#breadcrumb"},"inLanguage":"fr-FR","potentialAction":[{"@type":"ReadAction","target":["https:\/\/parasolnetworks.com\/fr\/design-interieur-et-reformes\/"]}]},{"@type":"ImageObject","inLanguage":"fr-FR","@id":"https:\/\/parasolnetworks.com\/fr\/design-interieur-et-reformes\/#primaryimage","url":"https:\/\/parasolnetworks.com\/wp-content\/uploads\/INTERIORISMO-Y-REFORMAS-1024x768.jpg","contentUrl":"https:\/\/parasolnetworks.com\/wp-content\/uploads\/INTERIORISMO-Y-REFORMAS-1024x768.jpg"},{"@type":"BreadcrumbList","@id":"https:\/\/parasolnetworks.com\/fr\/design-interieur-et-reformes\/#breadcrumb","itemListElement":[{"@type":"ListItem","position":1,"name":"Portada","item":"https:\/\/parasolnetworks.com\/fr\/"},{"@type":"ListItem","position":2,"name":"Design interieur et reformes"}]},{"@type":"WebSite","@id":"https:\/\/parasolnetworks.com\/en\/#website","url":"https:\/\/parasolnetworks.com\/en\/","name":"Parasol Networks","description":"inmobiliaria","publisher":{"@id":"https:\/\/parasolnetworks.com\/en\/#organization"},"potentialAction":[{"@type":"SearchAction","target":{"@type":"EntryPoint","urlTemplate":"https:\/\/parasolnetworks.com\/en\/?s={search_term_string}"},"query-input":{"@type":"PropertyValueSpecification","valueRequired":true,"valueName":"search_term_string"}}],"inLanguage":"fr-FR"},{"@type":"Organization","@id":"https:\/\/parasolnetworks.com\/en\/#organization","name":"Parasol Networks","url":"https:\/\/parasolnetworks.com\/en\/","logo":{"@type":"ImageObject","inLanguage":"fr-FR","@id":"https:\/\/parasolnetworks.com\/en\/#\/schema\/logo\/image\/","url":"https:\/\/parasolnetworks.com\/wp-content\/uploads\/Logo.png","contentUrl":"https:\/\/parasolnetworks.com\/wp-content\/uploads\/Logo.png","width":2560,"height":570,"caption":"Parasol Networks"},"image":{"@id":"https:\/\/parasolnetworks.com\/en\/#\/schema\/logo\/image\/"}}]}},"_links":{"self":[{"href":"https:\/\/parasolnetworks.com\/fr\/wp-json\/wp\/v2\/pages\/99521","targetHints":{"allow":["GET"]}}],"collection":[{"href":"https:\/\/parasolnetworks.com\/fr\/wp-json\/wp\/v2\/pages"}],"about":[{"href":"https:\/\/parasolnetworks.com\/fr\/wp-json\/wp\/v2\/types\/page"}],"author":[{"embeddable":true,"href":"https:\/\/parasolnetworks.com\/fr\/wp-json\/wp\/v2\/users\/2"}],"replies":[{"embeddable":true,"href":"https:\/\/parasolnetworks.com\/fr\/wp-json\/wp\/v2\/comments?post=99521"}],"version-history":[{"count":0,"href":"https:\/\/parasolnetworks.com\/fr\/wp-json\/wp\/v2\/pages\/99521\/revisions"}],"wp:attachment":[{"href":"https:\/\/parasolnetworks.com\/fr\/wp-json\/wp\/v2\/media?parent=99521"}],"curies":[{"name":"wp","href":"https:\/\/api.w.org\/{rel}","templated":true}]}}