{"id":474174,"date":"2023-09-22T10:59:26","date_gmt":"2023-09-22T08:59:26","guid":{"rendered":"https:\/\/parasolnetworks.com\/?page_id=474174"},"modified":"2024-03-12T16:51:53","modified_gmt":"2024-03-12T15:51:53","slug":"home-2","status":"publish","type":"page","link":"https:\/\/parasolnetworks.com\/fr\/","title":{"rendered":"Home"},"content":{"rendered":"<div class=\"wpb-content-wrapper\"><p>[vc_row css=&#8221;.vc_custom_1710257659086{padding-bottom: 80px !important;}&#8221;][vc_column][vc_column_text]<\/p>\n<h2 style=\"font-size: 2.5rem; text-align: center;\"><span style=\"font-size: 2rem; color: #009fb4; font-weight: bolder;\">Plus d&#8217;options<\/span><br \/>\nde recherche<\/h2>\n<p>[\/vc_column_text][vc_row_inner content_placement=&#8221;middle&#8221; el_class=&#8221;boxed-shadow-row&#8221;][vc_column_inner width=&#8221;1\/3&#8243;][vc_single_image image=&#8221;519019&#8243; img_size=&#8221;full&#8221; alignment=&#8221;center&#8221; onclick=&#8221;custom_link&#8221; link=&#8221;https:\/\/parasolnetworks.com\/fr\/resultats-de-la-recherche\/?type%5B%5D=villa-fr&#8221;][vc_btn title=&#8221;Voir villas&#8221; shape=&#8221;square&#8221; color=&#8221;orange&#8221; align=&#8221;center&#8221; button_block=&#8221;true&#8221; link=&#8221;url:https%3A%2F%2Fparasolnetworks.com%2Ffr%2Fresultats-de-la-recherche%2F%3Ftype%255B%255D%3Dvilla-fr&#8221;][\/vc_column_inner][vc_column_inner width=&#8221;1\/3&#8243;][vc_single_image image=&#8221;519034&#8243; img_size=&#8221;full&#8221; alignment=&#8221;center&#8221; onclick=&#8221;custom_link&#8221; link=&#8221;https:\/\/parasolnetworks.com\/fr\/resultats-de-recherche\/?type%5B%5D=maison-de-ville&#8221;][vc_btn title=&#8221;Voir maisons de ville&#8221; shape=&#8221;square&#8221; color=&#8221;orange&#8221; align=&#8221;center&#8221; button_block=&#8221;true&#8221; link=&#8221;url:https%3A%2F%2Fparasolnetworks.com%2Ffr%2Fresultats-de-recherche%2F%3Ftype%255B%255D%3Dmaison-de-ville&#8221;][\/vc_column_inner][vc_column_inner width=&#8221;1\/3&#8243;][vc_single_image image=&#8221;519024&#8243; img_size=&#8221;full&#8221; alignment=&#8221;center&#8221; onclick=&#8221;custom_link&#8221; link=&#8221;https:\/\/parasolnetworks.com\/fr\/resultats-de-la-recherche\/?type%5B%5D=maison-mitoyenne&#8221;][vc_btn title=&#8221;Voir maisons mitoyenne&#8221; shape=&#8221;square&#8221; color=&#8221;orange&#8221; align=&#8221;center&#8221; button_block=&#8221;true&#8221; link=&#8221;url:https%3A%2F%2Fparasolnetworks.com%2Ffr%2Fresultats-de-la-recherche%2F%3Ftype%255B%255D%3Dmaison-mitoyenne&#8221;][\/vc_column_inner][\/vc_row_inner][vc_row_inner content_placement=&#8221;middle&#8221; el_class=&#8221;boxed-shadow-row&#8221;][vc_column_inner width=&#8221;1\/3&#8243;][vc_single_image image=&#8221;519029&#8243; img_size=&#8221;full&#8221; alignment=&#8221;center&#8221; onclick=&#8221;custom_link&#8221; link=&#8221;https:\/\/parasolnetworks.com\/fr\/resultats-de-recherche\/?type%5B%5D=appartement&#8221;][vc_btn title=&#8221;Voir appartements&#8221; shape=&#8221;square&#8221; color=&#8221;orange&#8221; align=&#8221;center&#8221; button_block=&#8221;true&#8221; link=&#8221;url:https%3A%2F%2Fparasolnetworks.com%2Ffr%2Fresultats-de-recherche%2F%3Ftype%255B%255D%3Dappartement&#8221;][\/vc_column_inner][vc_column_inner width=&#8221;1\/3&#8243;][vc_single_image image=&#8221;519044&#8243; img_size=&#8221;full&#8221; alignment=&#8221;center&#8221; onclick=&#8221;custom_link&#8221; link=&#8221;https:\/\/parasolnetworks.com\/fr\/resultats-de-la-recherche\/?type%5B%5D=terrains&#8221;][vc_btn title=&#8221;Voir terrains&#8221; shape=&#8221;square&#8221; color=&#8221;orange&#8221; align=&#8221;center&#8221; button_block=&#8221;true&#8221; link=&#8221;url:https%3A%2F%2Fparasolnetworks.com%2Ffr%2Fresultats-de-la-recherche%2F%3Ftype%255B%255D%3Dterrains&#8221;][\/vc_column_inner][vc_column_inner width=&#8221;1\/3&#8243;][vc_single_image image=&#8221;519039&#8243; img_size=&#8221;full&#8221; alignment=&#8221;center&#8221; onclick=&#8221;custom_link&#8221; link=&#8221;https:\/\/parasolnetworks.com\/fr\/resultats-de-recherche\/?type%5B%5D=commercial-fr&#8221;][vc_btn title=&#8221;Voir commercials&#8221; shape=&#8221;square&#8221; color=&#8221;orange&#8221; align=&#8221;center&#8221; button_block=&#8221;true&#8221; link=&#8221;url:https%3A%2F%2Fparasolnetworks.com%2Ffr%2Fresultats-de-recherche%2F%3Ftype%255B%255D%3Dcommercial-fr&#8221;][\/vc_column_inner][\/vc_row_inner][\/vc_column][\/vc_row][vc_row full_width=&#8221;stretch_row&#8221; css=&#8221;.vc_custom_1695382545461{background-image: url(https:\/\/parasolnetworks.com\/wp-content\/uploads\/comedor-scaled-1.jpg?id=473524) !important;background-position: center !important;background-repeat: no-repeat !important;background-size: cover !important;}&#8221; el_class=&#8221;sobre-nosotros&#8221;][vc_column width=&#8221;1\/3&#8243; css=&#8221;.vc_custom_1695365471642{padding-bottom: 35px !important;}&#8221;][vc_column_text]<\/p>\n<h2 style=\"color: #ffffff !important;\">\u00c0 propos de nous<\/h2>\n<p>[\/vc_column_text][vc_row_inner][vc_column_inner][vc_column_text]<\/p>\n<div style=\"color: #ffffff !important; font-size: 2rem !important; line-height: 1.2 !important;\">\n<p>Nous sommes une agence immobili\u00e8re bas\u00e9e \u00e0 Oliva, qui a ouvert ses portes en 2005.<\/p>\n<p><strong>Parasol Networks<\/strong> est compos\u00e9 de professionnels bilingues poss\u00e9dant un haut niveau de qualification et de connaissances en conseil client.<\/p>\n<\/div>\n<p>[\/vc_column_text][vc_btn title=&#8221;Contacta y encuentra tu hogar&#8221; color=&#8221;white&#8221; size=&#8221;lg&#8221; link=&#8221;url:%2Fcontacto|title:Contacto&#8221;][\/vc_column_inner][\/vc_row_inner][\/vc_column][\/vc_row]<\/p>\n<\/div>","protected":false},"excerpt":{"rendered":"<p>[vc_row css=&#8221;.vc_custom_1710257659086{padding-bottom: 80px !important;}&#8221;][vc_column][vc_column_text] Plus d&#8217;options de recherche [\/vc_column_text][vc_row_inner content_placement=&#8221;middle&#8221; el_class=&#8221;boxed-shadow-row&#8221;][vc_column_inner width=&#8221;1\/3&#8243;][vc_single_image image=&#8221;519019&#8243; img_size=&#8221;full&#8221; alignment=&#8221;center&#8221; onclick=&#8221;custom_link&#8221; link=&#8221;https:\/\/parasolnetworks.com\/fr\/resultats-de-la-recherche\/?type%5B%5D=villa-fr&#8221;][vc_btn title=&#8221;Voir villas&#8221; shape=&#8221;square&#8221; color=&#8221;orange&#8221; align=&#8221;center&#8221; button_block=&#8221;true&#8221; link=&#8221;url:https%3A%2F%2Fparasolnetworks.com%2Ffr%2Fresultats-de-la-recherche%2F%3Ftype%255B%255D%3Dvilla-fr&#8221;][\/vc_column_inner][vc_column_inner width=&#8221;1\/3&#8243;][vc_single_image image=&#8221;519034&#8243; img_size=&#8221;full&#8221; alignment=&#8221;center&#8221; onclick=&#8221;custom_link&#8221; link=&#8221;https:\/\/parasolnetworks.com\/fr\/resultats-de-recherche\/?type%5B%5D=maison-de-ville&#8221;][vc_btn title=&#8221;Voir maisons de ville&#8221; shape=&#8221;square&#8221; color=&#8221;orange&#8221; align=&#8221;center&#8221; button_block=&#8221;true&#8221; link=&#8221;url:https%3A%2F%2Fparasolnetworks.com%2Ffr%2Fresultats-de-recherche%2F%3Ftype%255B%255D%3Dmaison-de-ville&#8221;][\/vc_column_inner][vc_column_inner width=&#8221;1\/3&#8243;][vc_single_image image=&#8221;519024&#8243; img_size=&#8221;full&#8221; alignment=&#8221;center&#8221; onclick=&#8221;custom_link&#8221; link=&#8221;https:\/\/parasolnetworks.com\/fr\/resultats-de-la-recherche\/?type%5B%5D=maison-mitoyenne&#8221;][vc_btn title=&#8221;Voir maisons mitoyenne&#8221; shape=&#8221;square&#8221; color=&#8221;orange&#8221; align=&#8221;center&#8221; button_block=&#8221;true&#8221; link=&#8221;url:https%3A%2F%2Fparasolnetworks.com%2Ffr%2Fresultats-de-la-recherche%2F%3Ftype%255B%255D%3Dmaison-mitoyenne&#8221;][\/vc_column_inner][\/vc_row_inner][vc_row_inner content_placement=&#8221;middle&#8221; el_class=&#8221;boxed-shadow-row&#8221;][vc_column_inner&#8230;<\/p>\n","protected":false},"author":2,"featured_media":0,"parent":0,"menu_order":0,"comment_status":"closed","ping_status":"closed","template":"templates\/home.php","meta":{"_joinchat":[],"footnotes":""},"class_list":["post-474174","page","type-page","status-publish","hentry"],"yoast_head":"<!-- This site is optimized with the Yoast SEO plugin v27.3 - https:\/\/yoast.com\/product\/yoast-seo-wordpress\/ -->\n<title>Home - Parasol Networks<\/title>\n<meta name=\"robots\" content=\"index, follow, max-snippet:-1, max-image-preview:large, max-video-preview:-1\" \/>\n<link rel=\"canonical\" href=\"https:\/\/parasolnetworks.com\/fr\/\" \/>\n<meta property=\"og:locale\" content=\"fr_FR\" \/>\n<meta property=\"og:type\" content=\"article\" \/>\n<meta property=\"og:title\" content=\"Home - Parasol Networks\" \/>\n<meta property=\"og:description\" content=\"[vc_row css=&#8221;.vc_custom_1710257659086{padding-bottom: 80px !important;}&#8221;][vc_column][vc_column_text] Plus d&#8217;options de recherche [\/vc_column_text][vc_row_inner content_placement=&#8221;middle&#8221; el_class=&#8221;boxed-shadow-row&#8221;][vc_column_inner width=&#8221;1\/3&#8243;][vc_single_image image=&#8221;519019&#8243; img_size=&#8221;full&#8221; alignment=&#8221;center&#8221; onclick=&#8221;custom_link&#8221; link=&#8221;https:\/\/parasolnetworks.com\/fr\/resultats-de-la-recherche\/?type%5B%5D=villa-fr&#8221;][vc_btn title=&#8221;Voir villas&#8221; shape=&#8221;square&#8221; color=&#8221;orange&#8221; align=&#8221;center&#8221; button_block=&#8221;true&#8221; link=&#8221;url:https%3A%2F%2Fparasolnetworks.com%2Ffr%2Fresultats-de-la-recherche%2F%3Ftype%255B%255D%3Dvilla-fr&#8221;][\/vc_column_inner][vc_column_inner width=&#8221;1\/3&#8243;][vc_single_image image=&#8221;519034&#8243; img_size=&#8221;full&#8221; alignment=&#8221;center&#8221; onclick=&#8221;custom_link&#8221; link=&#8221;https:\/\/parasolnetworks.com\/fr\/resultats-de-recherche\/?type%5B%5D=maison-de-ville&#8221;][vc_btn title=&#8221;Voir maisons de ville&#8221; shape=&#8221;square&#8221; color=&#8221;orange&#8221; align=&#8221;center&#8221; button_block=&#8221;true&#8221; link=&#8221;url:https%3A%2F%2Fparasolnetworks.com%2Ffr%2Fresultats-de-recherche%2F%3Ftype%255B%255D%3Dmaison-de-ville&#8221;][\/vc_column_inner][vc_column_inner width=&#8221;1\/3&#8243;][vc_single_image image=&#8221;519024&#8243; img_size=&#8221;full&#8221; alignment=&#8221;center&#8221; onclick=&#8221;custom_link&#8221; link=&#8221;https:\/\/parasolnetworks.com\/fr\/resultats-de-la-recherche\/?type%5B%5D=maison-mitoyenne&#8221;][vc_btn title=&#8221;Voir maisons mitoyenne&#8221; shape=&#8221;square&#8221; color=&#8221;orange&#8221; align=&#8221;center&#8221; button_block=&#8221;true&#8221; link=&#8221;url:https%3A%2F%2Fparasolnetworks.com%2Ffr%2Fresultats-de-la-recherche%2F%3Ftype%255B%255D%3Dmaison-mitoyenne&#8221;][\/vc_column_inner][\/vc_row_inner][vc_row_inner content_placement=&#8221;middle&#8221; el_class=&#8221;boxed-shadow-row&#8221;][vc_column_inner...\" \/>\n<meta property=\"og:url\" content=\"https:\/\/parasolnetworks.com\/fr\/\" \/>\n<meta property=\"og:site_name\" content=\"Parasol Networks\" \/>\n<meta property=\"article:modified_time\" content=\"2024-03-12T15:51:53+00:00\" \/>\n<meta name=\"twitter:card\" content=\"summary_large_image\" \/>\n<meta name=\"twitter:label1\" content=\"Dur\u00e9e de lecture estim\u00e9e\" \/>\n\t<meta name=\"twitter:data1\" content=\"1 minute\" \/>\n<script type=\"application\/ld+json\" class=\"yoast-schema-graph\">{\"@context\":\"https:\\\/\\\/schema.org\",\"@graph\":[{\"@type\":\"WebPage\",\"@id\":\"https:\\\/\\\/parasolnetworks.com\\\/fr\\\/\",\"url\":\"https:\\\/\\\/parasolnetworks.com\\\/fr\\\/\",\"name\":\"Home - Parasol Networks\",\"isPartOf\":{\"@id\":\"https:\\\/\\\/parasolnetworks.com\\\/en\\\/#website\"},\"datePublished\":\"2023-09-22T08:59:26+00:00\",\"dateModified\":\"2024-03-12T15:51:53+00:00\",\"breadcrumb\":{\"@id\":\"https:\\\/\\\/parasolnetworks.com\\\/fr\\\/#breadcrumb\"},\"inLanguage\":\"fr-FR\",\"potentialAction\":[{\"@type\":\"ReadAction\",\"target\":[\"https:\\\/\\\/parasolnetworks.com\\\/fr\\\/\"]}]},{\"@type\":\"BreadcrumbList\",\"@id\":\"https:\\\/\\\/parasolnetworks.com\\\/fr\\\/#breadcrumb\",\"itemListElement\":[{\"@type\":\"ListItem\",\"position\":1,\"name\":\"Portada\",\"item\":\"https:\\\/\\\/parasolnetworks.com\\\/fr\\\/\"},{\"@type\":\"ListItem\",\"position\":2,\"name\":\"Home\"}]},{\"@type\":\"WebSite\",\"@id\":\"https:\\\/\\\/parasolnetworks.com\\\/en\\\/#website\",\"url\":\"https:\\\/\\\/parasolnetworks.com\\\/en\\\/\",\"name\":\"Parasol Networks\",\"description\":\"inmobiliaria\",\"publisher\":{\"@id\":\"https:\\\/\\\/parasolnetworks.com\\\/en\\\/#organization\"},\"potentialAction\":[{\"@type\":\"SearchAction\",\"target\":{\"@type\":\"EntryPoint\",\"urlTemplate\":\"https:\\\/\\\/parasolnetworks.com\\\/en\\\/?s={search_term_string}\"},\"query-input\":{\"@type\":\"PropertyValueSpecification\",\"valueRequired\":true,\"valueName\":\"search_term_string\"}}],\"inLanguage\":\"fr-FR\"},{\"@type\":\"Organization\",\"@id\":\"https:\\\/\\\/parasolnetworks.com\\\/en\\\/#organization\",\"name\":\"Parasol Networks\",\"url\":\"https:\\\/\\\/parasolnetworks.com\\\/en\\\/\",\"logo\":{\"@type\":\"ImageObject\",\"inLanguage\":\"fr-FR\",\"@id\":\"https:\\\/\\\/parasolnetworks.com\\\/en\\\/#\\\/schema\\\/logo\\\/image\\\/\",\"url\":\"https:\\\/\\\/parasolnetworks.com\\\/wp-content\\\/uploads\\\/Logo.png\",\"contentUrl\":\"https:\\\/\\\/parasolnetworks.com\\\/wp-content\\\/uploads\\\/Logo.png\",\"width\":2560,\"height\":570,\"caption\":\"Parasol Networks\"},\"image\":{\"@id\":\"https:\\\/\\\/parasolnetworks.com\\\/en\\\/#\\\/schema\\\/logo\\\/image\\\/\"}}]}<\/script>\n<!-- \/ Yoast SEO plugin. -->","yoast_head_json":{"title":"Home - Parasol Networks","robots":{"index":"index","follow":"follow","max-snippet":"max-snippet:-1","max-image-preview":"max-image-preview:large","max-video-preview":"max-video-preview:-1"},"canonical":"https:\/\/parasolnetworks.com\/fr\/","og_locale":"fr_FR","og_type":"article","og_title":"Home - Parasol Networks","og_description":"[vc_row css=&#8221;.vc_custom_1710257659086{padding-bottom: 80px !important;}&#8221;][vc_column][vc_column_text] Plus d&#8217;options de recherche [\/vc_column_text][vc_row_inner content_placement=&#8221;middle&#8221; el_class=&#8221;boxed-shadow-row&#8221;][vc_column_inner width=&#8221;1\/3&#8243;][vc_single_image image=&#8221;519019&#8243; img_size=&#8221;full&#8221; alignment=&#8221;center&#8221; onclick=&#8221;custom_link&#8221; link=&#8221;https:\/\/parasolnetworks.com\/fr\/resultats-de-la-recherche\/?type%5B%5D=villa-fr&#8221;][vc_btn title=&#8221;Voir villas&#8221; shape=&#8221;square&#8221; color=&#8221;orange&#8221; align=&#8221;center&#8221; button_block=&#8221;true&#8221; link=&#8221;url:https%3A%2F%2Fparasolnetworks.com%2Ffr%2Fresultats-de-la-recherche%2F%3Ftype%255B%255D%3Dvilla-fr&#8221;][\/vc_column_inner][vc_column_inner width=&#8221;1\/3&#8243;][vc_single_image image=&#8221;519034&#8243; img_size=&#8221;full&#8221; alignment=&#8221;center&#8221; onclick=&#8221;custom_link&#8221; link=&#8221;https:\/\/parasolnetworks.com\/fr\/resultats-de-recherche\/?type%5B%5D=maison-de-ville&#8221;][vc_btn title=&#8221;Voir maisons de ville&#8221; shape=&#8221;square&#8221; color=&#8221;orange&#8221; align=&#8221;center&#8221; button_block=&#8221;true&#8221; link=&#8221;url:https%3A%2F%2Fparasolnetworks.com%2Ffr%2Fresultats-de-recherche%2F%3Ftype%255B%255D%3Dmaison-de-ville&#8221;][\/vc_column_inner][vc_column_inner width=&#8221;1\/3&#8243;][vc_single_image image=&#8221;519024&#8243; img_size=&#8221;full&#8221; alignment=&#8221;center&#8221; onclick=&#8221;custom_link&#8221; link=&#8221;https:\/\/parasolnetworks.com\/fr\/resultats-de-la-recherche\/?type%5B%5D=maison-mitoyenne&#8221;][vc_btn title=&#8221;Voir maisons mitoyenne&#8221; shape=&#8221;square&#8221; color=&#8221;orange&#8221; align=&#8221;center&#8221; button_block=&#8221;true&#8221; link=&#8221;url:https%3A%2F%2Fparasolnetworks.com%2Ffr%2Fresultats-de-la-recherche%2F%3Ftype%255B%255D%3Dmaison-mitoyenne&#8221;][\/vc_column_inner][\/vc_row_inner][vc_row_inner content_placement=&#8221;middle&#8221; el_class=&#8221;boxed-shadow-row&#8221;][vc_column_inner...","og_url":"https:\/\/parasolnetworks.com\/fr\/","og_site_name":"Parasol Networks","article_modified_time":"2024-03-12T15:51:53+00:00","twitter_card":"summary_large_image","twitter_misc":{"Dur\u00e9e de lecture estim\u00e9e":"1 minute"},"schema":{"@context":"https:\/\/schema.org","@graph":[{"@type":"WebPage","@id":"https:\/\/parasolnetworks.com\/fr\/","url":"https:\/\/parasolnetworks.com\/fr\/","name":"Home - Parasol Networks","isPartOf":{"@id":"https:\/\/parasolnetworks.com\/en\/#website"},"datePublished":"2023-09-22T08:59:26+00:00","dateModified":"2024-03-12T15:51:53+00:00","breadcrumb":{"@id":"https:\/\/parasolnetworks.com\/fr\/#breadcrumb"},"inLanguage":"fr-FR","potentialAction":[{"@type":"ReadAction","target":["https:\/\/parasolnetworks.com\/fr\/"]}]},{"@type":"BreadcrumbList","@id":"https:\/\/parasolnetworks.com\/fr\/#breadcrumb","itemListElement":[{"@type":"ListItem","position":1,"name":"Portada","item":"https:\/\/parasolnetworks.com\/fr\/"},{"@type":"ListItem","position":2,"name":"Home"}]},{"@type":"WebSite","@id":"https:\/\/parasolnetworks.com\/en\/#website","url":"https:\/\/parasolnetworks.com\/en\/","name":"Parasol Networks","description":"inmobiliaria","publisher":{"@id":"https:\/\/parasolnetworks.com\/en\/#organization"},"potentialAction":[{"@type":"SearchAction","target":{"@type":"EntryPoint","urlTemplate":"https:\/\/parasolnetworks.com\/en\/?s={search_term_string}"},"query-input":{"@type":"PropertyValueSpecification","valueRequired":true,"valueName":"search_term_string"}}],"inLanguage":"fr-FR"},{"@type":"Organization","@id":"https:\/\/parasolnetworks.com\/en\/#organization","name":"Parasol Networks","url":"https:\/\/parasolnetworks.com\/en\/","logo":{"@type":"ImageObject","inLanguage":"fr-FR","@id":"https:\/\/parasolnetworks.com\/en\/#\/schema\/logo\/image\/","url":"https:\/\/parasolnetworks.com\/wp-content\/uploads\/Logo.png","contentUrl":"https:\/\/parasolnetworks.com\/wp-content\/uploads\/Logo.png","width":2560,"height":570,"caption":"Parasol Networks"},"image":{"@id":"https:\/\/parasolnetworks.com\/en\/#\/schema\/logo\/image\/"}}]}},"_links":{"self":[{"href":"https:\/\/parasolnetworks.com\/fr\/wp-json\/wp\/v2\/pages\/474174","targetHints":{"allow":["GET"]}}],"collection":[{"href":"https:\/\/parasolnetworks.com\/fr\/wp-json\/wp\/v2\/pages"}],"about":[{"href":"https:\/\/parasolnetworks.com\/fr\/wp-json\/wp\/v2\/types\/page"}],"author":[{"embeddable":true,"href":"https:\/\/parasolnetworks.com\/fr\/wp-json\/wp\/v2\/users\/2"}],"replies":[{"embeddable":true,"href":"https:\/\/parasolnetworks.com\/fr\/wp-json\/wp\/v2\/comments?post=474174"}],"version-history":[{"count":0,"href":"https:\/\/parasolnetworks.com\/fr\/wp-json\/wp\/v2\/pages\/474174\/revisions"}],"wp:attachment":[{"href":"https:\/\/parasolnetworks.com\/fr\/wp-json\/wp\/v2\/media?parent=474174"}],"curies":[{"name":"wp","href":"https:\/\/api.w.org\/{rel}","templated":true}]}}