{"id":30402,"date":"2017-01-10T10:43:31","date_gmt":"2017-01-10T09:43:31","guid":{"rendered":"http:\/\/nuevaweb.parasolnetworks.com\/?page_id=30402\/"},"modified":"2023-09-22T11:59:58","modified_gmt":"2023-09-22T09:59:58","slug":"contact","status":"publish","type":"page","link":"https:\/\/parasolnetworks.com\/fr\/contact\/","title":{"rendered":"Contact"},"content":{"rendered":"<div class=\"wpb-content-wrapper\"><p>[vc_row full_width=&#8221;stretch_row&#8221; el_class=&#8221;contact-form&#8221; css=&#8221;.vc_custom_1689761850882{background-color: #ffffff !important;}&#8221;][vc_column width=&#8221;1\/3&#8243;][vc_column_text]<\/p>\n<p style=\"font-size: 2rem; color: #000000; margin-bottom: 0;\">Avec nous&#8230;<\/p>\n<h2>Les r\u00e9ussites individuelles sont aussi des r\u00e9ussites collectives<\/h2>\n<p style=\"font-size: 2rem; color: #009fb4;\">Contacter maintenant!<\/p>\n<p>[\/vc_column_text][\/vc_column][vc_column width=&#8221;2\/3&#8243;]\n<div class=\"wpcf7 no-js\" id=\"wpcf7-f73083-o1\" lang=\"es-ES\" dir=\"ltr\" data-wpcf7-id=\"73083\">\n<div class=\"screen-reader-response\"><p role=\"status\" aria-live=\"polite\" aria-atomic=\"true\"><\/p> <ul><\/ul><\/div>\n<form action=\"\/fr\/wp-json\/wp\/v2\/pages\/30402#wpcf7-f73083-o1\" method=\"post\" class=\"wpcf7-form init\" aria-label=\"Formulario de contacto\" novalidate=\"novalidate\" data-status=\"init\">\n<fieldset class=\"hidden-fields-container\"><input type=\"hidden\" name=\"_wpcf7\" value=\"73083\" \/><input type=\"hidden\" name=\"_wpcf7_version\" value=\"6.1.5\" \/><input type=\"hidden\" name=\"_wpcf7_locale\" value=\"es_ES\" \/><input type=\"hidden\" name=\"_wpcf7_unit_tag\" value=\"wpcf7-f73083-o1\" \/><input type=\"hidden\" name=\"_wpcf7_container_post\" value=\"0\" \/><input type=\"hidden\" name=\"_wpcf7_posted_data_hash\" value=\"\" \/><input type=\"hidden\" name=\"_wpcf7_recaptcha_response\" value=\"\" \/>\n<\/fieldset>\n<p><label><span style=\"color: #009fb4; font-weight: 900;\">Nom*<\/span><br \/>\n<span class=\"wpcf7-form-control-wrap\" data-name=\"your-name\"><input size=\"40\" maxlength=\"400\" class=\"wpcf7-form-control wpcf7-text wpcf7-validates-as-required\" aria-required=\"true\" aria-invalid=\"false\" placeholder=\"Votre nom et pr\u00e9nom...\" value=\"\" type=\"text\" name=\"your-name\" \/><\/span> <\/label>\n<\/p>\n<p><label><span style=\"color: #009fb4; font-weight: 900;\">Mail *<\/span><br \/>\n<span class=\"wpcf7-form-control-wrap\" data-name=\"your-email\"><input size=\"40\" maxlength=\"400\" class=\"wpcf7-form-control wpcf7-email wpcf7-validates-as-required wpcf7-text wpcf7-validates-as-email\" aria-required=\"true\" aria-invalid=\"false\" placeholder=\"Votre e-mail...\" value=\"\" type=\"email\" name=\"your-email\" \/><\/span> <\/label>\n<\/p>\n<p><label><span style=\"color: #009fb4; font-weight: 900;\">Num\u00e9ro de t\u00e9l\u00e9phone<\/span><br \/>\n<span class=\"wpcf7-form-control-wrap\" data-name=\"your-phone\"><input size=\"40\" maxlength=\"400\" class=\"wpcf7-form-control wpcf7-tel wpcf7-text wpcf7-validates-as-tel\" aria-invalid=\"false\" placeholder=\"Ton num\u00e9ro de t\u00e9l\u00e9phone...\" value=\"\" type=\"tel\" name=\"your-phone\" \/><\/span> <\/label>\n<\/p>\n<p><label><span style=\"color: #009fb4; font-weight: 900;\">Message*<\/span><br \/>\n<span class=\"wpcf7-form-control-wrap\" data-name=\"your-message\"><textarea cols=\"40\" rows=\"10\" maxlength=\"2000\" class=\"wpcf7-form-control wpcf7-textarea wpcf7-validates-as-required\" aria-required=\"true\" aria-invalid=\"false\" placeholder=\"Ton message...\" name=\"your-message\"><\/textarea><\/span> <\/label>\n<\/p>\n<p style=\"text-size;6px; color:#8f8f8f\">Nous vous informons que vos donn\u00e9es seront int\u00e9gr\u00e9es dans un fichier enregistr\u00e9 \u00e0 l'AGPD et que vous avez la possibilit\u00e9 d'exercer le droit d'information, de suppression, de limitation et de portabilit\u00e9.\n<\/p>\n<p><label style=\"display: flex; gap: 10px\"><br \/>\n<input type=\"checkbox\" name=\"clausula\" required \/><br \/>\nJ'ai lu et j'accepte la<br \/>\n<a href=\"https:\/\/parasolnetworks.com\/politica-de-privacidad\" target=\"_blank\">Politique de protection de la vie priv\u00e9e<\/a><br \/>\n<\/label>\n<\/p>\n<p><label style=\"display: flex; flex-direction: row-reverse\"><br \/>\n<input class=\"wpcf7-form-control wpcf7-submit has-spinner\" type=\"submit\" value=\"Envoyer\" \/> <\/label>\n<\/p><div class=\"wpcf7-response-output\" aria-hidden=\"true\"><\/div>\n<\/form>\n<\/div>\n[\/vc_column][\/vc_row][vc_row el_class=&#8221;boxed-row&#8221; css=&#8221;.vc_custom_1690193842321{margin-top: 20px !important;}&#8221;][vc_column width=&#8221;1\/2&#8243; css=&#8221;.vc_custom_1690193624216{padding-top: 0px !important;}&#8221;][vc_column_text css=&#8221;.vc_custom_1695374164530{margin-bottom: 0px !important;}&#8221;]<strong style=\"color: #009fb4;\">Notre planning<\/strong>[\/vc_column_text][\/vc_column][vc_column width=&#8221;1\/2&#8243; css=&#8221;.vc_custom_1690193633279{padding-top: 0px !important;}&#8221;][vc_column_text css=&#8221;.vc_custom_1695374177787{margin-bottom: 0px !important;}&#8221;]<strong>Du lundi au vendredi:<\/strong> 9:00 &#8211; 14:00 \/ 15:30 &#8211; 20:00[\/vc_column_text][\/vc_column][\/vc_row][vc_row el_class=&#8221;boxed-row&#8221;][vc_column][vc_column_text]<strong style=\"color: #009fb4;\">O\u00f9 pouvez-vous nous trouver<\/strong>[\/vc_column_text][vc_row_inner content_placement=&#8221;middle&#8221;][vc_column_inner width=&#8221;2\/4&#8243;][vc_column_text]Carrer Constituci\u00f3, 2<br \/>\nOliva, 46780 (Valenci\u00e0)[\/vc_column_text][\/vc_column_inner][vc_column_inner width=&#8221;1\/4&#8243;][vc_column_text]<img decoding=\"async\" class=\"alignnone wp-image-460019\" src=\"https:\/\/parasolnetworks.com\/wp-content\/uploads\/icono_telefono_naranja.png\" alt=\"telefono\" width=\"28\" height=\"28\" \/> +34 962 85 47 29[\/vc_column_text][\/vc_column_inner][vc_column_inner width=&#8221;1\/4&#8243;][vc_column_text]<img decoding=\"async\" class=\"alignnone size-full wp-image-460018\" src=\"https:\/\/parasolnetworks.com\/wp-content\/uploads\/icono_correo_naranja.png\" alt=\"correo\" width=\"35\" height=\"22\" \/> info@parasolnetworks.com[\/vc_column_text][\/vc_column_inner][\/vc_row_inner][vc_gmaps link=&#8221;#E-8_JTNDaWZyYW1lJTIwc3JjJTNEJTIyaHR0cHMlM0ElMkYlMkZ3d3cuZ29vZ2xlLmNvbSUyRm1hcHMlMkZlbWJlZCUzRnBiJTNEJTIxMW0xOCUyMTFtMTIlMjExbTMlMjExZDMxMDQuMTY5OTk0NTEwNzQ3NSUyMTJkLTAuMTIxMzcyMjIzMTcwNzIxNjUlMjEzZDM4LjkyMDA5MTg0NTM2MzI0NSUyMTJtMyUyMTFmMCUyMTJmMCUyMTNmMCUyMTNtMiUyMTFpMTAyNCUyMTJpNzY4JTIxNGYxMy4xJTIxM20zJTIxMW0yJTIxMXMweGQ2MWU2NjY4MTI5ODhhZiUyNTNBMHg0MDFlZjI4ZDU3Y2M1NmFhJTIxMnNQYXJhc29sJTI1MjBOZXR3b3JrcyUyMTVlMCUyMTNtMiUyMTFzZXMlMjEyc2VzJTIxNHYxNjkwMTkzMDg3NjY5JTIxNW0yJTIxMXNlcyUyMTJzZXMlMjIlMjB3aWR0aCUzRCUyMjYwMCUyMiUyMGhlaWdodCUzRCUyMjQ1MCUyMiUyMHN0eWxlJTNEJTIyYm9yZGVyJTNBMCUzQiUyMiUyMGFsbG93ZnVsbHNjcmVlbiUzRCUyMiUyMiUyMGxvYWRpbmclM0QlMjJsYXp5JTIyJTIwcmVmZXJyZXJwb2xpY3klM0QlMjJuby1yZWZlcnJlci13aGVuLWRvd25ncmFkZSUyMiUzRSUzQyUyRmlmcmFtZSUzRQ==&#8221; css=&#8221;.vc_custom_1690193426089{margin-bottom: 0px !important;}&#8221;][\/vc_column][\/vc_row]<\/p>\n<\/div>","protected":false},"excerpt":{"rendered":"<p>[vc_row full_width=&#8221;stretch_row&#8221; el_class=&#8221;contact-form&#8221; css=&#8221;.vc_custom_1689761850882{background-color: #ffffff !important;}&#8221;][vc_column width=&#8221;1\/3&#8243;][vc_column_text] Avec nous&#8230; Les r\u00e9ussites individuelles sont aussi des r\u00e9ussites collectives Contacter maintenant! [\/vc_column_text][\/vc_column][vc_column width=&#8221;2\/3&#8243;][\/vc_column][\/vc_row][vc_row el_class=&#8221;boxed-row&#8221; css=&#8221;.vc_custom_1690193842321{margin-top: 20px !important;}&#8221;][vc_column width=&#8221;1\/2&#8243; css=&#8221;.vc_custom_1690193624216{padding-top: 0px !important;}&#8221;][vc_column_text css=&#8221;.vc_custom_1695374164530{margin-bottom: 0px !important;}&#8221;]Notre planning[\/vc_column_text][\/vc_column][vc_column width=&#8221;1\/2&#8243; css=&#8221;.vc_custom_1690193633279{padding-top: 0px !important;}&#8221;][vc_column_text css=&#8221;.vc_custom_1695374177787{margin-bottom: 0px !important;}&#8221;]Du lundi au vendredi: 9:00 &#8211; 14:00 \/ 15:30 &#8211; 20:00[\/vc_column_text][\/vc_column][\/vc_row][vc_row el_class=&#8221;boxed-row&#8221;][vc_column][vc_column_text]O\u00f9 pouvez-vous nous trouver[\/vc_column_text][vc_row_inner content_placement=&#8221;middle&#8221;][vc_column_inner&#8230;<\/p>\n","protected":false},"author":2,"featured_media":0,"parent":0,"menu_order":0,"comment_status":"closed","ping_status":"closed","template":"templates\/contact.php","meta":{"_joinchat":[],"footnotes":""},"class_list":["post-30402","page","type-page","status-publish","hentry"],"yoast_head":"<!-- This site is optimized with the Yoast SEO plugin v27.3 - https:\/\/yoast.com\/product\/yoast-seo-wordpress\/ -->\n<title>Contact - Parasol Networks<\/title>\n<meta name=\"robots\" content=\"index, follow, max-snippet:-1, max-image-preview:large, max-video-preview:-1\" \/>\n<link rel=\"canonical\" href=\"https:\/\/parasolnetworks.com\/fr\/contact\/\" \/>\n<meta property=\"og:locale\" content=\"fr_FR\" \/>\n<meta property=\"og:type\" content=\"article\" \/>\n<meta property=\"og:title\" content=\"Contact - Parasol Networks\" \/>\n<meta property=\"og:description\" content=\"[vc_row full_width=&#8221;stretch_row&#8221; el_class=&#8221;contact-form&#8221; css=&#8221;.vc_custom_1689761850882{background-color: #ffffff !important;}&#8221;][vc_column width=&#8221;1\/3&#8243;][vc_column_text] Avec nous&#8230; Les r\u00e9ussites individuelles sont aussi des r\u00e9ussites collectives Contacter maintenant! [\/vc_column_text][\/vc_column][vc_column width=&#8221;2\/3&#8243;][\/vc_column][\/vc_row][vc_row el_class=&#8221;boxed-row&#8221; css=&#8221;.vc_custom_1690193842321{margin-top: 20px !important;}&#8221;][vc_column width=&#8221;1\/2&#8243; css=&#8221;.vc_custom_1690193624216{padding-top: 0px !important;}&#8221;][vc_column_text css=&#8221;.vc_custom_1695374164530{margin-bottom: 0px !important;}&#8221;]Notre planning[\/vc_column_text][\/vc_column][vc_column width=&#8221;1\/2&#8243; css=&#8221;.vc_custom_1690193633279{padding-top: 0px !important;}&#8221;][vc_column_text css=&#8221;.vc_custom_1695374177787{margin-bottom: 0px !important;}&#8221;]Du lundi au vendredi: 9:00 &#8211; 14:00 \/ 15:30 &#8211; 20:00[\/vc_column_text][\/vc_column][\/vc_row][vc_row el_class=&#8221;boxed-row&#8221;][vc_column][vc_column_text]O\u00f9 pouvez-vous nous trouver[\/vc_column_text][vc_row_inner content_placement=&#8221;middle&#8221;][vc_column_inner...\" \/>\n<meta property=\"og:url\" content=\"https:\/\/parasolnetworks.com\/fr\/contact\/\" \/>\n<meta property=\"og:site_name\" content=\"Parasol Networks\" \/>\n<meta property=\"article:modified_time\" content=\"2023-09-22T09:59:58+00:00\" \/>\n<meta property=\"og:image\" content=\"https:\/\/parasolnetworks.com\/wp-content\/uploads\/icono_telefono_naranja.png\" \/>\n<meta name=\"twitter:card\" content=\"summary_large_image\" \/>\n<meta name=\"twitter:label1\" content=\"Dur\u00e9e de lecture estim\u00e9e\" \/>\n\t<meta name=\"twitter:data1\" content=\"1 minute\" \/>\n<script type=\"application\/ld+json\" class=\"yoast-schema-graph\">{\"@context\":\"https:\\\/\\\/schema.org\",\"@graph\":[{\"@type\":\"WebPage\",\"@id\":\"https:\\\/\\\/parasolnetworks.com\\\/fr\\\/contact\\\/\",\"url\":\"https:\\\/\\\/parasolnetworks.com\\\/fr\\\/contact\\\/\",\"name\":\"Contact - Parasol Networks\",\"isPartOf\":{\"@id\":\"https:\\\/\\\/parasolnetworks.com\\\/en\\\/#website\"},\"primaryImageOfPage\":{\"@id\":\"https:\\\/\\\/parasolnetworks.com\\\/fr\\\/contact\\\/#primaryimage\"},\"image\":{\"@id\":\"https:\\\/\\\/parasolnetworks.com\\\/fr\\\/contact\\\/#primaryimage\"},\"thumbnailUrl\":\"https:\\\/\\\/parasolnetworks.com\\\/wp-content\\\/uploads\\\/icono_telefono_naranja.png\",\"datePublished\":\"2017-01-10T09:43:31+00:00\",\"dateModified\":\"2023-09-22T09:59:58+00:00\",\"breadcrumb\":{\"@id\":\"https:\\\/\\\/parasolnetworks.com\\\/fr\\\/contact\\\/#breadcrumb\"},\"inLanguage\":\"fr-FR\",\"potentialAction\":[{\"@type\":\"ReadAction\",\"target\":[\"https:\\\/\\\/parasolnetworks.com\\\/fr\\\/contact\\\/\"]}]},{\"@type\":\"ImageObject\",\"inLanguage\":\"fr-FR\",\"@id\":\"https:\\\/\\\/parasolnetworks.com\\\/fr\\\/contact\\\/#primaryimage\",\"url\":\"https:\\\/\\\/parasolnetworks.com\\\/wp-content\\\/uploads\\\/icono_telefono_naranja.png\",\"contentUrl\":\"https:\\\/\\\/parasolnetworks.com\\\/wp-content\\\/uploads\\\/icono_telefono_naranja.png\"},{\"@type\":\"BreadcrumbList\",\"@id\":\"https:\\\/\\\/parasolnetworks.com\\\/fr\\\/contact\\\/#breadcrumb\",\"itemListElement\":[{\"@type\":\"ListItem\",\"position\":1,\"name\":\"Portada\",\"item\":\"https:\\\/\\\/parasolnetworks.com\\\/fr\\\/\"},{\"@type\":\"ListItem\",\"position\":2,\"name\":\"Contact\"}]},{\"@type\":\"WebSite\",\"@id\":\"https:\\\/\\\/parasolnetworks.com\\\/en\\\/#website\",\"url\":\"https:\\\/\\\/parasolnetworks.com\\\/en\\\/\",\"name\":\"Parasol Networks\",\"description\":\"inmobiliaria\",\"publisher\":{\"@id\":\"https:\\\/\\\/parasolnetworks.com\\\/en\\\/#organization\"},\"potentialAction\":[{\"@type\":\"SearchAction\",\"target\":{\"@type\":\"EntryPoint\",\"urlTemplate\":\"https:\\\/\\\/parasolnetworks.com\\\/en\\\/?s={search_term_string}\"},\"query-input\":{\"@type\":\"PropertyValueSpecification\",\"valueRequired\":true,\"valueName\":\"search_term_string\"}}],\"inLanguage\":\"fr-FR\"},{\"@type\":\"Organization\",\"@id\":\"https:\\\/\\\/parasolnetworks.com\\\/en\\\/#organization\",\"name\":\"Parasol Networks\",\"url\":\"https:\\\/\\\/parasolnetworks.com\\\/en\\\/\",\"logo\":{\"@type\":\"ImageObject\",\"inLanguage\":\"fr-FR\",\"@id\":\"https:\\\/\\\/parasolnetworks.com\\\/en\\\/#\\\/schema\\\/logo\\\/image\\\/\",\"url\":\"https:\\\/\\\/parasolnetworks.com\\\/wp-content\\\/uploads\\\/Logo.png\",\"contentUrl\":\"https:\\\/\\\/parasolnetworks.com\\\/wp-content\\\/uploads\\\/Logo.png\",\"width\":2560,\"height\":570,\"caption\":\"Parasol Networks\"},\"image\":{\"@id\":\"https:\\\/\\\/parasolnetworks.com\\\/en\\\/#\\\/schema\\\/logo\\\/image\\\/\"}}]}<\/script>\n<!-- \/ Yoast SEO plugin. -->","yoast_head_json":{"title":"Contact - Parasol Networks","robots":{"index":"index","follow":"follow","max-snippet":"max-snippet:-1","max-image-preview":"max-image-preview:large","max-video-preview":"max-video-preview:-1"},"canonical":"https:\/\/parasolnetworks.com\/fr\/contact\/","og_locale":"fr_FR","og_type":"article","og_title":"Contact - Parasol Networks","og_description":"[vc_row full_width=&#8221;stretch_row&#8221; el_class=&#8221;contact-form&#8221; css=&#8221;.vc_custom_1689761850882{background-color: #ffffff !important;}&#8221;][vc_column width=&#8221;1\/3&#8243;][vc_column_text] Avec nous&#8230; Les r\u00e9ussites individuelles sont aussi des r\u00e9ussites collectives Contacter maintenant! [\/vc_column_text][\/vc_column][vc_column width=&#8221;2\/3&#8243;][\/vc_column][\/vc_row][vc_row el_class=&#8221;boxed-row&#8221; css=&#8221;.vc_custom_1690193842321{margin-top: 20px !important;}&#8221;][vc_column width=&#8221;1\/2&#8243; css=&#8221;.vc_custom_1690193624216{padding-top: 0px !important;}&#8221;][vc_column_text css=&#8221;.vc_custom_1695374164530{margin-bottom: 0px !important;}&#8221;]Notre planning[\/vc_column_text][\/vc_column][vc_column width=&#8221;1\/2&#8243; css=&#8221;.vc_custom_1690193633279{padding-top: 0px !important;}&#8221;][vc_column_text css=&#8221;.vc_custom_1695374177787{margin-bottom: 0px !important;}&#8221;]Du lundi au vendredi: 9:00 &#8211; 14:00 \/ 15:30 &#8211; 20:00[\/vc_column_text][\/vc_column][\/vc_row][vc_row el_class=&#8221;boxed-row&#8221;][vc_column][vc_column_text]O\u00f9 pouvez-vous nous trouver[\/vc_column_text][vc_row_inner content_placement=&#8221;middle&#8221;][vc_column_inner...","og_url":"https:\/\/parasolnetworks.com\/fr\/contact\/","og_site_name":"Parasol Networks","article_modified_time":"2023-09-22T09:59:58+00:00","og_image":[{"url":"https:\/\/parasolnetworks.com\/wp-content\/uploads\/icono_telefono_naranja.png","type":"","width":"","height":""}],"twitter_card":"summary_large_image","twitter_misc":{"Dur\u00e9e de lecture estim\u00e9e":"1 minute"},"schema":{"@context":"https:\/\/schema.org","@graph":[{"@type":"WebPage","@id":"https:\/\/parasolnetworks.com\/fr\/contact\/","url":"https:\/\/parasolnetworks.com\/fr\/contact\/","name":"Contact - Parasol Networks","isPartOf":{"@id":"https:\/\/parasolnetworks.com\/en\/#website"},"primaryImageOfPage":{"@id":"https:\/\/parasolnetworks.com\/fr\/contact\/#primaryimage"},"image":{"@id":"https:\/\/parasolnetworks.com\/fr\/contact\/#primaryimage"},"thumbnailUrl":"https:\/\/parasolnetworks.com\/wp-content\/uploads\/icono_telefono_naranja.png","datePublished":"2017-01-10T09:43:31+00:00","dateModified":"2023-09-22T09:59:58+00:00","breadcrumb":{"@id":"https:\/\/parasolnetworks.com\/fr\/contact\/#breadcrumb"},"inLanguage":"fr-FR","potentialAction":[{"@type":"ReadAction","target":["https:\/\/parasolnetworks.com\/fr\/contact\/"]}]},{"@type":"ImageObject","inLanguage":"fr-FR","@id":"https:\/\/parasolnetworks.com\/fr\/contact\/#primaryimage","url":"https:\/\/parasolnetworks.com\/wp-content\/uploads\/icono_telefono_naranja.png","contentUrl":"https:\/\/parasolnetworks.com\/wp-content\/uploads\/icono_telefono_naranja.png"},{"@type":"BreadcrumbList","@id":"https:\/\/parasolnetworks.com\/fr\/contact\/#breadcrumb","itemListElement":[{"@type":"ListItem","position":1,"name":"Portada","item":"https:\/\/parasolnetworks.com\/fr\/"},{"@type":"ListItem","position":2,"name":"Contact"}]},{"@type":"WebSite","@id":"https:\/\/parasolnetworks.com\/en\/#website","url":"https:\/\/parasolnetworks.com\/en\/","name":"Parasol Networks","description":"inmobiliaria","publisher":{"@id":"https:\/\/parasolnetworks.com\/en\/#organization"},"potentialAction":[{"@type":"SearchAction","target":{"@type":"EntryPoint","urlTemplate":"https:\/\/parasolnetworks.com\/en\/?s={search_term_string}"},"query-input":{"@type":"PropertyValueSpecification","valueRequired":true,"valueName":"search_term_string"}}],"inLanguage":"fr-FR"},{"@type":"Organization","@id":"https:\/\/parasolnetworks.com\/en\/#organization","name":"Parasol Networks","url":"https:\/\/parasolnetworks.com\/en\/","logo":{"@type":"ImageObject","inLanguage":"fr-FR","@id":"https:\/\/parasolnetworks.com\/en\/#\/schema\/logo\/image\/","url":"https:\/\/parasolnetworks.com\/wp-content\/uploads\/Logo.png","contentUrl":"https:\/\/parasolnetworks.com\/wp-content\/uploads\/Logo.png","width":2560,"height":570,"caption":"Parasol Networks"},"image":{"@id":"https:\/\/parasolnetworks.com\/en\/#\/schema\/logo\/image\/"}}]}},"_links":{"self":[{"href":"https:\/\/parasolnetworks.com\/fr\/wp-json\/wp\/v2\/pages\/30402","targetHints":{"allow":["GET"]}}],"collection":[{"href":"https:\/\/parasolnetworks.com\/fr\/wp-json\/wp\/v2\/pages"}],"about":[{"href":"https:\/\/parasolnetworks.com\/fr\/wp-json\/wp\/v2\/types\/page"}],"author":[{"embeddable":true,"href":"https:\/\/parasolnetworks.com\/fr\/wp-json\/wp\/v2\/users\/2"}],"replies":[{"embeddable":true,"href":"https:\/\/parasolnetworks.com\/fr\/wp-json\/wp\/v2\/comments?post=30402"}],"version-history":[{"count":0,"href":"https:\/\/parasolnetworks.com\/fr\/wp-json\/wp\/v2\/pages\/30402\/revisions"}],"wp:attachment":[{"href":"https:\/\/parasolnetworks.com\/fr\/wp-json\/wp\/v2\/media?parent=30402"}],"curies":[{"name":"wp","href":"https:\/\/api.w.org\/{rel}","templated":true}]}}