{"id":30398,"date":"2017-01-10T10:40:54","date_gmt":"2017-01-10T09:40:54","guid":{"rendered":"http:\/\/nuevaweb.parasolnetworks.com\/?page_id=30398\/"},"modified":"2023-09-22T11:51:37","modified_gmt":"2023-09-22T09:51:37","slug":"entreprise","status":"publish","type":"page","link":"https:\/\/parasolnetworks.com\/fr\/entreprise\/","title":{"rendered":"Entreprise"},"content":{"rendered":"<div class=\"wpb-content-wrapper\"><p>[vc_row content_placement=&#8221;middle&#8221; css=&#8221;.vc_custom_1689862432143{margin-bottom: 30px !important;}&#8221;][vc_column width=&#8221;1\/3&#8243;][vc_column_text css=&#8221;.vc_custom_1689756572042{margin-bottom: 0px !important;}&#8221;]<span style=\"color: #009fb4; font-size: 1.75rem;\">Parasol Networks<\/span>[\/vc_column_text][vc_column_text]<\/p>\n<h2>Qui sommes nous?<\/h2>\n<p>[\/vc_column_text][vc_column_text]Nous sommes une agence immobili\u00e8re bas\u00e9e \u00e0 Oliva, qui a ouvert ses portes en 2005.<\/p>\n<p>Durant toutes ces ann\u00e9es nous avons su consolider notre m\u00e9thode de vente, rigoureuse, efficace et avec une forte orientation client.<\/p>\n<p><strong>Parasol Networks<\/strong> est compos\u00e9 de professionnels bilingues poss\u00e9dant un haut niveau de qualification et de connaissances en conseil client.[\/vc_column_text][\/vc_column][vc_column width=&#8221;2\/3&#8243;][vc_single_image image=&#8221;474034&#8243; img_size=&#8221;full&#8221;][\/vc_column][\/vc_row][vc_row full_width=&#8221;stretch_row&#8221; el_class=&#8221;color-background blue-background&#8221; css=&#8221;.vc_custom_1689834172056{margin-bottom: 30px !important;background-color: #009fb4 !important;}&#8221;][vc_column width=&#8221;1\/3&#8243;][vc_single_image image=&#8221;474059&#8243; img_size=&#8221;full&#8221; css=&#8221;.vc_custom_1695295144543{border-radius: 10px !important;}&#8221;][\/vc_column][vc_column width=&#8221;1\/3&#8243;][vc_column_text]<\/p>\n<h2 style=\"color: #ffffff;\">Conseils dans le choix des zones<\/h2>\n<p>[\/vc_column_text][vc_column_text]<\/p>\n<p style=\"color: #ffffff;\">Nous vous guiderons dans le choix des zones.<\/p>\n<p style=\"color: #ffffff;\">D\u00e9m\u00e9nager dans une nouvelle ville n\u2019est pas facile et nous saurons que les besoins des familles avec enfants sont diff\u00e9rents de ceux des couples. Conna\u00eetre en profondeur les services et l&#8217;environnement de chaque quartier est essentiel pour faciliter la vie au quotidien.<\/p>\n<p>[\/vc_column_text][\/vc_column][vc_column width=&#8221;1\/3&#8243;][vc_column_text]<\/p>\n<h2 style=\"color: #ffffff;\">Suivi des premiers jours<\/h2>\n<p>[\/vc_column_text][vc_column_text]<\/p>\n<p style=\"color: #ffffff;\">Une fois install\u00e9s dans votre nouveau logement, nous restons en contact avec le client pour r\u00e9soudre tout incident pouvant survenir lors des premiers jours dans votre nouveau logement.<\/p>\n<p>[\/vc_column_text][\/vc_column][\/vc_row][vc_row content_placement=&#8221;middle&#8221; css=&#8221;.vc_custom_1690188418117{margin-bottom: 30px !important;}&#8221;][vc_column width=&#8221;1\/3&#8243;][vc_column_text]<\/p>\n<h2>Vous cherchez une maison?<\/h2>\n<p>[\/vc_column_text][vc_column_text]Notre site Web est mis \u00e0 jour quotidiennement. Vous trouverez ici une description d\u00e9taill\u00e9e des maisons \u00e0 acheter dans la Communaut\u00e9 Valencienne et la province d&#8217;Alicante.<\/p>\n<p>Regardez-le calmement, s\u00e9lectionnez ce qui vous int\u00e9resse le plus, puis appelez-nous et envoyez-nous un e-mail pour demander plus d&#8217;informations ou organiser la premi\u00e8re visite.[\/vc_column_text][\/vc_column][vc_column width=&#8221;2\/3&#8243;][vc_single_image image=&#8221;474064&#8243; img_size=&#8221;full&#8221; css=&#8221;.vc_custom_1695295155913{border-radius: 10px !important;}&#8221;][\/vc_column][\/vc_row][vc_row][vc_column][vc_column_text]<\/p>\n<h2 style=\"text-align: center;\">Vous souhaitez vendre votre propri\u00e9t\u00e9?<\/h2>\n<p>[\/vc_column_text][vc_row_inner el_class=&#8221;columns-with-shadow has-min-height-300&#8243; css=&#8221;.vc_custom_1689834228323{margin-top: 30px !important;margin-bottom: 30px !important;}&#8221;][vc_column_inner width=&#8221;1\/3&#8243;][vc_column_text]<\/p>\n<p style=\"text-align: center; margin: 0; font-size: 2.5rem; color: #eaa911;\">1<\/p>\n<h3 style=\"text-align: center; margin: 5px 0;\">Estimation gratuite<\/h3>\n<p style=\"text-align: center; margin: 0;\">Nous effectuons une estimation gratuite de votre maison <strong>\u00e0 des prix r\u00e9els<\/strong>, sans cr\u00e9er de fausses attentes.<\/p>\n<p>[\/vc_column_text][\/vc_column_inner][vc_column_inner width=&#8221;1\/3&#8243;][vc_column_text]<\/p>\n<p style=\"text-align: center; margin: 0; font-size: 2.5rem; color: #eaa911;\">2<\/p>\n<h3 style=\"text-align: center; margin: 5px 0;\">Nous investissons dans la publicit\u00e9<\/h3>\n<p style=\"text-align: center; margin: 0;\">Votre maison est annonc\u00e9e dans les m\u00e9dias importants. Portails Internet nationaux et \u00e9trangers. Bien entendu, nous annon\u00e7ons \u00e9galement votre propri\u00e9t\u00e9 sur notre site Internet.<\/p>\n<p>[\/vc_column_text][\/vc_column_inner][vc_column_inner width=&#8221;1\/3&#8243;][vc_column_text]<\/p>\n<p style=\"text-align: center; margin: 0; font-size: 2.5rem; color: #eaa911;\">3<\/p>\n<h3 style=\"text-align: center; margin: 5px 0;\">M\u00e1xima eficacia<\/h3>\n<p style=\"text-align: center; margin: 0;\">Cuando sabemos exactamente lo que busca el comprador (\u00e1reas deseadas, tipolog\u00eda de vivienda&#8230;) y si estamos bastante seguros de que los criterios de b\u00fasqueda concuerdan con su propiedad entonces concertamos la visita.<\/p>\n<p>[\/vc_column_text][\/vc_column_inner][\/vc_row_inner][\/vc_column][\/vc_row][vc_row full_width=&#8221;stretch_row&#8221; content_placement=&#8221;middle&#8221; el_class=&#8221;color-background orange-background&#8221; css=&#8221;.vc_custom_1690188431883{background-color: #eaa911 !important;}&#8221;][vc_column width=&#8221;1\/3&#8243;][vc_single_image image=&#8221;474069&#8243; img_size=&#8221;full&#8221; css=&#8221;.vc_custom_1695295167888{border-radius: 10px !important;}&#8221;][\/vc_column][vc_column width=&#8221;1\/3&#8243;][vc_column_text]<\/p>\n<h2 style=\"color: #ffffff;\">Comment pouvons-nous vous aider dans le processus ?<\/h2>\n<p>[\/vc_column_text][vc_column_text]<\/p>\n<p style=\"color: #ffffff;\">Que vous souhaitiez acheter ou vendre un bien, un membre de notre \u00e9quipe vous accompagnera et vous conseillera sur les contrats et l&#8217;acte public de vente.<\/p>\n<p style=\"color: #ffffff;\">Bref, nous sommes l\u00e0 pour vous aider. Nous travaillons en \u00e9quipe et le sentiment d&#8217;appartenance \u00e0 un groupe compact nous fait sentir que les r\u00e9ussites individuelles sont aussi des r\u00e9ussites collectives.<\/p>\n<p>[\/vc_column_text][\/vc_column][vc_column width=&#8221;1\/3&#8243;][vc_column_text]<\/p>\n<h2 style=\"color: #ffffff;\">La gravit\u00e9<\/h2>\n<p>[\/vc_column_text][vc_column_text]<\/p>\n<p style=\"color: #ffffff;\">Nous travaillons avec une \u00e9thique professionnelle, nous sommes guid\u00e9s par la transparence et un traitement personnalis\u00e9, en d\u00e9fendant \u00e0 la fois les droits du client et du propri\u00e9taire.<\/p>\n<p>[\/vc_column_text][vc_column_text]<\/p>\n<h2 style=\"color: #ffffff;\">Empathie<\/h2>\n<p>[\/vc_column_text][vc_column_text]<\/p>\n<p style=\"color: #ffffff;\">Chaque client est diff\u00e9rent et toutes les maisons ne correspondent pas \u00e0 leur propre style de vie. Chez <strong>Real Estate Parasol Networks<\/strong>, nous comprenons les demandes de nos clients et proposons uniquement des maisons qui r\u00e9pondent \u00e0 ces besoins individuels.<\/p>\n<p>[\/vc_column_text][\/vc_column][\/vc_row][vc_row full_width=&#8221;stretch_row&#8221; el_class=&#8221;contact-form&#8221; css=&#8221;.vc_custom_1689761850882{background-color: #ffffff !important;}&#8221;][vc_column width=&#8221;1\/3&#8243;][vc_column_text]<\/p>\n<p style=\"font-size: 2rem; color: #000000; margin-bottom: 0;\">Avec nous&#8230;<\/p>\n<h2>Les r\u00e9ussites individuelles sont aussi des r\u00e9ussites collectives<\/h2>\n<p style=\"font-size: 2rem; color: #009fb4;\">Contacter maintenant!<\/p>\n<p>[\/vc_column_text][\/vc_column][vc_column width=&#8221;2\/3&#8243;]\n<div class=\"wpcf7 no-js\" id=\"wpcf7-f73083-o1\" lang=\"es-ES\" dir=\"ltr\" data-wpcf7-id=\"73083\">\n<div class=\"screen-reader-response\"><p role=\"status\" aria-live=\"polite\" aria-atomic=\"true\"><\/p> <ul><\/ul><\/div>\n<form action=\"\/fr\/wp-json\/wp\/v2\/pages\/30398#wpcf7-f73083-o1\" method=\"post\" class=\"wpcf7-form init\" aria-label=\"Formulario de contacto\" novalidate=\"novalidate\" data-status=\"init\">\n<fieldset class=\"hidden-fields-container\"><input type=\"hidden\" name=\"_wpcf7\" value=\"73083\" \/><input type=\"hidden\" name=\"_wpcf7_version\" value=\"6.1.5\" \/><input type=\"hidden\" name=\"_wpcf7_locale\" value=\"es_ES\" \/><input type=\"hidden\" name=\"_wpcf7_unit_tag\" value=\"wpcf7-f73083-o1\" \/><input type=\"hidden\" name=\"_wpcf7_container_post\" value=\"0\" \/><input type=\"hidden\" name=\"_wpcf7_posted_data_hash\" value=\"\" \/><input type=\"hidden\" name=\"_wpcf7_recaptcha_response\" value=\"\" \/>\n<\/fieldset>\n<p><label><span style=\"color: #009fb4; font-weight: 900;\">Nom*<\/span><br \/>\n<span class=\"wpcf7-form-control-wrap\" data-name=\"your-name\"><input size=\"40\" maxlength=\"400\" class=\"wpcf7-form-control wpcf7-text wpcf7-validates-as-required\" aria-required=\"true\" aria-invalid=\"false\" placeholder=\"Votre nom et pr\u00e9nom...\" value=\"\" type=\"text\" name=\"your-name\" \/><\/span> <\/label>\n<\/p>\n<p><label><span style=\"color: #009fb4; font-weight: 900;\">Mail *<\/span><br \/>\n<span class=\"wpcf7-form-control-wrap\" data-name=\"your-email\"><input size=\"40\" maxlength=\"400\" class=\"wpcf7-form-control wpcf7-email wpcf7-validates-as-required wpcf7-text wpcf7-validates-as-email\" aria-required=\"true\" aria-invalid=\"false\" placeholder=\"Votre e-mail...\" value=\"\" type=\"email\" name=\"your-email\" \/><\/span> <\/label>\n<\/p>\n<p><label><span style=\"color: #009fb4; font-weight: 900;\">Num\u00e9ro de t\u00e9l\u00e9phone<\/span><br \/>\n<span class=\"wpcf7-form-control-wrap\" data-name=\"your-phone\"><input size=\"40\" maxlength=\"400\" class=\"wpcf7-form-control wpcf7-tel wpcf7-text wpcf7-validates-as-tel\" aria-invalid=\"false\" placeholder=\"Ton num\u00e9ro de t\u00e9l\u00e9phone...\" value=\"\" type=\"tel\" name=\"your-phone\" \/><\/span> <\/label>\n<\/p>\n<p><label><span style=\"color: #009fb4; font-weight: 900;\">Message*<\/span><br \/>\n<span class=\"wpcf7-form-control-wrap\" data-name=\"your-message\"><textarea cols=\"40\" rows=\"10\" maxlength=\"2000\" class=\"wpcf7-form-control wpcf7-textarea wpcf7-validates-as-required\" aria-required=\"true\" aria-invalid=\"false\" placeholder=\"Ton message...\" name=\"your-message\"><\/textarea><\/span> <\/label>\n<\/p>\n<p style=\"text-size;6px; color:#8f8f8f\">Nous vous informons que vos donn\u00e9es seront int\u00e9gr\u00e9es dans un fichier enregistr\u00e9 \u00e0 l'AGPD et que vous avez la possibilit\u00e9 d'exercer le droit d'information, de suppression, de limitation et de portabilit\u00e9.\n<\/p>\n<p><label style=\"display: flex; gap: 10px\"><br \/>\n<input type=\"checkbox\" name=\"clausula\" required \/><br \/>\nJ'ai lu et j'accepte la<br \/>\n<a href=\"https:\/\/parasolnetworks.com\/politica-de-privacidad\" target=\"_blank\">Politique de protection de la vie priv\u00e9e<\/a><br \/>\n<\/label>\n<\/p>\n<p><label style=\"display: flex; flex-direction: row-reverse\"><br \/>\n<input class=\"wpcf7-form-control wpcf7-submit has-spinner\" type=\"submit\" value=\"Envoyer\" \/> <\/label>\n<\/p><div class=\"wpcf7-response-output\" aria-hidden=\"true\"><\/div>\n<\/form>\n<\/div>\n[\/vc_column][\/vc_row]<\/p>\n<\/div>","protected":false},"excerpt":{"rendered":"<p>[vc_row content_placement=&#8221;middle&#8221; css=&#8221;.vc_custom_1689862432143{margin-bottom: 30px !important;}&#8221;][vc_column width=&#8221;1\/3&#8243;][vc_column_text css=&#8221;.vc_custom_1689756572042{margin-bottom: 0px !important;}&#8221;]Parasol Networks[\/vc_column_text][vc_column_text] Qui sommes nous? [\/vc_column_text][vc_column_text]Nous sommes une agence immobili\u00e8re bas\u00e9e \u00e0 Oliva, qui a ouvert ses portes en 2005. Durant toutes ces ann\u00e9es nous avons su consolider notre m\u00e9thode de vente, rigoureuse, efficace et avec une forte orientation client. Parasol Networks est compos\u00e9 de professionnels bilingues&#8230;<\/p>\n","protected":false},"author":2,"featured_media":0,"parent":0,"menu_order":0,"comment_status":"closed","ping_status":"closed","template":"templates\/full-width.php","meta":{"_joinchat":[],"footnotes":""},"class_list":["post-30398","page","type-page","status-publish","hentry"],"yoast_head":"<!-- This site is optimized with the Yoast SEO plugin v27.3 - https:\/\/yoast.com\/product\/yoast-seo-wordpress\/ -->\n<title>Entreprise - Parasol Networks<\/title>\n<meta name=\"description\" content=\"Vous trouverez ici une description d\u00e9taill\u00e9e des maisons \u00e0 acheter dans la communaut\u00e9 valencienne des provinces d&#039;Alicante et de Valence.\" \/>\n<meta name=\"robots\" content=\"index, follow, max-snippet:-1, max-image-preview:large, max-video-preview:-1\" \/>\n<link rel=\"canonical\" href=\"https:\/\/parasolnetworks.com\/fr\/entreprise\/\" \/>\n<meta property=\"og:locale\" content=\"fr_FR\" \/>\n<meta property=\"og:type\" content=\"article\" \/>\n<meta property=\"og:title\" content=\"Entreprise - Parasol Networks\" \/>\n<meta property=\"og:description\" content=\"Vous trouverez ici une description d\u00e9taill\u00e9e des maisons \u00e0 acheter dans la communaut\u00e9 valencienne des provinces d&#039;Alicante et de Valence.\" \/>\n<meta property=\"og:url\" content=\"https:\/\/parasolnetworks.com\/fr\/entreprise\/\" \/>\n<meta property=\"og:site_name\" content=\"Parasol Networks\" \/>\n<meta property=\"article:modified_time\" content=\"2023-09-22T09:51:37+00:00\" \/>\n<meta name=\"twitter:card\" content=\"summary_large_image\" \/>\n<meta name=\"twitter:label1\" content=\"Dur\u00e9e de lecture estim\u00e9e\" \/>\n\t<meta name=\"twitter:data1\" content=\"3 minutes\" \/>\n<script type=\"application\/ld+json\" class=\"yoast-schema-graph\">{\"@context\":\"https:\\\/\\\/schema.org\",\"@graph\":[{\"@type\":\"WebPage\",\"@id\":\"https:\\\/\\\/parasolnetworks.com\\\/fr\\\/entreprise\\\/\",\"url\":\"https:\\\/\\\/parasolnetworks.com\\\/fr\\\/entreprise\\\/\",\"name\":\"Entreprise - Parasol Networks\",\"isPartOf\":{\"@id\":\"https:\\\/\\\/parasolnetworks.com\\\/en\\\/#website\"},\"datePublished\":\"2017-01-10T09:40:54+00:00\",\"dateModified\":\"2023-09-22T09:51:37+00:00\",\"description\":\"Vous trouverez ici une description d\u00e9taill\u00e9e des maisons \u00e0 acheter dans la communaut\u00e9 valencienne des provinces d'Alicante et de Valence.\",\"breadcrumb\":{\"@id\":\"https:\\\/\\\/parasolnetworks.com\\\/fr\\\/entreprise\\\/#breadcrumb\"},\"inLanguage\":\"fr-FR\",\"potentialAction\":[{\"@type\":\"ReadAction\",\"target\":[\"https:\\\/\\\/parasolnetworks.com\\\/fr\\\/entreprise\\\/\"]}]},{\"@type\":\"BreadcrumbList\",\"@id\":\"https:\\\/\\\/parasolnetworks.com\\\/fr\\\/entreprise\\\/#breadcrumb\",\"itemListElement\":[{\"@type\":\"ListItem\",\"position\":1,\"name\":\"Portada\",\"item\":\"https:\\\/\\\/parasolnetworks.com\\\/fr\\\/\"},{\"@type\":\"ListItem\",\"position\":2,\"name\":\"Entreprise\"}]},{\"@type\":\"WebSite\",\"@id\":\"https:\\\/\\\/parasolnetworks.com\\\/en\\\/#website\",\"url\":\"https:\\\/\\\/parasolnetworks.com\\\/en\\\/\",\"name\":\"Parasol Networks\",\"description\":\"inmobiliaria\",\"publisher\":{\"@id\":\"https:\\\/\\\/parasolnetworks.com\\\/en\\\/#organization\"},\"potentialAction\":[{\"@type\":\"SearchAction\",\"target\":{\"@type\":\"EntryPoint\",\"urlTemplate\":\"https:\\\/\\\/parasolnetworks.com\\\/en\\\/?s={search_term_string}\"},\"query-input\":{\"@type\":\"PropertyValueSpecification\",\"valueRequired\":true,\"valueName\":\"search_term_string\"}}],\"inLanguage\":\"fr-FR\"},{\"@type\":\"Organization\",\"@id\":\"https:\\\/\\\/parasolnetworks.com\\\/en\\\/#organization\",\"name\":\"Parasol Networks\",\"url\":\"https:\\\/\\\/parasolnetworks.com\\\/en\\\/\",\"logo\":{\"@type\":\"ImageObject\",\"inLanguage\":\"fr-FR\",\"@id\":\"https:\\\/\\\/parasolnetworks.com\\\/en\\\/#\\\/schema\\\/logo\\\/image\\\/\",\"url\":\"https:\\\/\\\/parasolnetworks.com\\\/wp-content\\\/uploads\\\/Logo.png\",\"contentUrl\":\"https:\\\/\\\/parasolnetworks.com\\\/wp-content\\\/uploads\\\/Logo.png\",\"width\":2560,\"height\":570,\"caption\":\"Parasol Networks\"},\"image\":{\"@id\":\"https:\\\/\\\/parasolnetworks.com\\\/en\\\/#\\\/schema\\\/logo\\\/image\\\/\"}}]}<\/script>\n<!-- \/ Yoast SEO plugin. -->","yoast_head_json":{"title":"Entreprise - Parasol Networks","description":"Vous trouverez ici une description d\u00e9taill\u00e9e des maisons \u00e0 acheter dans la communaut\u00e9 valencienne des provinces d'Alicante et de Valence.","robots":{"index":"index","follow":"follow","max-snippet":"max-snippet:-1","max-image-preview":"max-image-preview:large","max-video-preview":"max-video-preview:-1"},"canonical":"https:\/\/parasolnetworks.com\/fr\/entreprise\/","og_locale":"fr_FR","og_type":"article","og_title":"Entreprise - Parasol Networks","og_description":"Vous trouverez ici une description d\u00e9taill\u00e9e des maisons \u00e0 acheter dans la communaut\u00e9 valencienne des provinces d'Alicante et de Valence.","og_url":"https:\/\/parasolnetworks.com\/fr\/entreprise\/","og_site_name":"Parasol Networks","article_modified_time":"2023-09-22T09:51:37+00:00","twitter_card":"summary_large_image","twitter_misc":{"Dur\u00e9e de lecture estim\u00e9e":"3 minutes"},"schema":{"@context":"https:\/\/schema.org","@graph":[{"@type":"WebPage","@id":"https:\/\/parasolnetworks.com\/fr\/entreprise\/","url":"https:\/\/parasolnetworks.com\/fr\/entreprise\/","name":"Entreprise - Parasol Networks","isPartOf":{"@id":"https:\/\/parasolnetworks.com\/en\/#website"},"datePublished":"2017-01-10T09:40:54+00:00","dateModified":"2023-09-22T09:51:37+00:00","description":"Vous trouverez ici une description d\u00e9taill\u00e9e des maisons \u00e0 acheter dans la communaut\u00e9 valencienne des provinces d'Alicante et de Valence.","breadcrumb":{"@id":"https:\/\/parasolnetworks.com\/fr\/entreprise\/#breadcrumb"},"inLanguage":"fr-FR","potentialAction":[{"@type":"ReadAction","target":["https:\/\/parasolnetworks.com\/fr\/entreprise\/"]}]},{"@type":"BreadcrumbList","@id":"https:\/\/parasolnetworks.com\/fr\/entreprise\/#breadcrumb","itemListElement":[{"@type":"ListItem","position":1,"name":"Portada","item":"https:\/\/parasolnetworks.com\/fr\/"},{"@type":"ListItem","position":2,"name":"Entreprise"}]},{"@type":"WebSite","@id":"https:\/\/parasolnetworks.com\/en\/#website","url":"https:\/\/parasolnetworks.com\/en\/","name":"Parasol Networks","description":"inmobiliaria","publisher":{"@id":"https:\/\/parasolnetworks.com\/en\/#organization"},"potentialAction":[{"@type":"SearchAction","target":{"@type":"EntryPoint","urlTemplate":"https:\/\/parasolnetworks.com\/en\/?s={search_term_string}"},"query-input":{"@type":"PropertyValueSpecification","valueRequired":true,"valueName":"search_term_string"}}],"inLanguage":"fr-FR"},{"@type":"Organization","@id":"https:\/\/parasolnetworks.com\/en\/#organization","name":"Parasol Networks","url":"https:\/\/parasolnetworks.com\/en\/","logo":{"@type":"ImageObject","inLanguage":"fr-FR","@id":"https:\/\/parasolnetworks.com\/en\/#\/schema\/logo\/image\/","url":"https:\/\/parasolnetworks.com\/wp-content\/uploads\/Logo.png","contentUrl":"https:\/\/parasolnetworks.com\/wp-content\/uploads\/Logo.png","width":2560,"height":570,"caption":"Parasol Networks"},"image":{"@id":"https:\/\/parasolnetworks.com\/en\/#\/schema\/logo\/image\/"}}]}},"_links":{"self":[{"href":"https:\/\/parasolnetworks.com\/fr\/wp-json\/wp\/v2\/pages\/30398","targetHints":{"allow":["GET"]}}],"collection":[{"href":"https:\/\/parasolnetworks.com\/fr\/wp-json\/wp\/v2\/pages"}],"about":[{"href":"https:\/\/parasolnetworks.com\/fr\/wp-json\/wp\/v2\/types\/page"}],"author":[{"embeddable":true,"href":"https:\/\/parasolnetworks.com\/fr\/wp-json\/wp\/v2\/users\/2"}],"replies":[{"embeddable":true,"href":"https:\/\/parasolnetworks.com\/fr\/wp-json\/wp\/v2\/comments?post=30398"}],"version-history":[{"count":0,"href":"https:\/\/parasolnetworks.com\/fr\/wp-json\/wp\/v2\/pages\/30398\/revisions"}],"wp:attachment":[{"href":"https:\/\/parasolnetworks.com\/fr\/wp-json\/wp\/v2\/media?parent=30398"}],"curies":[{"name":"wp","href":"https:\/\/api.w.org\/{rel}","templated":true}]}}