{"id":116364,"date":"2018-05-24T12:56:42","date_gmt":"2018-05-24T10:56:42","guid":{"rendered":"https:\/\/parasolnetworks.com\/aviso-legal-politica-de-privacidad\/"},"modified":"2024-11-06T13:29:54","modified_gmt":"2024-11-06T12:29:54","slug":"aviso-legal","status":"publish","type":"page","link":"https:\/\/parasolnetworks.com\/fr\/aviso-legal\/","title":{"rendered":"Aviso legal"},"content":{"rendered":"<p><strong>**Mentions L\u00e9gales**<\/strong><\/p>\n<p>Conform\u00e9ment \u00e0 la Loi 34\/2002, du 11 juillet, sur les Services de la Soci\u00e9t\u00e9 de l&#8217;Information et du Commerce \u00c9lectronique, nous vous informons des \u00e9l\u00e9ments suivants:<\/p>\n<p>**Propri\u00e9taire de ce site :**<br \/>\n<strong>WENCESLAO FEMENIA ESCRIV\u00c0 (ci-apr\u00e8s, PARASOL NETWORKS)<\/strong><br \/>\nAdresse : C\/ Constituci\u00f3, 2-2\u00ba-4, Oliva (46780), Valence<br \/>\nNIF : <strong>19989571-H<\/strong><br \/>\nT\u00e9l\u00e9phone :<strong> 96 285 47 29<\/strong><br \/>\nEmail : info@parasolnetworks.com<\/p>\n<p>L&#8217;utilisation du contenu et\/ou des services de ce site par l&#8217;utilisateur implique l&#8217;acceptation expresse des conditions suivantes :<\/p>\n<p><strong>**Conditions d&#8217;Utilisation du Site**<\/strong><br \/>\n<strong>PARASOL NETWORKS<\/strong> se r\u00e9serve le droit d\u2019apporter des modifications au contenu de ce site sans pr\u00e9avis, ainsi qu\u2019\u00e0 sa configuration et pr\u00e9sentation. Ce site peut contenir des liens vers des pages externes, dont <strong>PARASOL NETWORKS<\/strong> n&#8217;est pas responsable, que ce soit pour le contenu de ces pages ou pour tout autre aspect li\u00e9 \u00e0 celles-ci.<\/p>\n<p>Les textes, images, logos et autres contenus pr\u00e9sents sur ce site sont la propri\u00e9t\u00e9 de <strong>PARASOL NETWORKS<\/strong>. La transmission, distribution, reproduction ou stockage, total ou partiel, est interdite, sauf avec le consentement pr\u00e9alable de <strong>PARASOL NETWORKS<\/strong>, sauf indication contraire.<\/p>\n<p>Pour installer ou utiliser un logiciel disponible au t\u00e9l\u00e9chargement sur ce site, les termes de l&#8217;accord de licence, le cas \u00e9ch\u00e9ant, qui accompagne ou est inclus avec le logiciel doivent \u00eatre accept\u00e9s. <strong>PARASOL NETWORKS<\/strong> n&#8217;est pas responsable des \u00e9ventuels dommages r\u00e9sultant de l\u2019utilisation de versions de navigateurs non mises \u00e0 jour ou de toute cons\u00e9quence pouvant d\u00e9couler d\u2019un dysfonctionnement du navigateur, que ce soit en raison d\u2019une configuration inad\u00e9quate, de la pr\u00e9sence de virus informatiques ou de toute autre cause ind\u00e9pendante de la volont\u00e9 de <strong>PARASOL NETWORKS.<\/strong><\/p>\n<p><strong>**Protection des Donn\u00e9es \u00e0 Caract\u00e8re Personnel**<\/strong><br \/>\nConform\u00e9ment \u00e0 la Loi Organique 3\/2018, du 5 d\u00e9cembre, relative \u00e0 la Protection des Donn\u00e9es Personnelles et garantie des droits num\u00e9riques, <strong>PARASOL NETWORKS<\/strong> vous informe que les donn\u00e9es personnelles que vous fournissez en remplissant un formulaire d\u2019inscription, de demande ou de consultation pr\u00e9sent sur ce site seront trait\u00e9es et incluses dans un fichier de donn\u00e9es (appel\u00e9 &#8220;<strong>UTILISATEURS WEB<\/strong>&#8220;) dont le responsable est <strong>PARASOL NETWORKS.<\/strong><\/p>\n<p>Pour exercer vos droits d&#8217;acc\u00e8s, de rectification, d&#8217;opposition, de suppression, de portabilit\u00e9 et de limitation du traitement de vos donn\u00e9es personnelles, dans les conditions et termes pr\u00e9vus par la r\u00e9glementation en vigueur en mati\u00e8re de protection des donn\u00e9es, vous pouvez contacter <strong>PARASOL NETWORKS<\/strong> par \u00e9crit \u00e0 l&#8217;adresse suivante : C\/ Constituci\u00f3, 2-2\u00ba-4, Oliva (46780), Valence. La collecte de vos donn\u00e9es personnelles est principalement effectu\u00e9e afin de vous offrir et de vous fournir les services pr\u00e9sent\u00e9s sur ce site.<\/p>\n<p><strong>PARASOL NETWORKS<\/strong> utilisera les donn\u00e9es personnelles fournies par vous uniquement pour les finalit\u00e9s indiqu\u00e9es.<\/p>\n<p>Nous ne partageons pas les informations fournies avec des tiers, sauf en cas d&#8217;obligation l\u00e9gale ou de proc\u00e9dure judiciaire, et en aucun cas nous ne vendons ce type d&#8217;informations.<\/p>\n<p><strong>PARASOL NETWORKS<\/strong> vous informe qu&#8217;il a mis en \u0153uvre les mesures de s\u00e9curit\u00e9 techniques et organisationnelles n\u00e9cessaires pour garantir la s\u00e9curit\u00e9 de vos donn\u00e9es personnelles et \u00e9viter leur alt\u00e9ration, perte, traitement et\/ou acc\u00e8s non autoris\u00e9, conform\u00e9ment \u00e0 la Loi Organique 3\/2018, du 5 d\u00e9cembre, relative \u00e0 la Protection des Donn\u00e9es Personnelles et garantie des droits num\u00e9riques.<\/p>\n<p><strong>**L\u00e9gislation Applicable et Juridiction**<\/strong><br \/>\nLes pr\u00e9sentes Mentions L\u00e9gales sont r\u00e9gies en tous points par la loi espagnole, et tout litige d\u00e9coulant de ou li\u00e9 \u00e0 l&#8217;utilisation de ce site sera soumis \u00e0 la juridiction des tribunaux de Valence.<\/p>\n","protected":false},"excerpt":{"rendered":"<p>**Mentions L\u00e9gales** Conform\u00e9ment \u00e0 la Loi 34\/2002, du 11 juillet, sur les Services de la Soci\u00e9t\u00e9 de l&#8217;Information et du Commerce \u00c9lectronique, nous vous informons des \u00e9l\u00e9ments suivants: **Propri\u00e9taire de ce site :** WENCESLAO FEMENIA ESCRIV\u00c0 (ci-apr\u00e8s, PARASOL NETWORKS) Adresse : C\/ Constituci\u00f3, 2-2\u00ba-4, Oliva (46780), Valence NIF : 19989571-H T\u00e9l\u00e9phone : 96 285 47&#8230;<\/p>\n","protected":false},"author":2,"featured_media":0,"parent":0,"menu_order":0,"comment_status":"closed","ping_status":"closed","template":"","meta":{"_joinchat":[],"footnotes":""},"class_list":["post-116364","page","type-page","status-publish","hentry"],"yoast_head":"<!-- This site is optimized with the Yoast SEO plugin v27.3 - https:\/\/yoast.com\/product\/yoast-seo-wordpress\/ -->\n<title>Aviso legal - Parasol Networks<\/title>\n<meta name=\"robots\" content=\"index, follow, max-snippet:-1, max-image-preview:large, max-video-preview:-1\" \/>\n<link rel=\"canonical\" href=\"https:\/\/parasolnetworks.com\/fr\/aviso-legal\/\" \/>\n<meta property=\"og:locale\" content=\"fr_FR\" \/>\n<meta property=\"og:type\" content=\"article\" \/>\n<meta property=\"og:title\" content=\"Aviso legal - Parasol Networks\" \/>\n<meta property=\"og:description\" content=\"**Mentions L\u00e9gales** Conform\u00e9ment \u00e0 la Loi 34\/2002, du 11 juillet, sur les Services de la Soci\u00e9t\u00e9 de l&#8217;Information et du Commerce \u00c9lectronique, nous vous informons des \u00e9l\u00e9ments suivants: **Propri\u00e9taire de ce site :** WENCESLAO FEMENIA ESCRIV\u00c0 (ci-apr\u00e8s, PARASOL NETWORKS) Adresse : C\/ Constituci\u00f3, 2-2\u00ba-4, Oliva (46780), Valence NIF : 19989571-H T\u00e9l\u00e9phone : 96 285 47...\" \/>\n<meta property=\"og:url\" content=\"https:\/\/parasolnetworks.com\/fr\/aviso-legal\/\" \/>\n<meta property=\"og:site_name\" content=\"Parasol Networks\" \/>\n<meta property=\"article:modified_time\" content=\"2024-11-06T12:29:54+00:00\" \/>\n<meta name=\"twitter:card\" content=\"summary_large_image\" \/>\n<meta name=\"twitter:label1\" content=\"Dur\u00e9e de lecture estim\u00e9e\" \/>\n\t<meta name=\"twitter:data1\" content=\"3 minutes\" \/>\n<script type=\"application\/ld+json\" class=\"yoast-schema-graph\">{\"@context\":\"https:\\\/\\\/schema.org\",\"@graph\":[{\"@type\":\"WebPage\",\"@id\":\"https:\\\/\\\/parasolnetworks.com\\\/fr\\\/aviso-legal\\\/\",\"url\":\"https:\\\/\\\/parasolnetworks.com\\\/fr\\\/aviso-legal\\\/\",\"name\":\"Aviso legal - Parasol Networks\",\"isPartOf\":{\"@id\":\"https:\\\/\\\/parasolnetworks.com\\\/en\\\/#website\"},\"datePublished\":\"2018-05-24T10:56:42+00:00\",\"dateModified\":\"2024-11-06T12:29:54+00:00\",\"breadcrumb\":{\"@id\":\"https:\\\/\\\/parasolnetworks.com\\\/fr\\\/aviso-legal\\\/#breadcrumb\"},\"inLanguage\":\"fr-FR\",\"potentialAction\":[{\"@type\":\"ReadAction\",\"target\":[\"https:\\\/\\\/parasolnetworks.com\\\/fr\\\/aviso-legal\\\/\"]}]},{\"@type\":\"BreadcrumbList\",\"@id\":\"https:\\\/\\\/parasolnetworks.com\\\/fr\\\/aviso-legal\\\/#breadcrumb\",\"itemListElement\":[{\"@type\":\"ListItem\",\"position\":1,\"name\":\"Portada\",\"item\":\"https:\\\/\\\/parasolnetworks.com\\\/fr\\\/\"},{\"@type\":\"ListItem\",\"position\":2,\"name\":\"Aviso legal\"}]},{\"@type\":\"WebSite\",\"@id\":\"https:\\\/\\\/parasolnetworks.com\\\/en\\\/#website\",\"url\":\"https:\\\/\\\/parasolnetworks.com\\\/en\\\/\",\"name\":\"Parasol Networks\",\"description\":\"inmobiliaria\",\"publisher\":{\"@id\":\"https:\\\/\\\/parasolnetworks.com\\\/en\\\/#organization\"},\"potentialAction\":[{\"@type\":\"SearchAction\",\"target\":{\"@type\":\"EntryPoint\",\"urlTemplate\":\"https:\\\/\\\/parasolnetworks.com\\\/en\\\/?s={search_term_string}\"},\"query-input\":{\"@type\":\"PropertyValueSpecification\",\"valueRequired\":true,\"valueName\":\"search_term_string\"}}],\"inLanguage\":\"fr-FR\"},{\"@type\":\"Organization\",\"@id\":\"https:\\\/\\\/parasolnetworks.com\\\/en\\\/#organization\",\"name\":\"Parasol Networks\",\"url\":\"https:\\\/\\\/parasolnetworks.com\\\/en\\\/\",\"logo\":{\"@type\":\"ImageObject\",\"inLanguage\":\"fr-FR\",\"@id\":\"https:\\\/\\\/parasolnetworks.com\\\/en\\\/#\\\/schema\\\/logo\\\/image\\\/\",\"url\":\"https:\\\/\\\/parasolnetworks.com\\\/wp-content\\\/uploads\\\/Logo.png\",\"contentUrl\":\"https:\\\/\\\/parasolnetworks.com\\\/wp-content\\\/uploads\\\/Logo.png\",\"width\":2560,\"height\":570,\"caption\":\"Parasol Networks\"},\"image\":{\"@id\":\"https:\\\/\\\/parasolnetworks.com\\\/en\\\/#\\\/schema\\\/logo\\\/image\\\/\"}}]}<\/script>\n<!-- \/ Yoast SEO plugin. -->","yoast_head_json":{"title":"Aviso legal - Parasol Networks","robots":{"index":"index","follow":"follow","max-snippet":"max-snippet:-1","max-image-preview":"max-image-preview:large","max-video-preview":"max-video-preview:-1"},"canonical":"https:\/\/parasolnetworks.com\/fr\/aviso-legal\/","og_locale":"fr_FR","og_type":"article","og_title":"Aviso legal - Parasol Networks","og_description":"**Mentions L\u00e9gales** Conform\u00e9ment \u00e0 la Loi 34\/2002, du 11 juillet, sur les Services de la Soci\u00e9t\u00e9 de l&#8217;Information et du Commerce \u00c9lectronique, nous vous informons des \u00e9l\u00e9ments suivants: **Propri\u00e9taire de ce site :** WENCESLAO FEMENIA ESCRIV\u00c0 (ci-apr\u00e8s, PARASOL NETWORKS) Adresse : C\/ Constituci\u00f3, 2-2\u00ba-4, Oliva (46780), Valence NIF : 19989571-H T\u00e9l\u00e9phone : 96 285 47...","og_url":"https:\/\/parasolnetworks.com\/fr\/aviso-legal\/","og_site_name":"Parasol Networks","article_modified_time":"2024-11-06T12:29:54+00:00","twitter_card":"summary_large_image","twitter_misc":{"Dur\u00e9e de lecture estim\u00e9e":"3 minutes"},"schema":{"@context":"https:\/\/schema.org","@graph":[{"@type":"WebPage","@id":"https:\/\/parasolnetworks.com\/fr\/aviso-legal\/","url":"https:\/\/parasolnetworks.com\/fr\/aviso-legal\/","name":"Aviso legal - Parasol Networks","isPartOf":{"@id":"https:\/\/parasolnetworks.com\/en\/#website"},"datePublished":"2018-05-24T10:56:42+00:00","dateModified":"2024-11-06T12:29:54+00:00","breadcrumb":{"@id":"https:\/\/parasolnetworks.com\/fr\/aviso-legal\/#breadcrumb"},"inLanguage":"fr-FR","potentialAction":[{"@type":"ReadAction","target":["https:\/\/parasolnetworks.com\/fr\/aviso-legal\/"]}]},{"@type":"BreadcrumbList","@id":"https:\/\/parasolnetworks.com\/fr\/aviso-legal\/#breadcrumb","itemListElement":[{"@type":"ListItem","position":1,"name":"Portada","item":"https:\/\/parasolnetworks.com\/fr\/"},{"@type":"ListItem","position":2,"name":"Aviso legal"}]},{"@type":"WebSite","@id":"https:\/\/parasolnetworks.com\/en\/#website","url":"https:\/\/parasolnetworks.com\/en\/","name":"Parasol Networks","description":"inmobiliaria","publisher":{"@id":"https:\/\/parasolnetworks.com\/en\/#organization"},"potentialAction":[{"@type":"SearchAction","target":{"@type":"EntryPoint","urlTemplate":"https:\/\/parasolnetworks.com\/en\/?s={search_term_string}"},"query-input":{"@type":"PropertyValueSpecification","valueRequired":true,"valueName":"search_term_string"}}],"inLanguage":"fr-FR"},{"@type":"Organization","@id":"https:\/\/parasolnetworks.com\/en\/#organization","name":"Parasol Networks","url":"https:\/\/parasolnetworks.com\/en\/","logo":{"@type":"ImageObject","inLanguage":"fr-FR","@id":"https:\/\/parasolnetworks.com\/en\/#\/schema\/logo\/image\/","url":"https:\/\/parasolnetworks.com\/wp-content\/uploads\/Logo.png","contentUrl":"https:\/\/parasolnetworks.com\/wp-content\/uploads\/Logo.png","width":2560,"height":570,"caption":"Parasol Networks"},"image":{"@id":"https:\/\/parasolnetworks.com\/en\/#\/schema\/logo\/image\/"}}]}},"_links":{"self":[{"href":"https:\/\/parasolnetworks.com\/fr\/wp-json\/wp\/v2\/pages\/116364","targetHints":{"allow":["GET"]}}],"collection":[{"href":"https:\/\/parasolnetworks.com\/fr\/wp-json\/wp\/v2\/pages"}],"about":[{"href":"https:\/\/parasolnetworks.com\/fr\/wp-json\/wp\/v2\/types\/page"}],"author":[{"embeddable":true,"href":"https:\/\/parasolnetworks.com\/fr\/wp-json\/wp\/v2\/users\/2"}],"replies":[{"embeddable":true,"href":"https:\/\/parasolnetworks.com\/fr\/wp-json\/wp\/v2\/comments?post=116364"}],"version-history":[{"count":0,"href":"https:\/\/parasolnetworks.com\/fr\/wp-json\/wp\/v2\/pages\/116364\/revisions"}],"wp:attachment":[{"href":"https:\/\/parasolnetworks.com\/fr\/wp-json\/wp\/v2\/media?parent=116364"}],"curies":[{"name":"wp","href":"https:\/\/api.w.org\/{rel}","templated":true}]}}