{"id":99523,"date":"2019-07-31T13:26:39","date_gmt":"2019-07-31T11:26:39","guid":{"rendered":"https:\/\/parasolnetworks.com\/?page_id=99523\/"},"modified":"2019-07-31T14:01:14","modified_gmt":"2019-07-31T12:01:14","slug":"innenausstattung-und-reformen","status":"publish","type":"page","link":"https:\/\/parasolnetworks.com\/de\/innenausstattung-und-reformen\/","title":{"rendered":"Innenausstattung und reformen"},"content":{"rendered":"<p><img fetchpriority=\"high\" decoding=\"async\" class=\"size-large wp-image-99509 aligncenter\" src=\"https:\/\/parasolnetworks.com\/wp-content\/uploads\/INTERIORISMO-Y-REFORMAS-1024x768.jpg\" alt=\"\" width=\"828\" height=\"621\" srcset=\"https:\/\/parasolnetworks.com\/wp-content\/uploads\/INTERIORISMO-Y-REFORMAS-1024x768.jpg 1024w, https:\/\/parasolnetworks.com\/wp-content\/uploads\/INTERIORISMO-Y-REFORMAS-300x225.jpg 300w, https:\/\/parasolnetworks.com\/wp-content\/uploads\/INTERIORISMO-Y-REFORMAS-768x576.jpg 768w, https:\/\/parasolnetworks.com\/wp-content\/uploads\/INTERIORISMO-Y-REFORMAS-150x113.jpg 150w, https:\/\/parasolnetworks.com\/wp-content\/uploads\/INTERIORISMO-Y-REFORMAS.jpg 1298w\" sizes=\"(max-width: 828px) 100vw, 828px\" \/>Wenn Ihnen eine Immobilie gef\u00e4llt und Sie ihr Layout oder ihre Dekoration \u00e4ndern m\u00f6chten, bieten wir Ihnen die M\u00f6glichkeit an, eine Studie zur individuellen Dekoration und Renovierung nach Ihren W\u00fcnschen durchzuf\u00fchren. Von kleinen \u00c4nderungen bis hin zu einer vollst\u00e4ndigen Reform und Neuaufteilung der Immobilie.<\/p>\n<p>Unser Team von Architekten und Dekorateuren wird auf Ihre Bed\u00fcrfnisse eingehen und Sie beraten, um das Beste aus der Reform herauszuholen, damit Sie Ihr Eigentum in ein Haus Ihrer Tr\u00e4ume verwandeln k\u00f6nnen.<\/p>\n","protected":false},"excerpt":{"rendered":"<p>Wenn Ihnen eine Immobilie gef\u00e4llt und Sie ihr Layout oder ihre Dekoration \u00e4ndern m\u00f6chten, bieten wir Ihnen die M\u00f6glichkeit an, eine Studie zur individuellen Dekoration und Renovierung nach Ihren W\u00fcnschen durchzuf\u00fchren. Von kleinen \u00c4nderungen bis hin zu einer vollst\u00e4ndigen Reform und Neuaufteilung der Immobilie. Unser Team von Architekten und Dekorateuren wird auf Ihre Bed\u00fcrfnisse eingehen&#8230;<\/p>\n","protected":false},"author":2,"featured_media":0,"parent":0,"menu_order":0,"comment_status":"closed","ping_status":"closed","template":"","meta":{"_joinchat":[],"footnotes":""},"class_list":["post-99523","page","type-page","status-publish","hentry"],"yoast_head":"<!-- This site is optimized with the Yoast SEO plugin v27.1.1 - https:\/\/yoast.com\/product\/yoast-seo-wordpress\/ -->\n<title>Innenausstattung und reformen - Parasol Networks<\/title>\n<meta name=\"robots\" content=\"index, follow, max-snippet:-1, max-image-preview:large, max-video-preview:-1\" \/>\n<link rel=\"canonical\" href=\"https:\/\/parasolnetworks.com\/de\/innenausstattung-und-reformen\/\" \/>\n<meta property=\"og:locale\" content=\"de_DE\" \/>\n<meta property=\"og:type\" content=\"article\" \/>\n<meta property=\"og:title\" content=\"Innenausstattung und reformen - Parasol Networks\" \/>\n<meta property=\"og:description\" content=\"Wenn Ihnen eine Immobilie gef\u00e4llt und Sie ihr Layout oder ihre Dekoration \u00e4ndern m\u00f6chten, bieten wir Ihnen die M\u00f6glichkeit an, eine Studie zur individuellen Dekoration und Renovierung nach Ihren W\u00fcnschen durchzuf\u00fchren. Von kleinen \u00c4nderungen bis hin zu einer vollst\u00e4ndigen Reform und Neuaufteilung der Immobilie. Unser Team von Architekten und Dekorateuren wird auf Ihre Bed\u00fcrfnisse eingehen...\" \/>\n<meta property=\"og:url\" content=\"https:\/\/parasolnetworks.com\/de\/innenausstattung-und-reformen\/\" \/>\n<meta property=\"og:site_name\" content=\"Parasol Networks\" \/>\n<meta property=\"article:modified_time\" content=\"2019-07-31T12:01:14+00:00\" \/>\n<meta property=\"og:image\" content=\"https:\/\/parasolnetworks.com\/wp-content\/uploads\/INTERIORISMO-Y-REFORMAS-1024x768.jpg\" \/>\n<meta name=\"twitter:card\" content=\"summary_large_image\" \/>\n<script type=\"application\/ld+json\" class=\"yoast-schema-graph\">{\"@context\":\"https:\/\/schema.org\",\"@graph\":[{\"@type\":\"WebPage\",\"@id\":\"https:\/\/parasolnetworks.com\/de\/innenausstattung-und-reformen\/\",\"url\":\"https:\/\/parasolnetworks.com\/de\/innenausstattung-und-reformen\/\",\"name\":\"Innenausstattung und reformen - Parasol Networks\",\"isPartOf\":{\"@id\":\"https:\/\/parasolnetworks.com\/en\/#website\"},\"primaryImageOfPage\":{\"@id\":\"https:\/\/parasolnetworks.com\/de\/innenausstattung-und-reformen\/#primaryimage\"},\"image\":{\"@id\":\"https:\/\/parasolnetworks.com\/de\/innenausstattung-und-reformen\/#primaryimage\"},\"thumbnailUrl\":\"https:\/\/parasolnetworks.com\/wp-content\/uploads\/INTERIORISMO-Y-REFORMAS-1024x768.jpg\",\"datePublished\":\"2019-07-31T11:26:39+00:00\",\"dateModified\":\"2019-07-31T12:01:14+00:00\",\"breadcrumb\":{\"@id\":\"https:\/\/parasolnetworks.com\/de\/innenausstattung-und-reformen\/#breadcrumb\"},\"inLanguage\":\"de\",\"potentialAction\":[{\"@type\":\"ReadAction\",\"target\":[\"https:\/\/parasolnetworks.com\/de\/innenausstattung-und-reformen\/\"]}]},{\"@type\":\"ImageObject\",\"inLanguage\":\"de\",\"@id\":\"https:\/\/parasolnetworks.com\/de\/innenausstattung-und-reformen\/#primaryimage\",\"url\":\"https:\/\/parasolnetworks.com\/wp-content\/uploads\/INTERIORISMO-Y-REFORMAS-1024x768.jpg\",\"contentUrl\":\"https:\/\/parasolnetworks.com\/wp-content\/uploads\/INTERIORISMO-Y-REFORMAS-1024x768.jpg\"},{\"@type\":\"BreadcrumbList\",\"@id\":\"https:\/\/parasolnetworks.com\/de\/innenausstattung-und-reformen\/#breadcrumb\",\"itemListElement\":[{\"@type\":\"ListItem\",\"position\":1,\"name\":\"Portada\",\"item\":\"https:\/\/parasolnetworks.com\/de\/\"},{\"@type\":\"ListItem\",\"position\":2,\"name\":\"Innenausstattung und reformen\"}]},{\"@type\":\"WebSite\",\"@id\":\"https:\/\/parasolnetworks.com\/en\/#website\",\"url\":\"https:\/\/parasolnetworks.com\/en\/\",\"name\":\"Parasol Networks\",\"description\":\"inmobiliaria\",\"publisher\":{\"@id\":\"https:\/\/parasolnetworks.com\/en\/#organization\"},\"potentialAction\":[{\"@type\":\"SearchAction\",\"target\":{\"@type\":\"EntryPoint\",\"urlTemplate\":\"https:\/\/parasolnetworks.com\/en\/?s={search_term_string}\"},\"query-input\":{\"@type\":\"PropertyValueSpecification\",\"valueRequired\":true,\"valueName\":\"search_term_string\"}}],\"inLanguage\":\"de\"},{\"@type\":\"Organization\",\"@id\":\"https:\/\/parasolnetworks.com\/en\/#organization\",\"name\":\"Parasol Networks\",\"url\":\"https:\/\/parasolnetworks.com\/en\/\",\"logo\":{\"@type\":\"ImageObject\",\"inLanguage\":\"de\",\"@id\":\"https:\/\/parasolnetworks.com\/en\/#\/schema\/logo\/image\/\",\"url\":\"https:\/\/parasolnetworks.com\/wp-content\/uploads\/Logo.png\",\"contentUrl\":\"https:\/\/parasolnetworks.com\/wp-content\/uploads\/Logo.png\",\"width\":2560,\"height\":570,\"caption\":\"Parasol Networks\"},\"image\":{\"@id\":\"https:\/\/parasolnetworks.com\/en\/#\/schema\/logo\/image\/\"}}]}<\/script>\n<!-- \/ Yoast SEO plugin. -->","yoast_head_json":{"title":"Innenausstattung und reformen - Parasol Networks","robots":{"index":"index","follow":"follow","max-snippet":"max-snippet:-1","max-image-preview":"max-image-preview:large","max-video-preview":"max-video-preview:-1"},"canonical":"https:\/\/parasolnetworks.com\/de\/innenausstattung-und-reformen\/","og_locale":"de_DE","og_type":"article","og_title":"Innenausstattung und reformen - Parasol Networks","og_description":"Wenn Ihnen eine Immobilie gef\u00e4llt und Sie ihr Layout oder ihre Dekoration \u00e4ndern m\u00f6chten, bieten wir Ihnen die M\u00f6glichkeit an, eine Studie zur individuellen Dekoration und Renovierung nach Ihren W\u00fcnschen durchzuf\u00fchren. Von kleinen \u00c4nderungen bis hin zu einer vollst\u00e4ndigen Reform und Neuaufteilung der Immobilie. Unser Team von Architekten und Dekorateuren wird auf Ihre Bed\u00fcrfnisse eingehen...","og_url":"https:\/\/parasolnetworks.com\/de\/innenausstattung-und-reformen\/","og_site_name":"Parasol Networks","article_modified_time":"2019-07-31T12:01:14+00:00","og_image":[{"url":"https:\/\/parasolnetworks.com\/wp-content\/uploads\/INTERIORISMO-Y-REFORMAS-1024x768.jpg","type":"","width":"","height":""}],"twitter_card":"summary_large_image","schema":{"@context":"https:\/\/schema.org","@graph":[{"@type":"WebPage","@id":"https:\/\/parasolnetworks.com\/de\/innenausstattung-und-reformen\/","url":"https:\/\/parasolnetworks.com\/de\/innenausstattung-und-reformen\/","name":"Innenausstattung und reformen - Parasol Networks","isPartOf":{"@id":"https:\/\/parasolnetworks.com\/en\/#website"},"primaryImageOfPage":{"@id":"https:\/\/parasolnetworks.com\/de\/innenausstattung-und-reformen\/#primaryimage"},"image":{"@id":"https:\/\/parasolnetworks.com\/de\/innenausstattung-und-reformen\/#primaryimage"},"thumbnailUrl":"https:\/\/parasolnetworks.com\/wp-content\/uploads\/INTERIORISMO-Y-REFORMAS-1024x768.jpg","datePublished":"2019-07-31T11:26:39+00:00","dateModified":"2019-07-31T12:01:14+00:00","breadcrumb":{"@id":"https:\/\/parasolnetworks.com\/de\/innenausstattung-und-reformen\/#breadcrumb"},"inLanguage":"de","potentialAction":[{"@type":"ReadAction","target":["https:\/\/parasolnetworks.com\/de\/innenausstattung-und-reformen\/"]}]},{"@type":"ImageObject","inLanguage":"de","@id":"https:\/\/parasolnetworks.com\/de\/innenausstattung-und-reformen\/#primaryimage","url":"https:\/\/parasolnetworks.com\/wp-content\/uploads\/INTERIORISMO-Y-REFORMAS-1024x768.jpg","contentUrl":"https:\/\/parasolnetworks.com\/wp-content\/uploads\/INTERIORISMO-Y-REFORMAS-1024x768.jpg"},{"@type":"BreadcrumbList","@id":"https:\/\/parasolnetworks.com\/de\/innenausstattung-und-reformen\/#breadcrumb","itemListElement":[{"@type":"ListItem","position":1,"name":"Portada","item":"https:\/\/parasolnetworks.com\/de\/"},{"@type":"ListItem","position":2,"name":"Innenausstattung und reformen"}]},{"@type":"WebSite","@id":"https:\/\/parasolnetworks.com\/en\/#website","url":"https:\/\/parasolnetworks.com\/en\/","name":"Parasol Networks","description":"inmobiliaria","publisher":{"@id":"https:\/\/parasolnetworks.com\/en\/#organization"},"potentialAction":[{"@type":"SearchAction","target":{"@type":"EntryPoint","urlTemplate":"https:\/\/parasolnetworks.com\/en\/?s={search_term_string}"},"query-input":{"@type":"PropertyValueSpecification","valueRequired":true,"valueName":"search_term_string"}}],"inLanguage":"de"},{"@type":"Organization","@id":"https:\/\/parasolnetworks.com\/en\/#organization","name":"Parasol Networks","url":"https:\/\/parasolnetworks.com\/en\/","logo":{"@type":"ImageObject","inLanguage":"de","@id":"https:\/\/parasolnetworks.com\/en\/#\/schema\/logo\/image\/","url":"https:\/\/parasolnetworks.com\/wp-content\/uploads\/Logo.png","contentUrl":"https:\/\/parasolnetworks.com\/wp-content\/uploads\/Logo.png","width":2560,"height":570,"caption":"Parasol Networks"},"image":{"@id":"https:\/\/parasolnetworks.com\/en\/#\/schema\/logo\/image\/"}}]}},"_links":{"self":[{"href":"https:\/\/parasolnetworks.com\/de\/wp-json\/wp\/v2\/pages\/99523","targetHints":{"allow":["GET"]}}],"collection":[{"href":"https:\/\/parasolnetworks.com\/de\/wp-json\/wp\/v2\/pages"}],"about":[{"href":"https:\/\/parasolnetworks.com\/de\/wp-json\/wp\/v2\/types\/page"}],"author":[{"embeddable":true,"href":"https:\/\/parasolnetworks.com\/de\/wp-json\/wp\/v2\/users\/2"}],"replies":[{"embeddable":true,"href":"https:\/\/parasolnetworks.com\/de\/wp-json\/wp\/v2\/comments?post=99523"}],"version-history":[{"count":0,"href":"https:\/\/parasolnetworks.com\/de\/wp-json\/wp\/v2\/pages\/99523\/revisions"}],"wp:attachment":[{"href":"https:\/\/parasolnetworks.com\/de\/wp-json\/wp\/v2\/media?parent=99523"}],"curies":[{"name":"wp","href":"https:\/\/api.w.org\/{rel}","templated":true}]}}