{"id":30400,"date":"2017-01-10T10:42:10","date_gmt":"2017-01-10T09:42:10","guid":{"rendered":"http:\/\/nuevaweb.parasolnetworks.com\/?page_id=30400\/"},"modified":"2023-09-22T11:48:08","modified_gmt":"2023-09-22T09:48:08","slug":"unternehmen","status":"publish","type":"page","link":"https:\/\/parasolnetworks.com\/de\/unternehmen\/","title":{"rendered":"Unternehmen"},"content":{"rendered":"<div class=\"wpb-content-wrapper\"><p>[vc_row content_placement=&#8221;middle&#8221; css=&#8221;.vc_custom_1689862432143{margin-bottom: 30px !important;}&#8221;][vc_column width=&#8221;1\/3&#8243;][vc_column_text css=&#8221;.vc_custom_1689756572042{margin-bottom: 0px !important;}&#8221;]<span style=\"color: #009fb4; font-size: 1.75rem;\">Parasol Networks<\/span>[\/vc_column_text][vc_column_text]<\/p>\n<h2>\u00dcber uns?<\/h2>\n<p>[\/vc_column_text][vc_column_text]Wir sind eine Immobilienagentur mit Sitz in Oliva, die 2005 ihre T\u00fcren \u00f6ffnete.<\/p>\n<p>In all diesen Jahren konnten wir unsere Vertriebsmethode konsolidieren: konsequent, effizient und mit einer starken Kundenorientierung.<\/p>\n<p><strong>Parasol Networks<\/strong> besteht aus zweisprachigen Fachleuten mit einem hohen Ma\u00df an Qualifikation und Wissen in der Kundenberatung.[\/vc_column_text][\/vc_column][vc_column width=&#8221;2\/3&#8243;][vc_single_image image=&#8221;474035&#8243; img_size=&#8221;full&#8221;][\/vc_column][\/vc_row][vc_row full_width=&#8221;stretch_row&#8221; el_class=&#8221;color-background blue-background&#8221; css=&#8221;.vc_custom_1689834172056{margin-bottom: 30px !important;background-color: #009fb4 !important;}&#8221;][vc_column width=&#8221;1\/3&#8243;][vc_single_image image=&#8221;474060&#8243; img_size=&#8221;full&#8221; css=&#8221;.vc_custom_1695295144543{border-radius: 10px !important;}&#8221;][\/vc_column][vc_column width=&#8221;1\/3&#8243;][vc_column_text]<\/p>\n<h2 style=\"color: #ffffff;\">Beratung bei der Auswahl der Bereiche<\/h2>\n<p>[\/vc_column_text][vc_column_text]<\/p>\n<p style=\"color: #ffffff;\">Wir begleiten Sie bei der Auswahl der Bereiche.<\/p>\n<p style=\"color: #ffffff;\">Der Umzug in eine neue Stadt ist nicht einfach und wir wissen, dass die Bed\u00fcrfnisse von Familien mit Kindern andere sind als die von Paaren. Um das t\u00e4gliche Leben zu erleichtern, ist es wichtig, die Dienstleistungen und die Umgebung jedes Bereichs genau zu kennen.<\/p>\n<p>[\/vc_column_text][\/vc_column][vc_column width=&#8221;1\/3&#8243;][vc_column_text]<\/p>\n<h2 style=\"color: #ffffff;\">Follow-up in den ersten Tagen<\/h2>\n<p>[\/vc_column_text][vc_column_text]<\/p>\n<p style=\"color: #ffffff;\">Nach der Installation in Ihrem neuen Zuhause bleiben wir mit dem Kunden in Kontakt, um alle Vorf\u00e4lle zu l\u00f6sen, die in den ersten Tagen in Ihrem neuen Zuhause auftreten k\u00f6nnten.<\/p>\n<p>[\/vc_column_text][\/vc_column][\/vc_row][vc_row content_placement=&#8221;middle&#8221; css=&#8221;.vc_custom_1690188418117{margin-bottom: 30px !important;}&#8221;][vc_column width=&#8221;1\/3&#8243;][vc_column_text]<\/p>\n<h2>Suchen Sie ein Zuhause?<\/h2>\n<p>[\/vc_column_text][vc_column_text]Unsere Website wird t\u00e4glich aktualisiert. Hier finden Sie eine detaillierte Beschreibung der H\u00e4user zum Kauf in der Valencianischen Gemeinschaft und der Provinz Alicante.<\/p>\n<p>Schauen Sie es sich in Ruhe an, w\u00e4hlen Sie aus, was Sie am meisten interessiert und rufen Sie uns dann einfach an und senden Sie uns eine E-Mail, um weitere Informationen anzufordern oder den ersten Besuch zu vereinbaren.[\/vc_column_text][\/vc_column][vc_column width=&#8221;2\/3&#8243;][vc_single_image image=&#8221;474065&#8243; img_size=&#8221;full&#8221; css=&#8221;.vc_custom_1695295155913{border-radius: 10px !important;}&#8221;][\/vc_column][\/vc_row][vc_row][vc_column][vc_column_text]<\/p>\n<h2 style=\"text-align: center;\">Sie m\u00f6chten Ihre Immobilie verkaufen?<\/h2>\n<p>[\/vc_column_text][vc_row_inner el_class=&#8221;columns-with-shadow has-min-height-300&#8243; css=&#8221;.vc_custom_1689834228323{margin-top: 30px !important;margin-bottom: 30px !important;}&#8221;][vc_column_inner width=&#8221;1\/3&#8243;][vc_column_text]<\/p>\n<p style=\"text-align: center; margin: 0; font-size: 2.5rem; color: #eaa911;\">1<\/p>\n<h3 style=\"text-align: center; margin: 5px 0;\">Kostenlose Wertermittlung<\/h3>\n<p style=\"text-align: center; margin: 0;\">Wir f\u00fchren eine kostenlose Bewertung Ihres Hauses zu realen Preisen durch, ohne falsche Erwartungen zu wecken.<\/p>\n<p>[\/vc_column_text][\/vc_column_inner][vc_column_inner width=&#8221;1\/3&#8243;][vc_column_text]<\/p>\n<p style=\"text-align: center; margin: 0; font-size: 2.5rem; color: #eaa911;\">2<\/p>\n<h3 style=\"text-align: center; margin: 5px 0;\">Wir investieren in Werbung<\/h3>\n<p style=\"text-align: center; margin: 0;\">Ihr Zuhause wird in wichtigen Medien beworben. Inl\u00e4ndische und ausl\u00e4ndische Internetportale. Selbstverst\u00e4ndlich inserieren wir Ihre Immobilie auch auf unserer Website.<\/p>\n<p>[\/vc_column_text][\/vc_column_inner][vc_column_inner width=&#8221;1\/3&#8243;][vc_column_text]<\/p>\n<p style=\"text-align: center; margin: 0; font-size: 2.5rem; color: #eaa911;\">3<\/p>\n<h3 style=\"text-align: center; margin: 5px 0;\">Maximale Effizienz<\/h3>\n<p style=\"text-align: center; margin: 0;\">Wenn wir genau wissen, wonach der K\u00e4ufer sucht (gew\u00fcnschte Gebiete, Art des Hauses&#8230;) und wenn wir ganz sicher sind, dass die Suchkriterien zu seiner Immobilie passen, vereinbaren wir den Besichtigungstermin.<\/p>\n<p>[\/vc_column_text][\/vc_column_inner][\/vc_row_inner][\/vc_column][\/vc_row][vc_row full_width=&#8221;stretch_row&#8221; content_placement=&#8221;middle&#8221; el_class=&#8221;color-background orange-background&#8221; css=&#8221;.vc_custom_1690188431883{background-color: #eaa911 !important;}&#8221;][vc_column width=&#8221;1\/3&#8243;][vc_single_image image=&#8221;474070&#8243; img_size=&#8221;full&#8221; css=&#8221;.vc_custom_1695295167888{border-radius: 10px !important;}&#8221;][\/vc_column][vc_column width=&#8221;1\/3&#8243;][vc_column_text]<\/p>\n<h2 style=\"color: #ffffff;\">Wie k\u00f6nnen wir Ihnen dabei helfen?<\/h2>\n<p>[\/vc_column_text][vc_column_text]<\/p>\n<p style=\"color: #ffffff;\">Ob Sie eine Immobilie kaufen oder verkaufen m\u00f6chten, ein Mitglied unseres Teams begleitet Sie und ber\u00e4t Sie bei Vertr\u00e4gen und der \u00f6ffentlichen Kaufurkunde.<\/p>\n<p style=\"color: #ffffff;\">Kurz gesagt, wir sind hier, um Ihnen zu helfen. Wir arbeiten im Team und das Gef\u00fchl, zu einer kompakten Gruppe zu geh\u00f6ren, gibt uns das Gef\u00fchl, dass individuelle Erfolge auch kollektive Erfolge sind.<\/p>\n<p>[\/vc_column_text][\/vc_column][vc_column width=&#8221;1\/3&#8243;][vc_column_text]<\/p>\n<h2 style=\"color: #ffffff;\">Schwere<\/h2>\n<p>[\/vc_column_text][vc_column_text]<\/p>\n<p style=\"color: #ffffff;\">Wir arbeiten mit Berufsethik, lassen uns von Transparenz und individueller Behandlung leiten und verteidigen sowohl die Rechte des Kunden als auch des Eigent\u00fcmers.<\/p>\n<p>[\/vc_column_text][vc_column_text]<\/p>\n<h2 style=\"color: #ffffff;\">Empathie<\/h2>\n<p>[\/vc_column_text][vc_column_text]<\/p>\n<p style=\"color: #ffffff;\">Jeder Kunde ist anders und nicht jedes Zuhause passt zu seinem eigenen Lebensstil. Bei <strong>Real Estate Parasol Networks<\/strong> verstehen wir die Anforderungen unserer Kunden und bieten nur H\u00e4user an, die diesen individuellen Bed\u00fcrfnissen entsprechen.<\/p>\n<p>[\/vc_column_text][\/vc_column][\/vc_row][vc_row full_width=&#8221;stretch_row&#8221; el_class=&#8221;contact-form&#8221; css=&#8221;.vc_custom_1689761850882{background-color: #ffffff !important;}&#8221;][vc_column width=&#8221;1\/3&#8243;][vc_column_text]<\/p>\n<p style=\"font-size: 2rem; color: #000000; margin-bottom: 0;\">Mit uns&#8230;<\/p>\n<h2>Individuelle Erfolge sind auch kollektive Erfolge<\/h2>\n<p style=\"font-size: 2rem; color: #009fb4;\">Kontaktieren Sie mich jetzt!<\/p>\n<p>[\/vc_column_text][\/vc_column][vc_column width=&#8221;2\/3&#8243;]\n<div class=\"wpcf7 no-js\" id=\"wpcf7-f73085-o1\" lang=\"es-ES\" dir=\"ltr\" data-wpcf7-id=\"73085\">\n<div class=\"screen-reader-response\"><p role=\"status\" aria-live=\"polite\" aria-atomic=\"true\"><\/p> <ul><\/ul><\/div>\n<form action=\"\/de\/wp-json\/wp\/v2\/pages\/30400#wpcf7-f73085-o1\" method=\"post\" class=\"wpcf7-form init\" aria-label=\"Formulario de contacto\" novalidate=\"novalidate\" data-status=\"init\">\n<fieldset class=\"hidden-fields-container\"><input type=\"hidden\" name=\"_wpcf7\" value=\"73085\" \/><input type=\"hidden\" name=\"_wpcf7_version\" value=\"6.1.5\" \/><input type=\"hidden\" name=\"_wpcf7_locale\" value=\"es_ES\" \/><input type=\"hidden\" name=\"_wpcf7_unit_tag\" value=\"wpcf7-f73085-o1\" \/><input type=\"hidden\" name=\"_wpcf7_container_post\" value=\"0\" \/><input type=\"hidden\" name=\"_wpcf7_posted_data_hash\" value=\"\" \/><input type=\"hidden\" name=\"_wpcf7_recaptcha_response\" value=\"\" \/>\n<\/fieldset>\n<p><label><span style=\"color: #009fb4; font-weight: 900;\">Name*<\/span><br \/>\n<span class=\"wpcf7-form-control-wrap\" data-name=\"your-name\"><input size=\"40\" maxlength=\"400\" class=\"wpcf7-form-control wpcf7-text wpcf7-validates-as-required\" aria-required=\"true\" aria-invalid=\"false\" placeholder=\"Ihr Name und Nachname...\" value=\"\" type=\"text\" name=\"your-name\" \/><\/span> <\/label>\n<\/p>\n<p><label><span style=\"color: #009fb4; font-weight: 900;\">E-Mail *<\/span><br \/>\n<span class=\"wpcf7-form-control-wrap\" data-name=\"your-email\"><input size=\"40\" maxlength=\"400\" class=\"wpcf7-form-control wpcf7-email wpcf7-validates-as-required wpcf7-text wpcf7-validates-as-email\" aria-required=\"true\" aria-invalid=\"false\" placeholder=\"Deine E-Mail...\" value=\"\" type=\"email\" name=\"your-email\" \/><\/span> <\/label>\n<\/p>\n<p><label><span style=\"color: #009fb4; font-weight: 900;\">Telefonnummer<\/span><br \/>\n<span class=\"wpcf7-form-control-wrap\" data-name=\"your-phone\"><input size=\"40\" maxlength=\"400\" class=\"wpcf7-form-control wpcf7-tel wpcf7-text wpcf7-validates-as-tel\" aria-invalid=\"false\" placeholder=\"Deine Telefonnummer...\" value=\"\" type=\"tel\" name=\"your-phone\" \/><\/span> <\/label>\n<\/p>\n<p><label><span style=\"color: #009fb4; font-weight: 900;\">Nachricht*<\/span><br \/>\n<span class=\"wpcf7-form-control-wrap\" data-name=\"your-message\"><textarea cols=\"40\" rows=\"10\" maxlength=\"2000\" class=\"wpcf7-form-control wpcf7-textarea wpcf7-validates-as-required\" aria-required=\"true\" aria-invalid=\"false\" placeholder=\"Ihre Nachricht...\" name=\"your-message\"><\/textarea><\/span> <\/label>\n<\/p>\n<p style=\"text-size;6px; color:#8f8f8f\">Wir informieren Sie dar\u00fcber, dass Ihre Daten in eine beim AGPD registrierte Datei aufgenommen werden und dass Sie die M\u00f6glichkeit haben, Ihr Recht auf Auskunft, L\u00f6schung, Einschr\u00e4nkung und \u00dcbertragbarkeit auszu\u00fcben.\n<\/p>\n<p><label style=\"display: flex; gap: 10px\"><span class=\"wpcf7-form-control-wrap\" data-name=\"clausula\"><span class=\"wpcf7-form-control wpcf7-acceptance\"><span class=\"wpcf7-list-item\"><input type=\"checkbox\" name=\"clausula\" value=\"1\" aria-invalid=\"false\" \/><\/span><\/span><\/span> Ich stimme zu<\/label><br \/>\n<label style=\"display: flex; gap: 10px\"><br \/>\n<input type=\"checkbox\" name=\"clausula\" required \/><br \/>\nIch habe gelesen und akzeptiere die<br \/>\n<a href=\"https:\/\/parasolnetworks.com\/politica-de-privacidad\" target=\"_blank\">Datenschutzbestimmungen<\/a><br \/>\n<\/label>\n<\/p>\n<p><label style=\"display: flex; flex-direction: row-reverse\"><br \/>\n<input class=\"wpcf7-form-control wpcf7-submit has-spinner\" type=\"submit\" value=\"Schicken\" \/> <\/label>\n<\/p><div class=\"wpcf7-response-output\" aria-hidden=\"true\"><\/div>\n<\/form>\n<\/div>\n[\/vc_column][\/vc_row]<\/p>\n<\/div>","protected":false},"excerpt":{"rendered":"<p>[vc_row content_placement=&#8221;middle&#8221; css=&#8221;.vc_custom_1689862432143{margin-bottom: 30px !important;}&#8221;][vc_column width=&#8221;1\/3&#8243;][vc_column_text css=&#8221;.vc_custom_1689756572042{margin-bottom: 0px !important;}&#8221;]Parasol Networks[\/vc_column_text][vc_column_text] \u00dcber uns? [\/vc_column_text][vc_column_text]Wir sind eine Immobilienagentur mit Sitz in Oliva, die 2005 ihre T\u00fcren \u00f6ffnete. In all diesen Jahren konnten wir unsere Vertriebsmethode konsolidieren: konsequent, effizient und mit einer starken Kundenorientierung. Parasol Networks besteht aus zweisprachigen Fachleuten mit einem hohen Ma\u00df an Qualifikation und Wissen&#8230;<\/p>\n","protected":false},"author":2,"featured_media":0,"parent":0,"menu_order":0,"comment_status":"closed","ping_status":"closed","template":"templates\/full-width.php","meta":{"_joinchat":[],"footnotes":""},"class_list":["post-30400","page","type-page","status-publish","hentry"],"yoast_head":"<!-- This site is optimized with the Yoast SEO plugin v27.3 - https:\/\/yoast.com\/product\/yoast-seo-wordpress\/ -->\n<title>Unternehmen - Parasol Networks<\/title>\n<meta name=\"description\" content=\"Hier finden Sie eine detaillierte Beschreibung der H\u00e4user, die in der valencianischen Gemeinde in den Provinzen Alicante und Valencia gekauft werden k\u00f6nnen.\" \/>\n<meta name=\"robots\" content=\"index, follow, max-snippet:-1, max-image-preview:large, max-video-preview:-1\" \/>\n<link rel=\"canonical\" href=\"https:\/\/parasolnetworks.com\/de\/unternehmen\/\" \/>\n<meta property=\"og:locale\" content=\"de_DE\" \/>\n<meta property=\"og:type\" content=\"article\" \/>\n<meta property=\"og:title\" content=\"Unternehmen - Parasol Networks\" \/>\n<meta property=\"og:description\" content=\"Hier finden Sie eine detaillierte Beschreibung der H\u00e4user, die in der valencianischen Gemeinde in den Provinzen Alicante und Valencia gekauft werden k\u00f6nnen.\" \/>\n<meta property=\"og:url\" content=\"https:\/\/parasolnetworks.com\/de\/unternehmen\/\" \/>\n<meta property=\"og:site_name\" content=\"Parasol Networks\" \/>\n<meta property=\"article:modified_time\" content=\"2023-09-22T09:48:08+00:00\" \/>\n<meta name=\"twitter:card\" content=\"summary_large_image\" \/>\n<meta name=\"twitter:label1\" content=\"Gesch\u00e4tzte Lesezeit\" \/>\n\t<meta name=\"twitter:data1\" content=\"3\u00a0Minuten\" \/>\n<script type=\"application\/ld+json\" class=\"yoast-schema-graph\">{\"@context\":\"https:\\\/\\\/schema.org\",\"@graph\":[{\"@type\":\"WebPage\",\"@id\":\"https:\\\/\\\/parasolnetworks.com\\\/de\\\/unternehmen\\\/\",\"url\":\"https:\\\/\\\/parasolnetworks.com\\\/de\\\/unternehmen\\\/\",\"name\":\"Unternehmen - Parasol Networks\",\"isPartOf\":{\"@id\":\"https:\\\/\\\/parasolnetworks.com\\\/en\\\/#website\"},\"datePublished\":\"2017-01-10T09:42:10+00:00\",\"dateModified\":\"2023-09-22T09:48:08+00:00\",\"description\":\"Hier finden Sie eine detaillierte Beschreibung der H\u00e4user, die in der valencianischen Gemeinde in den Provinzen Alicante und Valencia gekauft werden k\u00f6nnen.\",\"breadcrumb\":{\"@id\":\"https:\\\/\\\/parasolnetworks.com\\\/de\\\/unternehmen\\\/#breadcrumb\"},\"inLanguage\":\"de\",\"potentialAction\":[{\"@type\":\"ReadAction\",\"target\":[\"https:\\\/\\\/parasolnetworks.com\\\/de\\\/unternehmen\\\/\"]}]},{\"@type\":\"BreadcrumbList\",\"@id\":\"https:\\\/\\\/parasolnetworks.com\\\/de\\\/unternehmen\\\/#breadcrumb\",\"itemListElement\":[{\"@type\":\"ListItem\",\"position\":1,\"name\":\"Portada\",\"item\":\"https:\\\/\\\/parasolnetworks.com\\\/de\\\/\"},{\"@type\":\"ListItem\",\"position\":2,\"name\":\"Unternehmen\"}]},{\"@type\":\"WebSite\",\"@id\":\"https:\\\/\\\/parasolnetworks.com\\\/en\\\/#website\",\"url\":\"https:\\\/\\\/parasolnetworks.com\\\/en\\\/\",\"name\":\"Parasol Networks\",\"description\":\"inmobiliaria\",\"publisher\":{\"@id\":\"https:\\\/\\\/parasolnetworks.com\\\/en\\\/#organization\"},\"potentialAction\":[{\"@type\":\"SearchAction\",\"target\":{\"@type\":\"EntryPoint\",\"urlTemplate\":\"https:\\\/\\\/parasolnetworks.com\\\/en\\\/?s={search_term_string}\"},\"query-input\":{\"@type\":\"PropertyValueSpecification\",\"valueRequired\":true,\"valueName\":\"search_term_string\"}}],\"inLanguage\":\"de\"},{\"@type\":\"Organization\",\"@id\":\"https:\\\/\\\/parasolnetworks.com\\\/en\\\/#organization\",\"name\":\"Parasol Networks\",\"url\":\"https:\\\/\\\/parasolnetworks.com\\\/en\\\/\",\"logo\":{\"@type\":\"ImageObject\",\"inLanguage\":\"de\",\"@id\":\"https:\\\/\\\/parasolnetworks.com\\\/en\\\/#\\\/schema\\\/logo\\\/image\\\/\",\"url\":\"https:\\\/\\\/parasolnetworks.com\\\/wp-content\\\/uploads\\\/Logo.png\",\"contentUrl\":\"https:\\\/\\\/parasolnetworks.com\\\/wp-content\\\/uploads\\\/Logo.png\",\"width\":2560,\"height\":570,\"caption\":\"Parasol Networks\"},\"image\":{\"@id\":\"https:\\\/\\\/parasolnetworks.com\\\/en\\\/#\\\/schema\\\/logo\\\/image\\\/\"}}]}<\/script>\n<!-- \/ Yoast SEO plugin. -->","yoast_head_json":{"title":"Unternehmen - Parasol Networks","description":"Hier finden Sie eine detaillierte Beschreibung der H\u00e4user, die in der valencianischen Gemeinde in den Provinzen Alicante und Valencia gekauft werden k\u00f6nnen.","robots":{"index":"index","follow":"follow","max-snippet":"max-snippet:-1","max-image-preview":"max-image-preview:large","max-video-preview":"max-video-preview:-1"},"canonical":"https:\/\/parasolnetworks.com\/de\/unternehmen\/","og_locale":"de_DE","og_type":"article","og_title":"Unternehmen - Parasol Networks","og_description":"Hier finden Sie eine detaillierte Beschreibung der H\u00e4user, die in der valencianischen Gemeinde in den Provinzen Alicante und Valencia gekauft werden k\u00f6nnen.","og_url":"https:\/\/parasolnetworks.com\/de\/unternehmen\/","og_site_name":"Parasol Networks","article_modified_time":"2023-09-22T09:48:08+00:00","twitter_card":"summary_large_image","twitter_misc":{"Gesch\u00e4tzte Lesezeit":"3\u00a0Minuten"},"schema":{"@context":"https:\/\/schema.org","@graph":[{"@type":"WebPage","@id":"https:\/\/parasolnetworks.com\/de\/unternehmen\/","url":"https:\/\/parasolnetworks.com\/de\/unternehmen\/","name":"Unternehmen - Parasol Networks","isPartOf":{"@id":"https:\/\/parasolnetworks.com\/en\/#website"},"datePublished":"2017-01-10T09:42:10+00:00","dateModified":"2023-09-22T09:48:08+00:00","description":"Hier finden Sie eine detaillierte Beschreibung der H\u00e4user, die in der valencianischen Gemeinde in den Provinzen Alicante und Valencia gekauft werden k\u00f6nnen.","breadcrumb":{"@id":"https:\/\/parasolnetworks.com\/de\/unternehmen\/#breadcrumb"},"inLanguage":"de","potentialAction":[{"@type":"ReadAction","target":["https:\/\/parasolnetworks.com\/de\/unternehmen\/"]}]},{"@type":"BreadcrumbList","@id":"https:\/\/parasolnetworks.com\/de\/unternehmen\/#breadcrumb","itemListElement":[{"@type":"ListItem","position":1,"name":"Portada","item":"https:\/\/parasolnetworks.com\/de\/"},{"@type":"ListItem","position":2,"name":"Unternehmen"}]},{"@type":"WebSite","@id":"https:\/\/parasolnetworks.com\/en\/#website","url":"https:\/\/parasolnetworks.com\/en\/","name":"Parasol Networks","description":"inmobiliaria","publisher":{"@id":"https:\/\/parasolnetworks.com\/en\/#organization"},"potentialAction":[{"@type":"SearchAction","target":{"@type":"EntryPoint","urlTemplate":"https:\/\/parasolnetworks.com\/en\/?s={search_term_string}"},"query-input":{"@type":"PropertyValueSpecification","valueRequired":true,"valueName":"search_term_string"}}],"inLanguage":"de"},{"@type":"Organization","@id":"https:\/\/parasolnetworks.com\/en\/#organization","name":"Parasol Networks","url":"https:\/\/parasolnetworks.com\/en\/","logo":{"@type":"ImageObject","inLanguage":"de","@id":"https:\/\/parasolnetworks.com\/en\/#\/schema\/logo\/image\/","url":"https:\/\/parasolnetworks.com\/wp-content\/uploads\/Logo.png","contentUrl":"https:\/\/parasolnetworks.com\/wp-content\/uploads\/Logo.png","width":2560,"height":570,"caption":"Parasol Networks"},"image":{"@id":"https:\/\/parasolnetworks.com\/en\/#\/schema\/logo\/image\/"}}]}},"_links":{"self":[{"href":"https:\/\/parasolnetworks.com\/de\/wp-json\/wp\/v2\/pages\/30400","targetHints":{"allow":["GET"]}}],"collection":[{"href":"https:\/\/parasolnetworks.com\/de\/wp-json\/wp\/v2\/pages"}],"about":[{"href":"https:\/\/parasolnetworks.com\/de\/wp-json\/wp\/v2\/types\/page"}],"author":[{"embeddable":true,"href":"https:\/\/parasolnetworks.com\/de\/wp-json\/wp\/v2\/users\/2"}],"replies":[{"embeddable":true,"href":"https:\/\/parasolnetworks.com\/de\/wp-json\/wp\/v2\/comments?post=30400"}],"version-history":[{"count":0,"href":"https:\/\/parasolnetworks.com\/de\/wp-json\/wp\/v2\/pages\/30400\/revisions"}],"wp:attachment":[{"href":"https:\/\/parasolnetworks.com\/de\/wp-json\/wp\/v2\/media?parent=30400"}],"curies":[{"name":"wp","href":"https:\/\/api.w.org\/{rel}","templated":true}]}}