{"id":116365,"date":"2018-05-24T12:56:42","date_gmt":"2018-05-24T10:56:42","guid":{"rendered":"https:\/\/parasolnetworks.com\/aviso-legal-politica-de-privacidad\/"},"modified":"2024-11-06T13:33:44","modified_gmt":"2024-11-06T12:33:44","slug":"aviso-legal","status":"publish","type":"page","link":"https:\/\/parasolnetworks.com\/de\/aviso-legal\/","title":{"rendered":"Aviso legal"},"content":{"rendered":"<p><strong>**Rechtlicher Hinweis**<\/strong><\/p>\n<p>In \u00dcbereinstimmung mit dem Gesetz 34\/2002 vom 11. Juli \u00fcber Dienstleistungen der Informationsgesellschaft und des elektronischen Handels teilen wir Ihnen folgende Informationen mit:<\/p>\n<p>**Inhaber dieser Website:**<br \/>\n<strong>WENCESLAO FEMENIA ESCRIV\u00c0 (im Folgenden PARASOL NETWORKS)<\/strong><br \/>\nAdresse: C\/ Constituci\u00f3, 2-2\u00ba-4, Oliva (46780), Valencia<br \/>\nNIF: <strong>19989571-H<\/strong><br \/>\nTelefon: <strong>96 285 47 29<\/strong><br \/>\nE-Mail: info@parasolnetworks.com<\/p>\n<p>Die Nutzung der Inhalte und\/oder Dienste dieses Portals durch den Nutzer setzt die ausdr\u00fcckliche Zustimmung zu den folgenden Bedingungen voraus:<\/p>\n<p><strong>**Nutzungsbedingungen des Portals**<\/strong><br \/>\n<strong>PARASOL NETWORKS<\/strong> beh\u00e4lt sich das Recht vor, \u00c4nderungen am Inhalt dieses Portals ohne vorherige Ank\u00fcndigung vorzunehmen, sowie an dessen Konfiguration und Pr\u00e4sentation. Dieses Portal kann Links zu externen Seiten enthalten, f\u00fcr deren Inhalt oder sonstige Aspekte <strong>PARASOL NETWORKS<\/strong> keine Verantwortung \u00fcbernimmt.<\/p>\n<p>Die Texte, Bilder, Logos und sonstigen Inhalte auf diesem Portal sind Eigentum von <strong>PARASOL NETWORKS<\/strong>. Die \u00dcbertragung, Verbreitung, Reproduktion oder Speicherung, sei es ganz oder teilweise, ist ohne vorherige Zustimmung von <strong>PARASOL NETWORKS<\/strong> untersagt, sofern nicht anders angegeben.<\/p>\n<p>Um jede auf diesem Portal zum Download verf\u00fcgbare Software zu installieren oder zu verwenden, m\u00fcssen die Bedingungen des gegebenenfalls beigef\u00fcgten Lizenzvertrags akzeptiert werden. <strong>PARASOL NETWORKS<\/strong> haftet nicht f\u00fcr etwaige Sch\u00e4den, die durch die Nutzung veralteter Browserversionen oder durch Fehlfunktionen des Browsers verursacht werden, sei es aufgrund falscher Konfiguration, Computerviren oder aus anderen, von <strong>PARASOL NETWORKS<\/strong> unabh\u00e4ngigen Gr\u00fcnden.<\/p>\n<p><strong>**Schutz personenbezogener Daten**<\/strong><br \/>\nIn \u00dcbereinstimmung mit dem spanischen Organgesetz 3\/2018 vom 5. Dezember \u00fcber den Schutz personenbezogener Daten und die Garantie digitaler Rechte informiert <strong>PARASOL NETWORKS<\/strong> Sie dar\u00fcber, dass die von Ihnen \u00fcber ein Anmelde-, Antrags- oder Anfrageformular auf dieser Website bereitgestellten personenbezogenen Daten verarbeitet und in eine Datenbank (&#8220;<strong>WEB USERS<\/strong>&#8220;) aufgenommen werden, die von <strong>PARASOL NETWORKS<\/strong> verwaltet wird.<\/p>\n<p>Um Ihre Rechte auf Zugang, Berichtigung, Widerspruch, L\u00f6schung, \u00dcbertragbarkeit und Einschr\u00e4nkung der Verarbeitung Ihrer personenbezogenen Daten gem\u00e4\u00df den geltenden Datenschutzbestimmungen auszu\u00fcben, k\u00f6nnen Sie sich schriftlich an <strong>PARASOL NETWORKS<\/strong>, C\/ Constituci\u00f3, 2-2\u00ba-4, Oliva (46780), Valencia wenden. Die Erhebung Ihrer personenbezogenen Daten erfolgt haupts\u00e4chlich, um Ihnen die auf dieser Website angebotenen Dienstleistungen zur Verf\u00fcgung zu stellen.<\/p>\n<p><strong>PARASOL NETWORKS<\/strong> wird die von Ihnen bereitgestellten personenbezogenen Daten ausschlie\u00dflich f\u00fcr die angegebenen Zwecke verwenden.<\/p>\n<p>Wir geben die bereitgestellten Informationen nicht an Dritte weiter, es sei denn, es besteht eine gesetzliche Verpflichtung oder ein rechtliches Verfahren, und wir verkaufen diese Informationen unter keinen Umst\u00e4nden.<\/p>\n<p><strong>PARASOL NETWORKS<\/strong> informiert Sie dar\u00fcber, dass die notwendigen technischen und organisatorischen Sicherheitsma\u00dfnahmen implementiert wurden, um die Sicherheit Ihrer personenbezogenen Daten zu gew\u00e4hrleisten und deren Ver\u00e4nderung, Verlust, Verarbeitung und\/oder unbefugten Zugriff zu verhindern, gem\u00e4\u00df dem spanischen Organgesetz 3\/2018 vom 5. Dezember \u00fcber den Schutz personenbezogener Daten und die Garantie digitaler Rechte.<\/p>\n<p><strong>**Anwendbares Recht und Gerichtsstand**<\/strong><br \/>\nDieser rechtliche Hinweis unterliegt in allen Punkten dem spanischen Recht, und alle Streitigkeiten, die sich aus oder im Zusammenhang mit der Nutzung dieses Portals ergeben, unterliegen der Zust\u00e4ndigkeit der Gerichte von Valencia.<\/p>\n","protected":false},"excerpt":{"rendered":"<p>**Rechtlicher Hinweis** In \u00dcbereinstimmung mit dem Gesetz 34\/2002 vom 11. Juli \u00fcber Dienstleistungen der Informationsgesellschaft und des elektronischen Handels teilen wir Ihnen folgende Informationen mit: **Inhaber dieser Website:** WENCESLAO FEMENIA ESCRIV\u00c0 (im Folgenden PARASOL NETWORKS) Adresse: C\/ Constituci\u00f3, 2-2\u00ba-4, Oliva (46780), Valencia NIF: 19989571-H Telefon: 96 285 47 29 E-Mail: info@parasolnetworks.com Die Nutzung der Inhalte&#8230;<\/p>\n","protected":false},"author":2,"featured_media":0,"parent":0,"menu_order":0,"comment_status":"closed","ping_status":"closed","template":"","meta":{"_joinchat":[],"footnotes":""},"class_list":["post-116365","page","type-page","status-publish","hentry"],"yoast_head":"<!-- This site is optimized with the Yoast SEO plugin v27.3 - https:\/\/yoast.com\/product\/yoast-seo-wordpress\/ -->\n<title>Aviso legal - Parasol Networks<\/title>\n<meta name=\"robots\" content=\"index, follow, max-snippet:-1, max-image-preview:large, max-video-preview:-1\" \/>\n<link rel=\"canonical\" href=\"https:\/\/parasolnetworks.com\/de\/aviso-legal\/\" \/>\n<meta property=\"og:locale\" content=\"de_DE\" \/>\n<meta property=\"og:type\" content=\"article\" \/>\n<meta property=\"og:title\" content=\"Aviso legal - Parasol Networks\" \/>\n<meta property=\"og:description\" content=\"**Rechtlicher Hinweis** In \u00dcbereinstimmung mit dem Gesetz 34\/2002 vom 11. Juli \u00fcber Dienstleistungen der Informationsgesellschaft und des elektronischen Handels teilen wir Ihnen folgende Informationen mit: **Inhaber dieser Website:** WENCESLAO FEMENIA ESCRIV\u00c0 (im Folgenden PARASOL NETWORKS) Adresse: C\/ Constituci\u00f3, 2-2\u00ba-4, Oliva (46780), Valencia NIF: 19989571-H Telefon: 96 285 47 29 E-Mail: info@parasolnetworks.com Die Nutzung der Inhalte...\" \/>\n<meta property=\"og:url\" content=\"https:\/\/parasolnetworks.com\/de\/aviso-legal\/\" \/>\n<meta property=\"og:site_name\" content=\"Parasol Networks\" \/>\n<meta property=\"article:modified_time\" content=\"2024-11-06T12:33:44+00:00\" \/>\n<meta name=\"twitter:card\" content=\"summary_large_image\" \/>\n<meta name=\"twitter:label1\" content=\"Gesch\u00e4tzte Lesezeit\" \/>\n\t<meta name=\"twitter:data1\" content=\"3\u00a0Minuten\" \/>\n<script type=\"application\/ld+json\" class=\"yoast-schema-graph\">{\"@context\":\"https:\\\/\\\/schema.org\",\"@graph\":[{\"@type\":\"WebPage\",\"@id\":\"https:\\\/\\\/parasolnetworks.com\\\/de\\\/aviso-legal\\\/\",\"url\":\"https:\\\/\\\/parasolnetworks.com\\\/de\\\/aviso-legal\\\/\",\"name\":\"Aviso legal - Parasol Networks\",\"isPartOf\":{\"@id\":\"https:\\\/\\\/parasolnetworks.com\\\/en\\\/#website\"},\"datePublished\":\"2018-05-24T10:56:42+00:00\",\"dateModified\":\"2024-11-06T12:33:44+00:00\",\"breadcrumb\":{\"@id\":\"https:\\\/\\\/parasolnetworks.com\\\/de\\\/aviso-legal\\\/#breadcrumb\"},\"inLanguage\":\"de\",\"potentialAction\":[{\"@type\":\"ReadAction\",\"target\":[\"https:\\\/\\\/parasolnetworks.com\\\/de\\\/aviso-legal\\\/\"]}]},{\"@type\":\"BreadcrumbList\",\"@id\":\"https:\\\/\\\/parasolnetworks.com\\\/de\\\/aviso-legal\\\/#breadcrumb\",\"itemListElement\":[{\"@type\":\"ListItem\",\"position\":1,\"name\":\"Portada\",\"item\":\"https:\\\/\\\/parasolnetworks.com\\\/de\\\/\"},{\"@type\":\"ListItem\",\"position\":2,\"name\":\"Aviso legal\"}]},{\"@type\":\"WebSite\",\"@id\":\"https:\\\/\\\/parasolnetworks.com\\\/en\\\/#website\",\"url\":\"https:\\\/\\\/parasolnetworks.com\\\/en\\\/\",\"name\":\"Parasol Networks\",\"description\":\"inmobiliaria\",\"publisher\":{\"@id\":\"https:\\\/\\\/parasolnetworks.com\\\/en\\\/#organization\"},\"potentialAction\":[{\"@type\":\"SearchAction\",\"target\":{\"@type\":\"EntryPoint\",\"urlTemplate\":\"https:\\\/\\\/parasolnetworks.com\\\/en\\\/?s={search_term_string}\"},\"query-input\":{\"@type\":\"PropertyValueSpecification\",\"valueRequired\":true,\"valueName\":\"search_term_string\"}}],\"inLanguage\":\"de\"},{\"@type\":\"Organization\",\"@id\":\"https:\\\/\\\/parasolnetworks.com\\\/en\\\/#organization\",\"name\":\"Parasol Networks\",\"url\":\"https:\\\/\\\/parasolnetworks.com\\\/en\\\/\",\"logo\":{\"@type\":\"ImageObject\",\"inLanguage\":\"de\",\"@id\":\"https:\\\/\\\/parasolnetworks.com\\\/en\\\/#\\\/schema\\\/logo\\\/image\\\/\",\"url\":\"https:\\\/\\\/parasolnetworks.com\\\/wp-content\\\/uploads\\\/Logo.png\",\"contentUrl\":\"https:\\\/\\\/parasolnetworks.com\\\/wp-content\\\/uploads\\\/Logo.png\",\"width\":2560,\"height\":570,\"caption\":\"Parasol Networks\"},\"image\":{\"@id\":\"https:\\\/\\\/parasolnetworks.com\\\/en\\\/#\\\/schema\\\/logo\\\/image\\\/\"}}]}<\/script>\n<!-- \/ Yoast SEO plugin. -->","yoast_head_json":{"title":"Aviso legal - Parasol Networks","robots":{"index":"index","follow":"follow","max-snippet":"max-snippet:-1","max-image-preview":"max-image-preview:large","max-video-preview":"max-video-preview:-1"},"canonical":"https:\/\/parasolnetworks.com\/de\/aviso-legal\/","og_locale":"de_DE","og_type":"article","og_title":"Aviso legal - Parasol Networks","og_description":"**Rechtlicher Hinweis** In \u00dcbereinstimmung mit dem Gesetz 34\/2002 vom 11. Juli \u00fcber Dienstleistungen der Informationsgesellschaft und des elektronischen Handels teilen wir Ihnen folgende Informationen mit: **Inhaber dieser Website:** WENCESLAO FEMENIA ESCRIV\u00c0 (im Folgenden PARASOL NETWORKS) Adresse: C\/ Constituci\u00f3, 2-2\u00ba-4, Oliva (46780), Valencia NIF: 19989571-H Telefon: 96 285 47 29 E-Mail: info@parasolnetworks.com Die Nutzung der Inhalte...","og_url":"https:\/\/parasolnetworks.com\/de\/aviso-legal\/","og_site_name":"Parasol Networks","article_modified_time":"2024-11-06T12:33:44+00:00","twitter_card":"summary_large_image","twitter_misc":{"Gesch\u00e4tzte Lesezeit":"3\u00a0Minuten"},"schema":{"@context":"https:\/\/schema.org","@graph":[{"@type":"WebPage","@id":"https:\/\/parasolnetworks.com\/de\/aviso-legal\/","url":"https:\/\/parasolnetworks.com\/de\/aviso-legal\/","name":"Aviso legal - Parasol Networks","isPartOf":{"@id":"https:\/\/parasolnetworks.com\/en\/#website"},"datePublished":"2018-05-24T10:56:42+00:00","dateModified":"2024-11-06T12:33:44+00:00","breadcrumb":{"@id":"https:\/\/parasolnetworks.com\/de\/aviso-legal\/#breadcrumb"},"inLanguage":"de","potentialAction":[{"@type":"ReadAction","target":["https:\/\/parasolnetworks.com\/de\/aviso-legal\/"]}]},{"@type":"BreadcrumbList","@id":"https:\/\/parasolnetworks.com\/de\/aviso-legal\/#breadcrumb","itemListElement":[{"@type":"ListItem","position":1,"name":"Portada","item":"https:\/\/parasolnetworks.com\/de\/"},{"@type":"ListItem","position":2,"name":"Aviso legal"}]},{"@type":"WebSite","@id":"https:\/\/parasolnetworks.com\/en\/#website","url":"https:\/\/parasolnetworks.com\/en\/","name":"Parasol Networks","description":"inmobiliaria","publisher":{"@id":"https:\/\/parasolnetworks.com\/en\/#organization"},"potentialAction":[{"@type":"SearchAction","target":{"@type":"EntryPoint","urlTemplate":"https:\/\/parasolnetworks.com\/en\/?s={search_term_string}"},"query-input":{"@type":"PropertyValueSpecification","valueRequired":true,"valueName":"search_term_string"}}],"inLanguage":"de"},{"@type":"Organization","@id":"https:\/\/parasolnetworks.com\/en\/#organization","name":"Parasol Networks","url":"https:\/\/parasolnetworks.com\/en\/","logo":{"@type":"ImageObject","inLanguage":"de","@id":"https:\/\/parasolnetworks.com\/en\/#\/schema\/logo\/image\/","url":"https:\/\/parasolnetworks.com\/wp-content\/uploads\/Logo.png","contentUrl":"https:\/\/parasolnetworks.com\/wp-content\/uploads\/Logo.png","width":2560,"height":570,"caption":"Parasol Networks"},"image":{"@id":"https:\/\/parasolnetworks.com\/en\/#\/schema\/logo\/image\/"}}]}},"_links":{"self":[{"href":"https:\/\/parasolnetworks.com\/de\/wp-json\/wp\/v2\/pages\/116365","targetHints":{"allow":["GET"]}}],"collection":[{"href":"https:\/\/parasolnetworks.com\/de\/wp-json\/wp\/v2\/pages"}],"about":[{"href":"https:\/\/parasolnetworks.com\/de\/wp-json\/wp\/v2\/types\/page"}],"author":[{"embeddable":true,"href":"https:\/\/parasolnetworks.com\/de\/wp-json\/wp\/v2\/users\/2"}],"replies":[{"embeddable":true,"href":"https:\/\/parasolnetworks.com\/de\/wp-json\/wp\/v2\/comments?post=116365"}],"version-history":[{"count":0,"href":"https:\/\/parasolnetworks.com\/de\/wp-json\/wp\/v2\/pages\/116365\/revisions"}],"wp:attachment":[{"href":"https:\/\/parasolnetworks.com\/de\/wp-json\/wp\/v2\/media?parent=116365"}],"curies":[{"name":"wp","href":"https:\/\/api.w.org\/{rel}","templated":true}]}}