{"id":99513,"date":"2019-07-31T13:24:00","date_gmt":"2019-07-31T11:24:00","guid":{"rendered":"https:\/\/parasolnetworks.com\/?page_id=99513\/"},"modified":"2019-07-31T13:54:46","modified_gmt":"2019-07-31T11:54:46","slug":"interiorisme-i-reformes","status":"publish","type":"page","link":"https:\/\/parasolnetworks.com\/ca\/interiorisme-i-reformes\/","title":{"rendered":"Interiorisme i reformes"},"content":{"rendered":"<h1><img fetchpriority=\"high\" decoding=\"async\" class=\"size-large wp-image-99509 aligncenter\" src=\"https:\/\/parasolnetworks.com\/wp-content\/uploads\/INTERIORISMO-Y-REFORMAS-1024x768.jpg\" alt=\"\" width=\"828\" height=\"621\" srcset=\"https:\/\/parasolnetworks.com\/wp-content\/uploads\/INTERIORISMO-Y-REFORMAS-1024x768.jpg 1024w, https:\/\/parasolnetworks.com\/wp-content\/uploads\/INTERIORISMO-Y-REFORMAS-300x225.jpg 300w, https:\/\/parasolnetworks.com\/wp-content\/uploads\/INTERIORISMO-Y-REFORMAS-768x576.jpg 768w, https:\/\/parasolnetworks.com\/wp-content\/uploads\/INTERIORISMO-Y-REFORMAS-150x113.jpg 150w, https:\/\/parasolnetworks.com\/wp-content\/uploads\/INTERIORISMO-Y-REFORMAS.jpg 1298w\" sizes=\"(max-width: 828px) 100vw, 828px\" \/><\/h1>\n<p>Si li agrada un immoble i vol canviar la seva distribuci\u00f3 o decoraci\u00f3, li oferim la possibilitat de realitzar un estudi de reforma i decoraci\u00f3 personalitzat, d&#8217;acord a les seves necessitats, des de petits retocs fins a una reforma i redistribuci\u00f3 completa de l&#8217;immoble.<\/p>\n<p>El nostre equip d&#8217;arquitectes i decoradors escoltar\u00e0 les seves necessitats i li aconsellar\u00e0 amb la finalitat de treure-li el m\u00e0xim partit a la reforma, perqu\u00e8 pugui convertir el seu immoble a la casa dels seus somnis.<\/p>\n","protected":false},"excerpt":{"rendered":"<p>Si li agrada un immoble i vol canviar la seva distribuci\u00f3 o decoraci\u00f3, li oferim la possibilitat de realitzar un estudi de reforma i decoraci\u00f3 personalitzat, d&#8217;acord a les seves necessitats, des de petits retocs fins a una reforma i redistribuci\u00f3 completa de l&#8217;immoble. El nostre equip d&#8217;arquitectes i decoradors escoltar\u00e0 les seves necessitats i&#8230;<\/p>\n","protected":false},"author":2,"featured_media":0,"parent":0,"menu_order":0,"comment_status":"closed","ping_status":"closed","template":"","meta":{"_joinchat":[],"footnotes":""},"class_list":["post-99513","page","type-page","status-publish","hentry"],"yoast_head":"<!-- This site is optimized with the Yoast SEO plugin v27.1.1 - https:\/\/yoast.com\/product\/yoast-seo-wordpress\/ -->\n<title>Interiorisme i reformes - Parasol Networks<\/title>\n<meta name=\"robots\" content=\"index, follow, max-snippet:-1, max-image-preview:large, max-video-preview:-1\" \/>\n<link rel=\"canonical\" href=\"https:\/\/parasolnetworks.com\/ca\/interiorisme-i-reformes\/\" \/>\n<meta property=\"og:locale\" content=\"ca_ES\" \/>\n<meta property=\"og:type\" content=\"article\" \/>\n<meta property=\"og:title\" content=\"Interiorisme i reformes - Parasol Networks\" \/>\n<meta property=\"og:description\" content=\"Si li agrada un immoble i vol canviar la seva distribuci\u00f3 o decoraci\u00f3, li oferim la possibilitat de realitzar un estudi de reforma i decoraci\u00f3 personalitzat, d&#8217;acord a les seves necessitats, des de petits retocs fins a una reforma i redistribuci\u00f3 completa de l&#8217;immoble. El nostre equip d&#8217;arquitectes i decoradors escoltar\u00e0 les seves necessitats i...\" \/>\n<meta property=\"og:url\" content=\"https:\/\/parasolnetworks.com\/ca\/interiorisme-i-reformes\/\" \/>\n<meta property=\"og:site_name\" content=\"Parasol Networks\" \/>\n<meta property=\"article:modified_time\" content=\"2019-07-31T11:54:46+00:00\" \/>\n<meta property=\"og:image\" content=\"https:\/\/parasolnetworks.com\/wp-content\/uploads\/INTERIORISMO-Y-REFORMAS-1024x768.jpg\" \/>\n<meta name=\"twitter:card\" content=\"summary_large_image\" \/>\n<script type=\"application\/ld+json\" class=\"yoast-schema-graph\">{\"@context\":\"https:\/\/schema.org\",\"@graph\":[{\"@type\":\"WebPage\",\"@id\":\"https:\/\/parasolnetworks.com\/ca\/interiorisme-i-reformes\/\",\"url\":\"https:\/\/parasolnetworks.com\/ca\/interiorisme-i-reformes\/\",\"name\":\"Interiorisme i reformes - Parasol Networks\",\"isPartOf\":{\"@id\":\"https:\/\/parasolnetworks.com\/en\/#website\"},\"primaryImageOfPage\":{\"@id\":\"https:\/\/parasolnetworks.com\/ca\/interiorisme-i-reformes\/#primaryimage\"},\"image\":{\"@id\":\"https:\/\/parasolnetworks.com\/ca\/interiorisme-i-reformes\/#primaryimage\"},\"thumbnailUrl\":\"https:\/\/parasolnetworks.com\/wp-content\/uploads\/INTERIORISMO-Y-REFORMAS-1024x768.jpg\",\"datePublished\":\"2019-07-31T11:24:00+00:00\",\"dateModified\":\"2019-07-31T11:54:46+00:00\",\"breadcrumb\":{\"@id\":\"https:\/\/parasolnetworks.com\/ca\/interiorisme-i-reformes\/#breadcrumb\"},\"inLanguage\":\"ca\",\"potentialAction\":[{\"@type\":\"ReadAction\",\"target\":[\"https:\/\/parasolnetworks.com\/ca\/interiorisme-i-reformes\/\"]}]},{\"@type\":\"ImageObject\",\"inLanguage\":\"ca\",\"@id\":\"https:\/\/parasolnetworks.com\/ca\/interiorisme-i-reformes\/#primaryimage\",\"url\":\"https:\/\/parasolnetworks.com\/wp-content\/uploads\/INTERIORISMO-Y-REFORMAS-1024x768.jpg\",\"contentUrl\":\"https:\/\/parasolnetworks.com\/wp-content\/uploads\/INTERIORISMO-Y-REFORMAS-1024x768.jpg\"},{\"@type\":\"BreadcrumbList\",\"@id\":\"https:\/\/parasolnetworks.com\/ca\/interiorisme-i-reformes\/#breadcrumb\",\"itemListElement\":[{\"@type\":\"ListItem\",\"position\":1,\"name\":\"Portada\",\"item\":\"https:\/\/parasolnetworks.com\/ca\/\"},{\"@type\":\"ListItem\",\"position\":2,\"name\":\"Interiorisme i reformes\"}]},{\"@type\":\"WebSite\",\"@id\":\"https:\/\/parasolnetworks.com\/en\/#website\",\"url\":\"https:\/\/parasolnetworks.com\/en\/\",\"name\":\"Parasol Networks\",\"description\":\"inmobiliaria\",\"publisher\":{\"@id\":\"https:\/\/parasolnetworks.com\/en\/#organization\"},\"potentialAction\":[{\"@type\":\"SearchAction\",\"target\":{\"@type\":\"EntryPoint\",\"urlTemplate\":\"https:\/\/parasolnetworks.com\/en\/?s={search_term_string}\"},\"query-input\":{\"@type\":\"PropertyValueSpecification\",\"valueRequired\":true,\"valueName\":\"search_term_string\"}}],\"inLanguage\":\"ca\"},{\"@type\":\"Organization\",\"@id\":\"https:\/\/parasolnetworks.com\/en\/#organization\",\"name\":\"Parasol Networks\",\"url\":\"https:\/\/parasolnetworks.com\/en\/\",\"logo\":{\"@type\":\"ImageObject\",\"inLanguage\":\"ca\",\"@id\":\"https:\/\/parasolnetworks.com\/en\/#\/schema\/logo\/image\/\",\"url\":\"https:\/\/parasolnetworks.com\/wp-content\/uploads\/Logo.png\",\"contentUrl\":\"https:\/\/parasolnetworks.com\/wp-content\/uploads\/Logo.png\",\"width\":2560,\"height\":570,\"caption\":\"Parasol Networks\"},\"image\":{\"@id\":\"https:\/\/parasolnetworks.com\/en\/#\/schema\/logo\/image\/\"}}]}<\/script>\n<!-- \/ Yoast SEO plugin. -->","yoast_head_json":{"title":"Interiorisme i reformes - Parasol Networks","robots":{"index":"index","follow":"follow","max-snippet":"max-snippet:-1","max-image-preview":"max-image-preview:large","max-video-preview":"max-video-preview:-1"},"canonical":"https:\/\/parasolnetworks.com\/ca\/interiorisme-i-reformes\/","og_locale":"ca_ES","og_type":"article","og_title":"Interiorisme i reformes - Parasol Networks","og_description":"Si li agrada un immoble i vol canviar la seva distribuci\u00f3 o decoraci\u00f3, li oferim la possibilitat de realitzar un estudi de reforma i decoraci\u00f3 personalitzat, d&#8217;acord a les seves necessitats, des de petits retocs fins a una reforma i redistribuci\u00f3 completa de l&#8217;immoble. El nostre equip d&#8217;arquitectes i decoradors escoltar\u00e0 les seves necessitats i...","og_url":"https:\/\/parasolnetworks.com\/ca\/interiorisme-i-reformes\/","og_site_name":"Parasol Networks","article_modified_time":"2019-07-31T11:54:46+00:00","og_image":[{"url":"https:\/\/parasolnetworks.com\/wp-content\/uploads\/INTERIORISMO-Y-REFORMAS-1024x768.jpg","type":"","width":"","height":""}],"twitter_card":"summary_large_image","schema":{"@context":"https:\/\/schema.org","@graph":[{"@type":"WebPage","@id":"https:\/\/parasolnetworks.com\/ca\/interiorisme-i-reformes\/","url":"https:\/\/parasolnetworks.com\/ca\/interiorisme-i-reformes\/","name":"Interiorisme i reformes - Parasol Networks","isPartOf":{"@id":"https:\/\/parasolnetworks.com\/en\/#website"},"primaryImageOfPage":{"@id":"https:\/\/parasolnetworks.com\/ca\/interiorisme-i-reformes\/#primaryimage"},"image":{"@id":"https:\/\/parasolnetworks.com\/ca\/interiorisme-i-reformes\/#primaryimage"},"thumbnailUrl":"https:\/\/parasolnetworks.com\/wp-content\/uploads\/INTERIORISMO-Y-REFORMAS-1024x768.jpg","datePublished":"2019-07-31T11:24:00+00:00","dateModified":"2019-07-31T11:54:46+00:00","breadcrumb":{"@id":"https:\/\/parasolnetworks.com\/ca\/interiorisme-i-reformes\/#breadcrumb"},"inLanguage":"ca","potentialAction":[{"@type":"ReadAction","target":["https:\/\/parasolnetworks.com\/ca\/interiorisme-i-reformes\/"]}]},{"@type":"ImageObject","inLanguage":"ca","@id":"https:\/\/parasolnetworks.com\/ca\/interiorisme-i-reformes\/#primaryimage","url":"https:\/\/parasolnetworks.com\/wp-content\/uploads\/INTERIORISMO-Y-REFORMAS-1024x768.jpg","contentUrl":"https:\/\/parasolnetworks.com\/wp-content\/uploads\/INTERIORISMO-Y-REFORMAS-1024x768.jpg"},{"@type":"BreadcrumbList","@id":"https:\/\/parasolnetworks.com\/ca\/interiorisme-i-reformes\/#breadcrumb","itemListElement":[{"@type":"ListItem","position":1,"name":"Portada","item":"https:\/\/parasolnetworks.com\/ca\/"},{"@type":"ListItem","position":2,"name":"Interiorisme i reformes"}]},{"@type":"WebSite","@id":"https:\/\/parasolnetworks.com\/en\/#website","url":"https:\/\/parasolnetworks.com\/en\/","name":"Parasol Networks","description":"inmobiliaria","publisher":{"@id":"https:\/\/parasolnetworks.com\/en\/#organization"},"potentialAction":[{"@type":"SearchAction","target":{"@type":"EntryPoint","urlTemplate":"https:\/\/parasolnetworks.com\/en\/?s={search_term_string}"},"query-input":{"@type":"PropertyValueSpecification","valueRequired":true,"valueName":"search_term_string"}}],"inLanguage":"ca"},{"@type":"Organization","@id":"https:\/\/parasolnetworks.com\/en\/#organization","name":"Parasol Networks","url":"https:\/\/parasolnetworks.com\/en\/","logo":{"@type":"ImageObject","inLanguage":"ca","@id":"https:\/\/parasolnetworks.com\/en\/#\/schema\/logo\/image\/","url":"https:\/\/parasolnetworks.com\/wp-content\/uploads\/Logo.png","contentUrl":"https:\/\/parasolnetworks.com\/wp-content\/uploads\/Logo.png","width":2560,"height":570,"caption":"Parasol Networks"},"image":{"@id":"https:\/\/parasolnetworks.com\/en\/#\/schema\/logo\/image\/"}}]}},"_links":{"self":[{"href":"https:\/\/parasolnetworks.com\/ca\/wp-json\/wp\/v2\/pages\/99513","targetHints":{"allow":["GET"]}}],"collection":[{"href":"https:\/\/parasolnetworks.com\/ca\/wp-json\/wp\/v2\/pages"}],"about":[{"href":"https:\/\/parasolnetworks.com\/ca\/wp-json\/wp\/v2\/types\/page"}],"author":[{"embeddable":true,"href":"https:\/\/parasolnetworks.com\/ca\/wp-json\/wp\/v2\/users\/2"}],"replies":[{"embeddable":true,"href":"https:\/\/parasolnetworks.com\/ca\/wp-json\/wp\/v2\/comments?post=99513"}],"version-history":[{"count":0,"href":"https:\/\/parasolnetworks.com\/ca\/wp-json\/wp\/v2\/pages\/99513\/revisions"}],"wp:attachment":[{"href":"https:\/\/parasolnetworks.com\/ca\/wp-json\/wp\/v2\/media?parent=99513"}],"curies":[{"name":"wp","href":"https:\/\/api.w.org\/{rel}","templated":true}]}}