{"id":575091,"date":"2024-11-06T13:45:27","date_gmt":"2024-11-06T12:45:27","guid":{"rendered":"https:\/\/parasolnetworks.com\/politica-de-privacidad\/"},"modified":"2024-11-06T13:45:27","modified_gmt":"2024-11-06T12:45:27","slug":"politica-de-privacidad","status":"publish","type":"page","link":"https:\/\/parasolnetworks.com\/ca\/politica-de-privacidad\/","title":{"rendered":"Pol\u00edtica de Privacidad"},"content":{"rendered":"<p class=\"western\" align=\"justify\"><span style=\"font-family: Arial, serif;\"><span style=\"font-size: medium;\"><b>Pol\u00edtica de Protecci\u00f3n de Datos de Car\u00e1cter Personal<\/b><\/span><\/span><\/p>\n<p class=\"western\" align=\"justify\"><span style=\"font-family: Arial, serif;\"><span style=\"font-size: medium;\">El titular de la web y responsable del tratamiento, <\/span><\/span><span style=\"font-family: Arial, serif;\"><span style=\"font-size: medium;\"><b>WENCESLAO FEMENIA ESCRIV\u00c0 (en adelante, PARASOL NETWORKS)<\/b><\/span><\/span> <span style=\"font-family: Arial, serif;\"><span style=\"font-size: medium;\">con domicilio en <\/span><\/span><span style=\"font-family: Arial, serif;\"><span style=\"font-size: medium;\">C\/ Constituci\u00f3, 2-2\u00ba-4 de Oliva (46780) Valencia<\/span><\/span><span style=\"font-family: Arial, serif;\"><span style=\"font-size: medium;\"> y <\/span><\/span><span style=\"font-family: Arial, serif;\"><span style=\"font-size: medium;\"><span lang=\"es-ES-u-co-trad\">NIF: <\/span><\/span><\/span><span style=\"font-family: Arial, serif;\"><span style=\"font-size: medium;\"><b>19989571-H<\/b><\/span><\/span><span style=\"font-family: Arial, serif;\"><span style=\"font-size: medium;\"> es el titular del Portal y lo pone a disposici\u00f3n de los usuarios de Internet, con el fin tanto de proporcionar informaci\u00f3n sobre los servicios que presta <\/span><\/span><span style=\"font-family: Arial, serif;\"><span style=\"font-size: medium;\"><b>PARASOL NETWORKS<\/b><\/span><\/span><span style=\"font-family: Arial, serif;\"><span style=\"font-size: medium;\">, as\u00ed como el de permitir la prestaci\u00f3n de servicios a trav\u00e9s del Portal.<\/span><\/span><\/p>\n<p class=\"western\" align=\"justify\">\n<p class=\"western\" align=\"justify\"><span style=\"font-family: Arial, serif;\"><span style=\"font-size: medium;\"><u><b>Datos de Contacto<\/b><\/u><\/span><\/span><\/p>\n<p class=\"western\"><span style=\"font-family: Arial, serif;\"><span style=\"font-size: medium;\">Tel\u00e9fono de contacto: <\/span><\/span><span style=\"color: #000000;\"><span style=\"font-family: Arial, serif;\"><span style=\"font-size: medium;\"><span lang=\"es-ES-u-co-trad\"><b>96 285 47 29<\/b><\/span><\/span><\/span><\/span><\/p>\n<p class=\"western\" align=\"justify\"><a name=\"_GoBack\"><\/a> <span style=\"font-family: Arial, serif;\"><span style=\"font-size: medium;\">Para cualquier gesti\u00f3n o solicitud con respecto a la privacidad de <\/span><\/span><span style=\"font-family: Arial, serif;\"><span style=\"font-size: medium;\"><b>PARASOL NETWORKS<\/b><\/span><\/span><span style=\"font-family: Arial, serif;\"><span style=\"font-size: medium;\">, el usuario podr\u00e1 dirigirse a nuestra direcci\u00f3n de correo electr\u00f3nico <\/span><\/span><span style=\"font-family: Arial, serif;\"><span style=\"font-size: medium;\">a<\/span><\/span> <span style=\"color: #0563c1;\"><u><a href=\"mailto:info@parasolnetworks.com\"><span style=\"font-family: Arial, serif;\"><span style=\"font-size: medium;\">info@parasolnetworks.com<\/span><\/span><\/a><\/u><\/span><\/p>\n<p class=\"western\" align=\"justify\">\n<p class=\"western\" align=\"justify\"><span style=\"font-family: Arial, serif;\"><span style=\"font-size: medium;\"><b>1.- Finalidad \u00bfCon qu\u00e9 finalidades tratamos sus datos?<\/b><\/span><\/span><\/p>\n<p class=\"western\" align=\"justify\"><span style=\"font-family: Arial, serif;\"><span style=\"font-size: medium;\"><b>PARASOL NETWORKS<\/b><\/span><\/span><span style=\"font-family: Arial, serif;\"><span style=\"font-size: medium;\"> informa al Usuario de la existencia de un tratamiento de datos de car\u00e1cter personal (<\/span><\/span><span style=\"font-family: Arial, serif;\"><span style=\"font-size: medium;\"><b>tratamiento denominado \u201cUSUARIOS WEB\u201d<\/b><\/span><\/span><span style=\"font-family: Arial, serif;\"><span style=\"font-size: medium;\">) creado con los datos obtenidos en la p\u00e1gina web por y para <\/span><\/span><span style=\"font-family: Arial, serif;\"><span style=\"font-size: medium;\"><b>PARASOL NETWORKS<\/b><\/span><\/span><span style=\"font-family: Arial, serif;\"><span style=\"font-size: medium;\"> y bajo su responsabilidad.\u00a0<\/span><\/span><\/p>\n<p class=\"western\" align=\"justify\"><span style=\"font-family: Arial, serif;\"><span style=\"font-size: medium;\">Dicho tratamiento ha sido creado con la finalidad de facilitar informaci\u00f3n sobre la prestaci\u00f3n de los servicios ofrecidos por el Portal, as\u00ed como atender y gestionar las consultas realizadas por los usuarios a trav\u00e9s de esta v\u00eda.<\/span><\/span><\/p>\n<ul>\n<li>\n<p class=\"western\" align=\"justify\"><span style=\"font-family: Arial, serif;\"><span style=\"font-size: medium;\">Los plazos de conservaci\u00f3n de los datos que los usuarios nos proporcionen a trav\u00e9s de los formularios presentes en la web son los siguientes: <\/span><\/span><\/p>\n<ul>\n<li>\n<p class=\"western\" align=\"justify\"><span style=\"font-family: Arial, serif;\"><span style=\"font-size: medium;\">En el caso de consultas: Una vez contestada la consulta, el a\u00f1o en curso<\/span><\/span><\/p>\n<\/li>\n<li>\n<p class=\"western\" align=\"justify\"><span style=\"font-family: Arial, serif;\"><span style=\"font-size: medium;\">En el caso de contratar alguno de nuestros servicios: Mientras dure la relaci\u00f3n contractual<\/span><\/span><\/p>\n<\/li>\n<\/ul>\n<\/li>\n<\/ul>\n<p class=\"western\" align=\"justify\">\u00a0<span style=\"font-family: Arial, serif;\"><span style=\"font-size: medium;\"><b>2.- Legitimaci\u00f3n \u00bfCu\u00e1l es la legitimaci\u00f3n para el tratamiento de sus datos?<\/b><\/span><\/span><\/p>\n<p align=\"justify\">\n<p class=\"western\" align=\"justify\"><span style=\"font-family: Arial, serif;\"><span style=\"font-size: medium;\">La base legal para el tratamiento de los datos personales de los usuarios es el <\/span><\/span><span style=\"font-family: Arial, serif;\"><span style=\"font-size: medium;\"><b>propio consentimiento del interesado<\/b><\/span><\/span><span style=\"font-family: Arial, serif;\"><span style=\"font-size: medium;\">.<\/span><\/span><\/p>\n<p class=\"western\" align=\"justify\"><span style=\"font-family: Arial, serif;\"><span style=\"font-size: medium;\">Asimismo, la oferta prospectiva de servicios est\u00e1 basada en el consentimiento que se solicita al usuario sin que ning\u00fan caso la retirada de este consentimiento condicione la ejecuci\u00f3n de otras finalidades.<\/span><\/span><\/p>\n<p class=\"western\" align=\"justify\"><span style=\"font-family: Arial, serif;\"><span style=\"font-size: medium;\">El usuario no tiene la obligaci\u00f3n de facilitarnos sus datos personales, pero en caso de no facilitarnos los datos m\u00ednimos solicitados, no se podr\u00e1n llevar a cabo las operaciones que se ofrecen online en nuestra web, tales como atender las consultas, contactar, dejar un comentario, participar y\/o acceder a seg\u00fan qu\u00e9 apartados de la web.<\/span><\/span><\/p>\n<p class=\"western\" align=\"justify\"><span style=\"font-family: Arial, serif;\"><span style=\"font-size: medium;\">Adem\u00e1s, informamos que el usuario podr\u00e1 revocar el consentimiento para la recogida y tratamiento de sus datos personales en cualquier momento, mediante el procedimiento que establecemos para ello, sin que ello afecte a la licitud del tratamiento basado en el consentimiento previo a su retirada.<\/span><\/span><\/p>\n<p align=\"justify\">\n<p class=\"western\" align=\"justify\"><span style=\"font-family: Arial, serif;\"><span style=\"font-size: medium;\"><b>3.- Destinatarios \u00bfA qu\u00e9 destinatarios se comunicar\u00e1n sus datos?<\/b><\/span><\/span><\/p>\n<p class=\"western\" align=\"justify\"><span style=\"font-family: Arial, serif;\"><span style=\"font-size: medium;\">Los datos que se recogen en esta web mediante los formularios correspondientes no ser\u00e1n cedidos a terceros y \u00fanicamente podr\u00e1n ser objeto de comunicaci\u00f3n a otras empresas que ejercen de encargados del tratamiento de datos personales, y que solo tratar\u00e1n los datos conforme a las estrictas indicaciones que <\/span><\/span><span style=\"font-family: Arial, serif;\"><span style=\"font-size: medium;\"><b>PARASOL NETWORKS<\/b><\/span><\/span><span style=\"font-family: Arial, serif;\"><span style=\"font-size: medium;\"> establece con dichos encargados. En todo caso los datos ser\u00e1n comunicados dentro del espacio de la Uni\u00f3n Europea y solo para los fines anteriormente indicados.<\/span><\/span><\/p>\n<p align=\"justify\">\n<p class=\"western\" align=\"justify\"><span style=\"font-family: Arial, serif;\"><span style=\"font-size: medium;\"><b>4.- Derechos \u00bfCu\u00e1les son sus derechos cuando nos facilita sus datos?<\/b><\/span><\/span><\/p>\n<p class=\"western\" align=\"justify\"><span style=\"font-family: Arial, serif;\"><span style=\"font-size: medium;\">A los usuarios de la web titularidad de <\/span><\/span><span style=\"font-family: Arial, serif;\"><span style=\"font-size: medium;\"><b>PARASOL NETWORKS<\/b><\/span><\/span><span style=\"font-family: Arial, serif;\"><span style=\"font-size: medium;\"> se les garantiza los derechos que se establecen en la legislaci\u00f3n en materia de Protecci\u00f3n de Datos Personales:<\/span><\/span><\/p>\n<p class=\"western\" align=\"justify\"><span style=\"font-family: Arial, serif;\"><span style=\"font-size: medium;\">En primer lugar, el usuario tiene derecho a obtener una confirmaci\u00f3n sobre si en <\/span><\/span><span style=\"font-family: Arial, serif;\"><span style=\"font-size: medium;\"><b>PARASOL NETWORKS<\/b><\/span><\/span><span style=\"font-family: Arial, serif;\"><span style=\"font-size: medium;\"> se est\u00e1n tratando datos personales que le conciernan o no.<\/span><\/span><\/p>\n<p class=\"western\" align=\"justify\"><span style=\"font-family: Arial, serif;\"><span style=\"font-size: medium;\">Los usuarios tendr\u00e1n derecho a acceder a sus datos personales, as\u00ed como a solicitar la rectificaci\u00f3n de los datos que sean inexactos o, en su caso, solicitar su supresi\u00f3n, oposici\u00f3n o limitaci\u00f3n cuando, entre otros motivos, los datos ya no sean necesarios para los fines que fueron recogidos, as\u00ed como la portabilidad para facilitar sus datos personales a un nuevo responsable.<\/span><\/span><\/p>\n<p class=\"western\" align=\"justify\"><span style=\"font-family: Arial, serif;\"><span style=\"font-size: medium;\">Los usuarios tienen derecho a oponerse al tratamiento de sus datos personales, por lo que <\/span><\/span><span style=\"font-family: Arial, serif;\"><span style=\"font-size: medium;\"><b>PARASOL NETWORKS<\/b><\/span><\/span><span style=\"font-family: Arial, serif;\"><span style=\"font-size: medium;\"> dejar\u00e1 de tratar sus datos, salvo si existen motivos leg\u00edtimos, imperiosos, o el ejercicio o la defensa de posibles reclamaciones.<\/span><\/span><\/p>\n<p class=\"western\" align=\"justify\"><span style=\"font-family: Arial, serif;\"><span style=\"font-size: medium;\">Los usuarios tienen la facultad de solicitar a <\/span><\/span><span style=\"font-family: Arial, serif;\"><span style=\"font-size: medium;\"><b>PARASOL NETWORKS<\/b><\/span><\/span><span style=\"font-family: Arial, serif;\"><span style=\"font-size: medium;\"> que limite los tratamientos de sus datos personales cuando se cumplan los requisitos que el Reglamento UE 2016\/679 y la <\/span><\/span><span style=\"font-family: Arial, serif;\"><span style=\"font-size: medium;\">Ley Org\u00e1nica 3\/2018, de 5 de diciembre, de Protecci\u00f3n de Datos Personales y garant\u00eda de los derechos digitales<\/span><\/span><span style=\"font-family: Arial, serif;\"><span style=\"font-size: medium;\"> exigen.<\/span><\/span><\/p>\n<p class=\"western\" align=\"justify\"><span style=\"font-family: Arial, serif;\"><span style=\"font-size: medium;\"><b>PARASOL NETWORKS<\/b><\/span><\/span><span style=\"font-family: Arial, serif;\"><span style=\"font-size: medium;\"> le informa que tiene implantadas las medidas de seguridad de \u00edndole t\u00e9cnica y organizativas necesarias que garanticen la seguridad de sus datos de car\u00e1cter personal y eviten su alteraci\u00f3n, p\u00e9rdida, tratamiento y\/o acceso no autorizado, seg\u00fan lo dispuesto en el RGPD 2016\/679 de\u00a027 de abril de 2016 y la <\/span><\/span><span style=\"font-family: Arial, serif;\"><span style=\"font-size: medium;\">Ley Org\u00e1nica 3\/2018, de 5 de diciembre, de Protecci\u00f3n de Datos Personales y garant\u00eda de los derechos digitales.<\/span><\/span><\/p>\n<p class=\"western\" align=\"justify\"><span style=\"font-family: Arial, serif;\"><span style=\"font-size: medium;\">Por \u00faltimo, informamos que cualquier interesado podr\u00e1 presentar una reclamaci\u00f3n ante la Agencia Espa\u00f1ola de Protecci\u00f3n de Datos, especialmente cuando no haya obtenido satisfacci\u00f3n en el ejercicio de sus derechos.<\/span><\/span><\/p>\n<p class=\"western\" align=\"justify\"><span style=\"font-family: Arial, serif;\"><span style=\"font-size: medium;\">En el siguiente link obtendr\u00e1 m\u00e1s informaci\u00f3n sobre las reclamaciones ante la Agencia Espa\u00f1ola de Protecci\u00f3n de Datos:<\/span><\/span><\/p>\n<p class=\"western\"><span style=\"color: #0563c1;\"><u><a href=\"https:\/\/sedeagpd.gob.es\/sede-electronica-web\/vistas\/infoSede\/tramitesCiudadano.jsf\"><span style=\"font-family: Arial, serif;\">https:\/\/sedeagpd.gob.es\/sede-electronica-web\/vistas\/infoSede\/tramitesCiudadano.jsf<\/span><\/a><\/u><\/span><\/p>\n<p>&nbsp;<\/p>\n<p class=\"western\"><span style=\"font-family: Arial, serif;\"><span style=\"font-size: medium;\"><b>5.- Comunicaciones Comerciales<\/b><\/span><\/span><\/p>\n<p class=\"western\" align=\"justify\"><span style=\"font-family: Arial, serif;\"><span style=\"font-size: medium;\"><b>PARASOL NETWORKS<\/b><\/span><\/span><span style=\"font-family: Arial, serif;\"><span style=\"font-size: medium;\"> podr\u00e1 enviar comunicaciones comerciales por cualquier medio con pleno respeto a la legislaci\u00f3n que en materia de protecci\u00f3n de datos personales se encuentre vigente.<\/span><\/span><\/p>\n<p class=\"western\" align=\"justify\"><span style=\"font-family: Arial, serif;\"><span style=\"font-size: medium;\">Para las comunicaciones comerciales realizadas a trav\u00e9s del correo electr\u00f3nico y medios equivalentes en cumplimiento de lo dispuesto en la Ley 34\/2002, de 11 de julio, de Servicios de la Sociedad de la Informaci\u00f3n y de Comercio Electr\u00f3nico, ser\u00e1 debidamente recabado el consentimiento del Usuario en el momento de recoger los datos correspondientes.<\/span><\/span><\/p>\n<p class=\"western\" align=\"justify\"><span style=\"font-family: Arial, serif;\"><span style=\"font-size: medium;\">El Usuario podr\u00e1 revocar en cualquier momento el consentimiento prestado a la recepci\u00f3n de las comunicaciones personales con la simple notificaci\u00f3n de su voluntad a <\/span><\/span><span style=\"font-family: Arial, serif;\"><span style=\"font-size: medium;\"><b>PARASOL NETWORKS<\/b><\/span><\/span><span style=\"font-family: Arial, serif;\"><span style=\"font-size: medium;\"> a nuestra direcci\u00f3n de correo electr\u00f3nico<\/span><\/span> <span style=\"color: #0563c1;\"><u><a href=\"mailto:info@parasolnetworks.com\"><span style=\"font-family: Arial, serif;\"><span style=\"font-size: medium;\">info@parasolnetworks.com<\/span><\/span><\/a><\/u><\/span><\/p>\n","protected":false},"excerpt":{"rendered":"<p>Pol\u00edtica de Protecci\u00f3n de Datos de Car\u00e1cter Personal El titular de la web y responsable del tratamiento, WENCESLAO FEMENIA ESCRIV\u00c0 (en adelante, PARASOL NETWORKS) con domicilio en C\/ Constituci\u00f3, 2-2\u00ba-4 de Oliva (46780) Valencia y NIF: 19989571-H es el titular del Portal y lo pone a disposici\u00f3n de los usuarios de Internet, con el fin&#8230;<\/p>\n","protected":false},"author":2,"featured_media":0,"parent":0,"menu_order":0,"comment_status":"closed","ping_status":"closed","template":"","meta":{"_joinchat":[],"footnotes":""},"class_list":["post-575091","page","type-page","status-publish","hentry"],"yoast_head":"<!-- This site is optimized with the Yoast SEO plugin v27.1.1 - https:\/\/yoast.com\/product\/yoast-seo-wordpress\/ -->\n<title>Pol\u00edtica de Privacidad - Parasol Networks<\/title>\n<meta name=\"robots\" content=\"index, follow, max-snippet:-1, max-image-preview:large, max-video-preview:-1\" \/>\n<link rel=\"canonical\" href=\"https:\/\/parasolnetworks.com\/ca\/politica-de-privacidad\/\" \/>\n<meta property=\"og:locale\" content=\"ca_ES\" \/>\n<meta property=\"og:type\" content=\"article\" \/>\n<meta property=\"og:title\" content=\"Pol\u00edtica de Privacidad - Parasol Networks\" \/>\n<meta property=\"og:description\" content=\"Pol\u00edtica de Protecci\u00f3n de Datos de Car\u00e1cter Personal El titular de la web y responsable del tratamiento, WENCESLAO FEMENIA ESCRIV\u00c0 (en adelante, PARASOL NETWORKS) con domicilio en C\/ Constituci\u00f3, 2-2\u00ba-4 de Oliva (46780) Valencia y NIF: 19989571-H es el titular del Portal y lo pone a disposici\u00f3n de los usuarios de Internet, con el fin...\" \/>\n<meta property=\"og:url\" content=\"https:\/\/parasolnetworks.com\/ca\/politica-de-privacidad\/\" \/>\n<meta property=\"og:site_name\" content=\"Parasol Networks\" \/>\n<meta name=\"twitter:card\" content=\"summary_large_image\" \/>\n<meta name=\"twitter:label1\" content=\"Temps estimat de lectura\" \/>\n\t<meta name=\"twitter:data1\" content=\"5 minuts\" \/>\n<script type=\"application\/ld+json\" class=\"yoast-schema-graph\">{\"@context\":\"https:\/\/schema.org\",\"@graph\":[{\"@type\":\"WebPage\",\"@id\":\"https:\/\/parasolnetworks.com\/ca\/politica-de-privacidad\/\",\"url\":\"https:\/\/parasolnetworks.com\/ca\/politica-de-privacidad\/\",\"name\":\"Pol\u00edtica de Privacidad - Parasol Networks\",\"isPartOf\":{\"@id\":\"https:\/\/parasolnetworks.com\/en\/#website\"},\"datePublished\":\"2024-11-06T12:45:27+00:00\",\"breadcrumb\":{\"@id\":\"https:\/\/parasolnetworks.com\/ca\/politica-de-privacidad\/#breadcrumb\"},\"inLanguage\":\"ca\",\"potentialAction\":[{\"@type\":\"ReadAction\",\"target\":[\"https:\/\/parasolnetworks.com\/ca\/politica-de-privacidad\/\"]}]},{\"@type\":\"BreadcrumbList\",\"@id\":\"https:\/\/parasolnetworks.com\/ca\/politica-de-privacidad\/#breadcrumb\",\"itemListElement\":[{\"@type\":\"ListItem\",\"position\":1,\"name\":\"Portada\",\"item\":\"https:\/\/parasolnetworks.com\/ca\/\"},{\"@type\":\"ListItem\",\"position\":2,\"name\":\"Pol\u00edtica de Privacidad\"}]},{\"@type\":\"WebSite\",\"@id\":\"https:\/\/parasolnetworks.com\/en\/#website\",\"url\":\"https:\/\/parasolnetworks.com\/en\/\",\"name\":\"Parasol Networks\",\"description\":\"inmobiliaria\",\"publisher\":{\"@id\":\"https:\/\/parasolnetworks.com\/en\/#organization\"},\"potentialAction\":[{\"@type\":\"SearchAction\",\"target\":{\"@type\":\"EntryPoint\",\"urlTemplate\":\"https:\/\/parasolnetworks.com\/en\/?s={search_term_string}\"},\"query-input\":{\"@type\":\"PropertyValueSpecification\",\"valueRequired\":true,\"valueName\":\"search_term_string\"}}],\"inLanguage\":\"ca\"},{\"@type\":\"Organization\",\"@id\":\"https:\/\/parasolnetworks.com\/en\/#organization\",\"name\":\"Parasol Networks\",\"url\":\"https:\/\/parasolnetworks.com\/en\/\",\"logo\":{\"@type\":\"ImageObject\",\"inLanguage\":\"ca\",\"@id\":\"https:\/\/parasolnetworks.com\/en\/#\/schema\/logo\/image\/\",\"url\":\"https:\/\/parasolnetworks.com\/wp-content\/uploads\/Logo.png\",\"contentUrl\":\"https:\/\/parasolnetworks.com\/wp-content\/uploads\/Logo.png\",\"width\":2560,\"height\":570,\"caption\":\"Parasol Networks\"},\"image\":{\"@id\":\"https:\/\/parasolnetworks.com\/en\/#\/schema\/logo\/image\/\"}}]}<\/script>\n<!-- \/ Yoast SEO plugin. -->","yoast_head_json":{"title":"Pol\u00edtica de Privacidad - Parasol Networks","robots":{"index":"index","follow":"follow","max-snippet":"max-snippet:-1","max-image-preview":"max-image-preview:large","max-video-preview":"max-video-preview:-1"},"canonical":"https:\/\/parasolnetworks.com\/ca\/politica-de-privacidad\/","og_locale":"ca_ES","og_type":"article","og_title":"Pol\u00edtica de Privacidad - Parasol Networks","og_description":"Pol\u00edtica de Protecci\u00f3n de Datos de Car\u00e1cter Personal El titular de la web y responsable del tratamiento, WENCESLAO FEMENIA ESCRIV\u00c0 (en adelante, PARASOL NETWORKS) con domicilio en C\/ Constituci\u00f3, 2-2\u00ba-4 de Oliva (46780) Valencia y NIF: 19989571-H es el titular del Portal y lo pone a disposici\u00f3n de los usuarios de Internet, con el fin...","og_url":"https:\/\/parasolnetworks.com\/ca\/politica-de-privacidad\/","og_site_name":"Parasol Networks","twitter_card":"summary_large_image","twitter_misc":{"Temps estimat de lectura":"5 minuts"},"schema":{"@context":"https:\/\/schema.org","@graph":[{"@type":"WebPage","@id":"https:\/\/parasolnetworks.com\/ca\/politica-de-privacidad\/","url":"https:\/\/parasolnetworks.com\/ca\/politica-de-privacidad\/","name":"Pol\u00edtica de Privacidad - Parasol Networks","isPartOf":{"@id":"https:\/\/parasolnetworks.com\/en\/#website"},"datePublished":"2024-11-06T12:45:27+00:00","breadcrumb":{"@id":"https:\/\/parasolnetworks.com\/ca\/politica-de-privacidad\/#breadcrumb"},"inLanguage":"ca","potentialAction":[{"@type":"ReadAction","target":["https:\/\/parasolnetworks.com\/ca\/politica-de-privacidad\/"]}]},{"@type":"BreadcrumbList","@id":"https:\/\/parasolnetworks.com\/ca\/politica-de-privacidad\/#breadcrumb","itemListElement":[{"@type":"ListItem","position":1,"name":"Portada","item":"https:\/\/parasolnetworks.com\/ca\/"},{"@type":"ListItem","position":2,"name":"Pol\u00edtica de Privacidad"}]},{"@type":"WebSite","@id":"https:\/\/parasolnetworks.com\/en\/#website","url":"https:\/\/parasolnetworks.com\/en\/","name":"Parasol Networks","description":"inmobiliaria","publisher":{"@id":"https:\/\/parasolnetworks.com\/en\/#organization"},"potentialAction":[{"@type":"SearchAction","target":{"@type":"EntryPoint","urlTemplate":"https:\/\/parasolnetworks.com\/en\/?s={search_term_string}"},"query-input":{"@type":"PropertyValueSpecification","valueRequired":true,"valueName":"search_term_string"}}],"inLanguage":"ca"},{"@type":"Organization","@id":"https:\/\/parasolnetworks.com\/en\/#organization","name":"Parasol Networks","url":"https:\/\/parasolnetworks.com\/en\/","logo":{"@type":"ImageObject","inLanguage":"ca","@id":"https:\/\/parasolnetworks.com\/en\/#\/schema\/logo\/image\/","url":"https:\/\/parasolnetworks.com\/wp-content\/uploads\/Logo.png","contentUrl":"https:\/\/parasolnetworks.com\/wp-content\/uploads\/Logo.png","width":2560,"height":570,"caption":"Parasol Networks"},"image":{"@id":"https:\/\/parasolnetworks.com\/en\/#\/schema\/logo\/image\/"}}]}},"_links":{"self":[{"href":"https:\/\/parasolnetworks.com\/ca\/wp-json\/wp\/v2\/pages\/575091","targetHints":{"allow":["GET"]}}],"collection":[{"href":"https:\/\/parasolnetworks.com\/ca\/wp-json\/wp\/v2\/pages"}],"about":[{"href":"https:\/\/parasolnetworks.com\/ca\/wp-json\/wp\/v2\/types\/page"}],"author":[{"embeddable":true,"href":"https:\/\/parasolnetworks.com\/ca\/wp-json\/wp\/v2\/users\/2"}],"replies":[{"embeddable":true,"href":"https:\/\/parasolnetworks.com\/ca\/wp-json\/wp\/v2\/comments?post=575091"}],"version-history":[{"count":0,"href":"https:\/\/parasolnetworks.com\/ca\/wp-json\/wp\/v2\/pages\/575091\/revisions"}],"wp:attachment":[{"href":"https:\/\/parasolnetworks.com\/ca\/wp-json\/wp\/v2\/media?parent=575091"}],"curies":[{"name":"wp","href":"https:\/\/api.w.org\/{rel}","templated":true}]}}