{"id":474139,"date":"2017-06-23T12:03:36","date_gmt":"2017-06-23T12:03:36","guid":{"rendered":"https:\/\/parasolnetworks.com\/home\/"},"modified":"2024-03-12T15:38:00","modified_gmt":"2024-03-12T14:38:00","slug":"home","status":"publish","type":"page","link":"https:\/\/parasolnetworks.com\/ca\/","title":{"rendered":"Inici"},"content":{"rendered":"<div class=\"wpb-content-wrapper\"><p>[vc_row css=&#8221;.vc_custom_1710254138070{padding-bottom: 80px !important;}&#8221;][vc_column][vc_column_text]<\/p>\n<h2 style=\"font-size: 2.5rem; text-align: center;\"><span style=\"font-size: 2rem; color: #009fb4; font-weight: bolder;\">M\u00e9s opcions<\/span><br \/>\nde cerca<\/h2>\n<p>[\/vc_column_text][vc_row_inner content_placement=&#8221;middle&#8221; el_class=&#8221;boxed-shadow-row&#8221;][vc_column_inner width=&#8221;1\/3&#8243;][vc_single_image image=&#8221;518585&#8243; img_size=&#8221;full&#8221; alignment=&#8221;center&#8221; onclick=&#8221;custom_link&#8221; link=&#8221;https:\/\/parasolnetworks.com\/ca\/resultats-de-la-cerca\/?type%5B%5D=villa-ca&#8221;][vc_btn title=&#8221;Veure villas&#8221; shape=&#8221;square&#8221; color=&#8221;orange&#8221; align=&#8221;center&#8221; button_block=&#8221;true&#8221; link=&#8221;url:https%3A%2F%2Fparasolnetworks.com%2Fca%2Fresultats-de-la-cerca%2F%3Ftype%255B%255D%3Dvilla-ca&#8221;][\/vc_column_inner][vc_column_inner width=&#8221;1\/3&#8243;][vc_single_image image=&#8221;518600&#8243; img_size=&#8221;full&#8221; alignment=&#8221;center&#8221; onclick=&#8221;custom_link&#8221; link=&#8221;https:\/\/parasolnetworks.com\/ca\/resultats-de-la-cerca\/?type%5B%5D=casa-de-poble&#8221;][vc_btn title=&#8221;Veure cases&#8221; shape=&#8221;square&#8221; color=&#8221;orange&#8221; align=&#8221;center&#8221; button_block=&#8221;true&#8221; link=&#8221;url:https%3A%2F%2Fparasolnetworks.com%2Fca%2Fresultats-de-la-cerca%2F%3Ftype%255B%255D%3Dcasa-de-poble&#8221;][\/vc_column_inner][vc_column_inner width=&#8221;1\/3&#8243;][vc_single_image image=&#8221;518590&#8243; img_size=&#8221;full&#8221; alignment=&#8221;center&#8221; onclick=&#8221;custom_link&#8221; link=&#8221;https:\/\/parasolnetworks.com\/ca\/resultats-de-la-cerca-2\/?type%5B%5D=adossat&#8221;][vc_btn title=&#8221;Veure adossat&#8221; shape=&#8221;square&#8221; color=&#8221;orange&#8221; align=&#8221;center&#8221; button_block=&#8221;true&#8221; link=&#8221;url:https%3A%2F%2Fparasolnetworks.com%2Fca%2Fresultats-de-la-cerca-2%2F%3Ftype%255B%255D%3Dadossat&#8221;][\/vc_column_inner][\/vc_row_inner][vc_row_inner content_placement=&#8221;middle&#8221; el_class=&#8221;boxed-shadow-row&#8221;][vc_column_inner width=&#8221;1\/3&#8243;][vc_single_image image=&#8221;518595&#8243; img_size=&#8221;full&#8221; alignment=&#8221;center&#8221; onclick=&#8221;custom_link&#8221; link=&#8221;https:\/\/parasolnetworks.com\/ca\/resultats-de-la-cerca-2\/?type%5B%5D=apartament-ca&#8221;][vc_btn title=&#8221;Veure apartaments&#8221; shape=&#8221;square&#8221; color=&#8221;orange&#8221; align=&#8221;center&#8221; button_block=&#8221;true&#8221; link=&#8221;url:https%3A%2F%2Fparasolnetworks.com%2Fca%2Fresultats-de-la-cerca-2%2F%3Ftype%255B%255D%3Dapartament-ca&#8221;][\/vc_column_inner][vc_column_inner width=&#8221;1\/3&#8243;][vc_single_image image=&#8221;518580&#8243; img_size=&#8221;full&#8221; alignment=&#8221;center&#8221; onclick=&#8221;custom_link&#8221; link=&#8221;https:\/\/parasolnetworks.com\/ca\/resultats-de-la-cerca\/?type%5B%5D=parcela-ca&#8221;][vc_btn title=&#8221;Veure parceles&#8221; shape=&#8221;square&#8221; color=&#8221;orange&#8221; align=&#8221;center&#8221; button_block=&#8221;true&#8221; link=&#8221;url:https%3A%2F%2Fparasolnetworks.com%2Fca%2Fresultats-de-la-cerca%2F%3Ftype%255B%255D%3Dparcela-ca&#8221;][\/vc_column_inner][vc_column_inner width=&#8221;1\/3&#8243;][vc_single_image image=&#8221;518605&#8243; img_size=&#8221;full&#8221; alignment=&#8221;center&#8221; onclick=&#8221;custom_link&#8221; link=&#8221;https:\/\/parasolnetworks.com\/ca\/resultats-de-la-cerca-2\/?type%5B%5D=comercial-ca&#8221;][vc_btn title=&#8221;Veure locals&#8221; shape=&#8221;square&#8221; color=&#8221;orange&#8221; align=&#8221;center&#8221; button_block=&#8221;true&#8221; link=&#8221;url:https%3A%2F%2Fparasolnetworks.com%2Fca%2Fresultats-de-la-cerca-2%2F%3Ftype%255B%255D%3Dcomercial-ca&#8221;][\/vc_column_inner][\/vc_row_inner][\/vc_column][\/vc_row][vc_row full_width=&#8221;stretch_row&#8221; css=&#8221;.vc_custom_1695382368158{background-image: url(https:\/\/parasolnetworks.com\/wp-content\/uploads\/comedor-scaled-1.jpg?id=473522) !important;background-position: center !important;background-repeat: no-repeat !important;background-size: cover !important;}&#8221; el_class=&#8221;sobre-nosotros&#8221;][vc_column width=&#8221;1\/3&#8243; css=&#8221;.vc_custom_1695365471642{padding-bottom: 35px !important;}&#8221;][vc_column_text]<\/p>\n<h2 style=\"color: #ffffff !important;\">Sobre Nosaltres<\/h2>\n<p>[\/vc_column_text][vc_row_inner][vc_column_inner][vc_column_text]<\/p>\n<div style=\"color: #ffffff !important; font-size: 2rem !important; line-height: 1.2 !important;\">\n<p>Som una ag\u00e8ncia immobili\u00e0ria amb seu a Oliva, que va obrir les portes el 2005.<\/p>\n<p><strong>Parasol Networks<\/strong> est\u00e0 composta per professionals biling\u00fces amb un nivell alt de qualificaci\u00f3 i coneixement en l&#8217;assessorament al client.<\/p>\n<\/div>\n<p>[\/vc_column_text][vc_btn title=&#8221;Contacta i troba la teva llar&#8221; color=&#8221;white&#8221; size=&#8221;lg&#8221; link=&#8221;url:%2Fcontacto|title:Contacto&#8221;][\/vc_column_inner][\/vc_row_inner][\/vc_column][\/vc_row]<\/p>\n<\/div>","protected":false},"excerpt":{"rendered":"<p>[vc_row css=&#8221;.vc_custom_1710254138070{padding-bottom: 80px !important;}&#8221;][vc_column][vc_column_text] M\u00e9s opcions de cerca [\/vc_column_text][vc_row_inner content_placement=&#8221;middle&#8221; el_class=&#8221;boxed-shadow-row&#8221;][vc_column_inner width=&#8221;1\/3&#8243;][vc_single_image image=&#8221;518585&#8243; img_size=&#8221;full&#8221; alignment=&#8221;center&#8221; onclick=&#8221;custom_link&#8221; link=&#8221;https:\/\/parasolnetworks.com\/ca\/resultats-de-la-cerca\/?type%5B%5D=villa-ca&#8221;][vc_btn title=&#8221;Veure villas&#8221; shape=&#8221;square&#8221; color=&#8221;orange&#8221; align=&#8221;center&#8221; button_block=&#8221;true&#8221; link=&#8221;url:https%3A%2F%2Fparasolnetworks.com%2Fca%2Fresultats-de-la-cerca%2F%3Ftype%255B%255D%3Dvilla-ca&#8221;][\/vc_column_inner][vc_column_inner width=&#8221;1\/3&#8243;][vc_single_image image=&#8221;518600&#8243; img_size=&#8221;full&#8221; alignment=&#8221;center&#8221; onclick=&#8221;custom_link&#8221; link=&#8221;https:\/\/parasolnetworks.com\/ca\/resultats-de-la-cerca\/?type%5B%5D=casa-de-poble&#8221;][vc_btn title=&#8221;Veure cases&#8221; shape=&#8221;square&#8221; color=&#8221;orange&#8221; align=&#8221;center&#8221; button_block=&#8221;true&#8221; link=&#8221;url:https%3A%2F%2Fparasolnetworks.com%2Fca%2Fresultats-de-la-cerca%2F%3Ftype%255B%255D%3Dcasa-de-poble&#8221;][\/vc_column_inner][vc_column_inner width=&#8221;1\/3&#8243;][vc_single_image image=&#8221;518590&#8243; img_size=&#8221;full&#8221; alignment=&#8221;center&#8221; onclick=&#8221;custom_link&#8221; link=&#8221;https:\/\/parasolnetworks.com\/ca\/resultats-de-la-cerca-2\/?type%5B%5D=adossat&#8221;][vc_btn title=&#8221;Veure adossat&#8221; shape=&#8221;square&#8221; color=&#8221;orange&#8221; align=&#8221;center&#8221; button_block=&#8221;true&#8221; link=&#8221;url:https%3A%2F%2Fparasolnetworks.com%2Fca%2Fresultats-de-la-cerca-2%2F%3Ftype%255B%255D%3Dadossat&#8221;][\/vc_column_inner][\/vc_row_inner][vc_row_inner content_placement=&#8221;middle&#8221; el_class=&#8221;boxed-shadow-row&#8221;][vc_column_inner width=&#8221;1\/3&#8243;][vc_single_image image=&#8221;518595&#8243; img_size=&#8221;full&#8221;&#8230;<\/p>\n","protected":false},"author":2,"featured_media":0,"parent":0,"menu_order":0,"comment_status":"closed","ping_status":"closed","template":"templates\/home.php","meta":{"_joinchat":[],"footnotes":""},"class_list":["post-474139","page","type-page","status-publish","hentry"],"yoast_head":"<!-- This site is optimized with the Yoast SEO plugin v27.3 - https:\/\/yoast.com\/product\/yoast-seo-wordpress\/ -->\n<title>Inici - Parasol Networks<\/title>\n<meta name=\"robots\" content=\"index, follow, max-snippet:-1, max-image-preview:large, max-video-preview:-1\" \/>\n<link rel=\"canonical\" href=\"https:\/\/parasolnetworks.com\/ca\/\" \/>\n<meta property=\"og:locale\" content=\"ca_ES\" \/>\n<meta property=\"og:type\" content=\"article\" \/>\n<meta property=\"og:title\" content=\"Inici - Parasol Networks\" \/>\n<meta property=\"og:description\" content=\"[vc_row css=&#8221;.vc_custom_1710254138070{padding-bottom: 80px !important;}&#8221;][vc_column][vc_column_text] M\u00e9s opcions de cerca [\/vc_column_text][vc_row_inner content_placement=&#8221;middle&#8221; el_class=&#8221;boxed-shadow-row&#8221;][vc_column_inner width=&#8221;1\/3&#8243;][vc_single_image image=&#8221;518585&#8243; img_size=&#8221;full&#8221; alignment=&#8221;center&#8221; onclick=&#8221;custom_link&#8221; link=&#8221;https:\/\/parasolnetworks.com\/ca\/resultats-de-la-cerca\/?type%5B%5D=villa-ca&#8221;][vc_btn title=&#8221;Veure villas&#8221; shape=&#8221;square&#8221; color=&#8221;orange&#8221; align=&#8221;center&#8221; button_block=&#8221;true&#8221; link=&#8221;url:https%3A%2F%2Fparasolnetworks.com%2Fca%2Fresultats-de-la-cerca%2F%3Ftype%255B%255D%3Dvilla-ca&#8221;][\/vc_column_inner][vc_column_inner width=&#8221;1\/3&#8243;][vc_single_image image=&#8221;518600&#8243; img_size=&#8221;full&#8221; alignment=&#8221;center&#8221; onclick=&#8221;custom_link&#8221; link=&#8221;https:\/\/parasolnetworks.com\/ca\/resultats-de-la-cerca\/?type%5B%5D=casa-de-poble&#8221;][vc_btn title=&#8221;Veure cases&#8221; shape=&#8221;square&#8221; color=&#8221;orange&#8221; align=&#8221;center&#8221; button_block=&#8221;true&#8221; link=&#8221;url:https%3A%2F%2Fparasolnetworks.com%2Fca%2Fresultats-de-la-cerca%2F%3Ftype%255B%255D%3Dcasa-de-poble&#8221;][\/vc_column_inner][vc_column_inner width=&#8221;1\/3&#8243;][vc_single_image image=&#8221;518590&#8243; img_size=&#8221;full&#8221; alignment=&#8221;center&#8221; onclick=&#8221;custom_link&#8221; link=&#8221;https:\/\/parasolnetworks.com\/ca\/resultats-de-la-cerca-2\/?type%5B%5D=adossat&#8221;][vc_btn title=&#8221;Veure adossat&#8221; shape=&#8221;square&#8221; color=&#8221;orange&#8221; align=&#8221;center&#8221; button_block=&#8221;true&#8221; link=&#8221;url:https%3A%2F%2Fparasolnetworks.com%2Fca%2Fresultats-de-la-cerca-2%2F%3Ftype%255B%255D%3Dadossat&#8221;][\/vc_column_inner][\/vc_row_inner][vc_row_inner content_placement=&#8221;middle&#8221; el_class=&#8221;boxed-shadow-row&#8221;][vc_column_inner width=&#8221;1\/3&#8243;][vc_single_image image=&#8221;518595&#8243; img_size=&#8221;full&#8221;...\" \/>\n<meta property=\"og:url\" content=\"https:\/\/parasolnetworks.com\/ca\/\" \/>\n<meta property=\"og:site_name\" content=\"Parasol Networks\" \/>\n<meta property=\"article:modified_time\" content=\"2024-03-12T14:38:00+00:00\" \/>\n<meta name=\"twitter:card\" content=\"summary_large_image\" \/>\n<meta name=\"twitter:label1\" content=\"Temps estimat de lectura\" \/>\n\t<meta name=\"twitter:data1\" content=\"1 minut\" \/>\n<script type=\"application\/ld+json\" class=\"yoast-schema-graph\">{\"@context\":\"https:\\\/\\\/schema.org\",\"@graph\":[{\"@type\":\"WebPage\",\"@id\":\"https:\\\/\\\/parasolnetworks.com\\\/ca\\\/\",\"url\":\"https:\\\/\\\/parasolnetworks.com\\\/ca\\\/\",\"name\":\"Inici - Parasol Networks\",\"isPartOf\":{\"@id\":\"https:\\\/\\\/parasolnetworks.com\\\/en\\\/#website\"},\"datePublished\":\"2017-06-23T12:03:36+00:00\",\"dateModified\":\"2024-03-12T14:38:00+00:00\",\"breadcrumb\":{\"@id\":\"https:\\\/\\\/parasolnetworks.com\\\/ca\\\/#breadcrumb\"},\"inLanguage\":\"ca\",\"potentialAction\":[{\"@type\":\"ReadAction\",\"target\":[\"https:\\\/\\\/parasolnetworks.com\\\/ca\\\/\"]}]},{\"@type\":\"BreadcrumbList\",\"@id\":\"https:\\\/\\\/parasolnetworks.com\\\/ca\\\/#breadcrumb\",\"itemListElement\":[{\"@type\":\"ListItem\",\"position\":1,\"name\":\"Portada\",\"item\":\"https:\\\/\\\/parasolnetworks.com\\\/ca\\\/\"},{\"@type\":\"ListItem\",\"position\":2,\"name\":\"Inici\"}]},{\"@type\":\"WebSite\",\"@id\":\"https:\\\/\\\/parasolnetworks.com\\\/en\\\/#website\",\"url\":\"https:\\\/\\\/parasolnetworks.com\\\/en\\\/\",\"name\":\"Parasol Networks\",\"description\":\"inmobiliaria\",\"publisher\":{\"@id\":\"https:\\\/\\\/parasolnetworks.com\\\/en\\\/#organization\"},\"potentialAction\":[{\"@type\":\"SearchAction\",\"target\":{\"@type\":\"EntryPoint\",\"urlTemplate\":\"https:\\\/\\\/parasolnetworks.com\\\/en\\\/?s={search_term_string}\"},\"query-input\":{\"@type\":\"PropertyValueSpecification\",\"valueRequired\":true,\"valueName\":\"search_term_string\"}}],\"inLanguage\":\"ca\"},{\"@type\":\"Organization\",\"@id\":\"https:\\\/\\\/parasolnetworks.com\\\/en\\\/#organization\",\"name\":\"Parasol Networks\",\"url\":\"https:\\\/\\\/parasolnetworks.com\\\/en\\\/\",\"logo\":{\"@type\":\"ImageObject\",\"inLanguage\":\"ca\",\"@id\":\"https:\\\/\\\/parasolnetworks.com\\\/en\\\/#\\\/schema\\\/logo\\\/image\\\/\",\"url\":\"https:\\\/\\\/parasolnetworks.com\\\/wp-content\\\/uploads\\\/Logo.png\",\"contentUrl\":\"https:\\\/\\\/parasolnetworks.com\\\/wp-content\\\/uploads\\\/Logo.png\",\"width\":2560,\"height\":570,\"caption\":\"Parasol Networks\"},\"image\":{\"@id\":\"https:\\\/\\\/parasolnetworks.com\\\/en\\\/#\\\/schema\\\/logo\\\/image\\\/\"}}]}<\/script>\n<!-- \/ Yoast SEO plugin. -->","yoast_head_json":{"title":"Inici - Parasol Networks","robots":{"index":"index","follow":"follow","max-snippet":"max-snippet:-1","max-image-preview":"max-image-preview:large","max-video-preview":"max-video-preview:-1"},"canonical":"https:\/\/parasolnetworks.com\/ca\/","og_locale":"ca_ES","og_type":"article","og_title":"Inici - Parasol Networks","og_description":"[vc_row css=&#8221;.vc_custom_1710254138070{padding-bottom: 80px !important;}&#8221;][vc_column][vc_column_text] M\u00e9s opcions de cerca [\/vc_column_text][vc_row_inner content_placement=&#8221;middle&#8221; el_class=&#8221;boxed-shadow-row&#8221;][vc_column_inner width=&#8221;1\/3&#8243;][vc_single_image image=&#8221;518585&#8243; img_size=&#8221;full&#8221; alignment=&#8221;center&#8221; onclick=&#8221;custom_link&#8221; link=&#8221;https:\/\/parasolnetworks.com\/ca\/resultats-de-la-cerca\/?type%5B%5D=villa-ca&#8221;][vc_btn title=&#8221;Veure villas&#8221; shape=&#8221;square&#8221; color=&#8221;orange&#8221; align=&#8221;center&#8221; button_block=&#8221;true&#8221; link=&#8221;url:https%3A%2F%2Fparasolnetworks.com%2Fca%2Fresultats-de-la-cerca%2F%3Ftype%255B%255D%3Dvilla-ca&#8221;][\/vc_column_inner][vc_column_inner width=&#8221;1\/3&#8243;][vc_single_image image=&#8221;518600&#8243; img_size=&#8221;full&#8221; alignment=&#8221;center&#8221; onclick=&#8221;custom_link&#8221; link=&#8221;https:\/\/parasolnetworks.com\/ca\/resultats-de-la-cerca\/?type%5B%5D=casa-de-poble&#8221;][vc_btn title=&#8221;Veure cases&#8221; shape=&#8221;square&#8221; color=&#8221;orange&#8221; align=&#8221;center&#8221; button_block=&#8221;true&#8221; link=&#8221;url:https%3A%2F%2Fparasolnetworks.com%2Fca%2Fresultats-de-la-cerca%2F%3Ftype%255B%255D%3Dcasa-de-poble&#8221;][\/vc_column_inner][vc_column_inner width=&#8221;1\/3&#8243;][vc_single_image image=&#8221;518590&#8243; img_size=&#8221;full&#8221; alignment=&#8221;center&#8221; onclick=&#8221;custom_link&#8221; link=&#8221;https:\/\/parasolnetworks.com\/ca\/resultats-de-la-cerca-2\/?type%5B%5D=adossat&#8221;][vc_btn title=&#8221;Veure adossat&#8221; shape=&#8221;square&#8221; color=&#8221;orange&#8221; align=&#8221;center&#8221; button_block=&#8221;true&#8221; link=&#8221;url:https%3A%2F%2Fparasolnetworks.com%2Fca%2Fresultats-de-la-cerca-2%2F%3Ftype%255B%255D%3Dadossat&#8221;][\/vc_column_inner][\/vc_row_inner][vc_row_inner content_placement=&#8221;middle&#8221; el_class=&#8221;boxed-shadow-row&#8221;][vc_column_inner width=&#8221;1\/3&#8243;][vc_single_image image=&#8221;518595&#8243; img_size=&#8221;full&#8221;...","og_url":"https:\/\/parasolnetworks.com\/ca\/","og_site_name":"Parasol Networks","article_modified_time":"2024-03-12T14:38:00+00:00","twitter_card":"summary_large_image","twitter_misc":{"Temps estimat de lectura":"1 minut"},"schema":{"@context":"https:\/\/schema.org","@graph":[{"@type":"WebPage","@id":"https:\/\/parasolnetworks.com\/ca\/","url":"https:\/\/parasolnetworks.com\/ca\/","name":"Inici - Parasol Networks","isPartOf":{"@id":"https:\/\/parasolnetworks.com\/en\/#website"},"datePublished":"2017-06-23T12:03:36+00:00","dateModified":"2024-03-12T14:38:00+00:00","breadcrumb":{"@id":"https:\/\/parasolnetworks.com\/ca\/#breadcrumb"},"inLanguage":"ca","potentialAction":[{"@type":"ReadAction","target":["https:\/\/parasolnetworks.com\/ca\/"]}]},{"@type":"BreadcrumbList","@id":"https:\/\/parasolnetworks.com\/ca\/#breadcrumb","itemListElement":[{"@type":"ListItem","position":1,"name":"Portada","item":"https:\/\/parasolnetworks.com\/ca\/"},{"@type":"ListItem","position":2,"name":"Inici"}]},{"@type":"WebSite","@id":"https:\/\/parasolnetworks.com\/en\/#website","url":"https:\/\/parasolnetworks.com\/en\/","name":"Parasol Networks","description":"inmobiliaria","publisher":{"@id":"https:\/\/parasolnetworks.com\/en\/#organization"},"potentialAction":[{"@type":"SearchAction","target":{"@type":"EntryPoint","urlTemplate":"https:\/\/parasolnetworks.com\/en\/?s={search_term_string}"},"query-input":{"@type":"PropertyValueSpecification","valueRequired":true,"valueName":"search_term_string"}}],"inLanguage":"ca"},{"@type":"Organization","@id":"https:\/\/parasolnetworks.com\/en\/#organization","name":"Parasol Networks","url":"https:\/\/parasolnetworks.com\/en\/","logo":{"@type":"ImageObject","inLanguage":"ca","@id":"https:\/\/parasolnetworks.com\/en\/#\/schema\/logo\/image\/","url":"https:\/\/parasolnetworks.com\/wp-content\/uploads\/Logo.png","contentUrl":"https:\/\/parasolnetworks.com\/wp-content\/uploads\/Logo.png","width":2560,"height":570,"caption":"Parasol Networks"},"image":{"@id":"https:\/\/parasolnetworks.com\/en\/#\/schema\/logo\/image\/"}}]}},"_links":{"self":[{"href":"https:\/\/parasolnetworks.com\/ca\/wp-json\/wp\/v2\/pages\/474139","targetHints":{"allow":["GET"]}}],"collection":[{"href":"https:\/\/parasolnetworks.com\/ca\/wp-json\/wp\/v2\/pages"}],"about":[{"href":"https:\/\/parasolnetworks.com\/ca\/wp-json\/wp\/v2\/types\/page"}],"author":[{"embeddable":true,"href":"https:\/\/parasolnetworks.com\/ca\/wp-json\/wp\/v2\/users\/2"}],"replies":[{"embeddable":true,"href":"https:\/\/parasolnetworks.com\/ca\/wp-json\/wp\/v2\/comments?post=474139"}],"version-history":[{"count":0,"href":"https:\/\/parasolnetworks.com\/ca\/wp-json\/wp\/v2\/pages\/474139\/revisions"}],"wp:attachment":[{"href":"https:\/\/parasolnetworks.com\/ca\/wp-json\/wp\/v2\/media?parent=474139"}],"curies":[{"name":"wp","href":"https:\/\/api.w.org\/{rel}","templated":true}]}}