{"id":47131,"date":"2017-06-14T14:11:26","date_gmt":"2017-06-14T12:11:26","guid":{"rendered":"https:\/\/parasolnetworks.com\/?page_id=47131\/"},"modified":"2023-09-22T11:57:50","modified_gmt":"2023-09-22T09:57:50","slug":"empresa","status":"publish","type":"page","link":"https:\/\/parasolnetworks.com\/ca\/empresa\/","title":{"rendered":"Empresa"},"content":{"rendered":"<div class=\"wpb-content-wrapper\"><p>[vc_row content_placement=&#8221;middle&#8221; css=&#8221;.vc_custom_1689862432143{margin-bottom: 30px !important;}&#8221;][vc_column width=&#8221;1\/3&#8243;][vc_column_text css=&#8221;.vc_custom_1689756572042{margin-bottom: 0px !important;}&#8221;]<span style=\"color: #009fb4; font-size: 1.75rem;\">Parasol Networks<\/span>[\/vc_column_text][vc_column_text]<\/p>\n<h2>Qui som?<\/h2>\n<p>[\/vc_column_text][vc_column_text]Som una ag\u00e8ncia immobili\u00e0ria amb seu a Oliva, que va obrir les portes el 2005.<\/p>\n<p>Durant tots aquests anys hem pogut consolidar el nostre m\u00e8tode de venda, rigor\u00f3s, eficient i amb una marcada orientaci\u00f3 al client.<\/p>\n<p>Parasol Networks est\u00e0 composta per professionals biling\u00fces amb un nivell alt de qualificaci\u00f3 i coneixement en l&#8217;assessorament al client.[\/vc_column_text][\/vc_column][vc_column width=&#8221;2\/3&#8243;][vc_single_image image=&#8221;474032&#8243; img_size=&#8221;full&#8221;][\/vc_column][\/vc_row][vc_row full_width=&#8221;stretch_row&#8221; el_class=&#8221;color-background blue-background&#8221; css=&#8221;.vc_custom_1689834172056{margin-bottom: 30px !important;background-color: #009fb4 !important;}&#8221;][vc_column width=&#8221;1\/3&#8243;][vc_single_image image=&#8221;474057&#8243; img_size=&#8221;full&#8221; css=&#8221;.vc_custom_1695295144543{border-radius: 10px !important;}&#8221;][\/vc_column][vc_column width=&#8221;1\/3&#8243;][vc_column_text]<\/p>\n<h2 style=\"color: #ffffff;\">Orientaci\u00f3 a l&#8217;elecci\u00f3 d&#8217;\u00e0rees<\/h2>\n<p>[\/vc_column_text][vc_column_text]<\/p>\n<p style=\"color: #ffffff;\">Us guiarem en l&#8217;elecci\u00f3 de les zones.<\/p>\n<p style=\"color: #ffffff;\">Mudar-se a una nova ciutat no \u00e9s f\u00e0cil, i sabrem que les necessitats de les fam\u00edlies amb nens s\u00f3n diferents de les de les parelles. Con\u00e8ixer en profunditat els serveis i lentorn de cada zona \u00e9s fonamental per facilitar el dia a dia.<\/p>\n<p>[\/vc_column_text][\/vc_column][vc_column width=&#8221;1\/3&#8243;][vc_column_text]<\/p>\n<h2 style=\"color: #ffffff;\">Seguiment primers dies<\/h2>\n<p>[\/vc_column_text][vc_column_text]<\/p>\n<p style=\"color: #ffffff;\">Un cop instal\u00b7lat a la seva nova llar, ens mantenim en contacte amb el client per resoldre qualsevol incid\u00e8ncia que pugui sorgir durant els primers dies a la seva nova llar<\/p>\n<p>[\/vc_column_text][\/vc_column][\/vc_row][vc_row content_placement=&#8221;middle&#8221; css=&#8221;.vc_custom_1690188418117{margin-bottom: 30px !important;}&#8221;][vc_column width=&#8221;1\/3&#8243;][vc_column_text]<\/p>\n<h2>Est\u00e0s buscant una llar?<\/h2>\n<p>[\/vc_column_text][vc_column_text]La nostra web s&#8217;actualitza cada dia. Aqu\u00ed trobar\u00e0s una descripci\u00f3 detallada de les cases per comprar a la Comunitat Valenciana ia la prov\u00edncia d&#8217;Alacant.<\/p>\n<p>Mira&#8217;l amb calma, selecciona el que m\u00e9s t&#8217;interessi i despr\u00e9s nom\u00e9s truca&#8217;ns, i envia&#8217;ns un email per sol\u00b7licitar m\u00e9s informaci\u00f3 o concertar la primera visita.[\/vc_column_text][\/vc_column][vc_column width=&#8221;2\/3&#8243;][vc_single_image image=&#8221;474062&#8243; img_size=&#8221;full&#8221; css=&#8221;.vc_custom_1695295155913{border-radius: 10px !important;}&#8221;][\/vc_column][\/vc_row][vc_row][vc_column][vc_column_text]<\/p>\n<h2 style=\"text-align: center;\">Vols vendre la teva propietat?<\/h2>\n<p>[\/vc_column_text][vc_row_inner el_class=&#8221;columns-with-shadow has-min-height-300&#8243; css=&#8221;.vc_custom_1689834228323{margin-top: 30px !important;margin-bottom: 30px !important;}&#8221;][vc_column_inner width=&#8221;1\/3&#8243;][vc_column_text]<\/p>\n<p style=\"text-align: center; margin: 0; font-size: 2.5rem; color: #eaa911;\">1<\/p>\n<h3 style=\"text-align: center; margin: 5px 0;\">Valoraci\u00f3 gratu\u00efta<\/h3>\n<p style=\"text-align: center; margin: 0;\">Realitzem una valoraci\u00f3 gratu\u00efta del vostre habitatge a preus reals, sense crear falses expectatives.<\/p>\n<p>[\/vc_column_text][\/vc_column_inner][vc_column_inner width=&#8221;1\/3&#8243;][vc_column_text]<\/p>\n<p style=\"text-align: center; margin: 0; font-size: 2.5rem; color: #eaa911;\">2<\/p>\n<h3 style=\"text-align: center; margin: 5px 0;\">Invertim en publicitat<\/h3>\n<p style=\"text-align: center; margin: 0;\">El seu habitatge s&#8217;anuncia en mitjans importants. Portals d&#8217;Internet nacionals i estrangers. Per descomptat, tamb\u00e9 anunciem la seva propietat al nostre lloc web.<\/p>\n<p>[\/vc_column_text][\/vc_column_inner][vc_column_inner width=&#8221;1\/3&#8243;][vc_column_text]<\/p>\n<p style=\"text-align: center; margin: 0; font-size: 2.5rem; color: #eaa911;\">3<\/p>\n<h3 style=\"text-align: center; margin: 5px 0;\">M\u00e0xima efic\u00e0cia<\/h3>\n<p style=\"text-align: center; margin: 0;\">Quan sabem exactament el que busca el comprador (\u00e0rees desitjades, tipologia d&#8217;habitatge&#8230;) i si estem for\u00e7a segurs que els criteris de cerca concorden amb la seva propietat aleshores concertem la visita.<\/p>\n<p>[\/vc_column_text][\/vc_column_inner][\/vc_row_inner][\/vc_column][\/vc_row][vc_row full_width=&#8221;stretch_row&#8221; content_placement=&#8221;middle&#8221; el_class=&#8221;color-background orange-background&#8221; css=&#8221;.vc_custom_1690188431883{background-color: #eaa911 !important;}&#8221;][vc_column width=&#8221;1\/3&#8243;][vc_single_image image=&#8221;474067&#8243; img_size=&#8221;full&#8221; css=&#8221;.vc_custom_1695295167888{border-radius: 10px !important;}&#8221;][\/vc_column][vc_column width=&#8221;1\/3&#8243;][vc_column_text]<\/p>\n<h2 style=\"color: #ffffff;\">Com us ajudem en el proc\u00e9s?<\/h2>\n<p>[\/vc_column_text][vc_column_text]<\/p>\n<p style=\"color: #ffffff;\">Ja sigui que vulgueu comprar o vendre una propietat, un membre del nostre equip l&#8217;acompanyar\u00e0 i assessorar\u00e0 sobre els contractes i l&#8217;escriptura p\u00fablica compravenda.<\/p>\n<p style=\"color: #ffffff;\">En resum, som aqu\u00ed per ajudar-te. Treballem en equip i el sentiment de pertinen\u00e7a a un grup compacte ens fa sentir que els \u00e8xits individuals tamb\u00e9 s\u00f3n \u00e8xits col\u00b7lectius.<\/p>\n<p>[\/vc_column_text][\/vc_column][vc_column width=&#8221;1\/3&#8243;][vc_column_text]<\/p>\n<h2 style=\"color: #ffffff;\">Gravetat<\/h2>\n<p>[\/vc_column_text][vc_column_text]<\/p>\n<p style=\"color: #ffffff;\">Treballem amb \u00e8tica professional, ens guiem per la transpar\u00e8ncia i el tracte personalitzat, defensant tant els drets del client com del propietari.<\/p>\n<p>[\/vc_column_text][vc_column_text]<\/p>\n<h2 style=\"color: #ffffff;\">Empatia<\/h2>\n<p>[\/vc_column_text][vc_column_text]<\/p>\n<p style=\"color: #ffffff;\">Cada client \u00e9s diferent i no tots els habitatges encaixen amb el seu propi estil de vida. A <strong>Real Estate Parasol Networks<\/strong> entenem les demandes dels nostres clients i proposem nom\u00e9s habitatges que s&#8217;ajusten a aquestes necessitats individuals.<\/p>\n<p>[\/vc_column_text][\/vc_column][\/vc_row][vc_row full_width=&#8221;stretch_row&#8221; el_class=&#8221;contact-form&#8221; css=&#8221;.vc_custom_1689761850882{background-color: #ffffff !important;}&#8221;][vc_column width=&#8221;1\/3&#8243;][vc_column_text]<\/p>\n<p style=\"font-size: 2rem; color: #000000; margin-bottom: 0;\">Amb nosaltres&#8230;<\/p>\n<h2>Els \u00e8xits individuals tamb\u00e9 s\u00f3n \u00e8xits col\u00b7lectius<\/h2>\n<p style=\"font-size: 2rem; color: #009fb4;\">Contacta ja!<\/p>\n<p>[\/vc_column_text][\/vc_column][vc_column width=&#8221;2\/3&#8243;]\n<div class=\"wpcf7 no-js\" id=\"wpcf7-f73088-o1\" lang=\"es-ES\" dir=\"ltr\" data-wpcf7-id=\"73088\">\n<div class=\"screen-reader-response\"><p role=\"status\" aria-live=\"polite\" aria-atomic=\"true\"><\/p> <ul><\/ul><\/div>\n<form action=\"\/ca\/wp-json\/wp\/v2\/pages\/47131#wpcf7-f73088-o1\" method=\"post\" class=\"wpcf7-form init\" aria-label=\"Formulario de contacto\" novalidate=\"novalidate\" data-status=\"init\">\n<fieldset class=\"hidden-fields-container\"><input type=\"hidden\" name=\"_wpcf7\" value=\"73088\" \/><input type=\"hidden\" name=\"_wpcf7_version\" value=\"6.1.5\" \/><input type=\"hidden\" name=\"_wpcf7_locale\" value=\"es_ES\" \/><input type=\"hidden\" name=\"_wpcf7_unit_tag\" value=\"wpcf7-f73088-o1\" \/><input type=\"hidden\" name=\"_wpcf7_container_post\" value=\"0\" \/><input type=\"hidden\" name=\"_wpcf7_posted_data_hash\" value=\"\" \/><input type=\"hidden\" name=\"_wpcf7_recaptcha_response\" value=\"\" \/>\n<\/fieldset>\n<p><label><span style=\"color: #009fb4; font-weight: 900;\">Nom*<\/span><br \/>\n<span class=\"wpcf7-form-control-wrap\" data-name=\"your-name\"><input size=\"40\" maxlength=\"400\" class=\"wpcf7-form-control wpcf7-text wpcf7-validates-as-required\" aria-required=\"true\" aria-invalid=\"false\" placeholder=\"El teu nom i cognoms...\" value=\"\" type=\"text\" name=\"your-name\" \/><\/span> <\/label>\n<\/p>\n<p><label><span style=\"color: #009fb4; font-weight: 900;\">Correu *<\/span><br \/>\n<span class=\"wpcf7-form-control-wrap\" data-name=\"your-email\"><input size=\"40\" maxlength=\"400\" class=\"wpcf7-form-control wpcf7-email wpcf7-validates-as-required wpcf7-text wpcf7-validates-as-email\" aria-required=\"true\" aria-invalid=\"false\" placeholder=\"El teu correu...\" value=\"\" type=\"email\" name=\"your-email\" \/><\/span> <\/label>\n<\/p>\n<p><label><span style=\"color: #009fb4; font-weight: 900;\">N\u00famero de Tel\u00e8fon<\/span><br \/>\n<span class=\"wpcf7-form-control-wrap\" data-name=\"your-phone\"><input size=\"40\" maxlength=\"400\" class=\"wpcf7-form-control wpcf7-tel wpcf7-text wpcf7-validates-as-tel\" aria-invalid=\"false\" placeholder=\"El teu n\u00famero de tel\u00e8fon...\" value=\"\" type=\"tel\" name=\"your-phone\" \/><\/span> <\/label>\n<\/p>\n<p><label><span style=\"color: #009fb4; font-weight: 900;\">Missatge*<\/span><br \/>\n<span class=\"wpcf7-form-control-wrap\" data-name=\"your-message\"><textarea cols=\"40\" rows=\"10\" maxlength=\"2000\" class=\"wpcf7-form-control wpcf7-textarea wpcf7-validates-as-required\" aria-required=\"true\" aria-invalid=\"false\" placeholder=\"El teu missatge...\" name=\"your-message\"><\/textarea><\/span> <\/label>\n<\/p>\n<p style=\"text-size;6px; color:#8f8f8f\">Us informem que les vostres dades seran incorporades a un fitxer registrat a l'AGPD i que teniu la possibilitat d'exercitar el dret d'informaci\u00f3, supressi\u00f3, limitaci\u00f3 i portabilitat.\n<\/p>\n<p><label style=\"display: flex; gap: 10px\"><br \/>\n<input type=\"checkbox\" name=\"clausula\" required \/><br \/>\nHe llegit i accepto la<br \/>\n<a href=\"https:\/\/parasolnetworks.com\/politica-de-privacidad\" target=\"_blank\">Pol\u00edtica de Privacitat<\/a><br \/>\n<\/label>\n<\/p>\n<p><label style=\"display: flex; flex-direction: row-reverse\"><br \/>\n<input class=\"wpcf7-form-control wpcf7-submit has-spinner\" type=\"submit\" value=\"Enviar\" \/> <\/label>\n<\/p><div class=\"wpcf7-response-output\" aria-hidden=\"true\"><\/div>\n<\/form>\n<\/div>\n[\/vc_column][\/vc_row]<\/p>\n<\/div>","protected":false},"excerpt":{"rendered":"<p>[vc_row content_placement=&#8221;middle&#8221; css=&#8221;.vc_custom_1689862432143{margin-bottom: 30px !important;}&#8221;][vc_column width=&#8221;1\/3&#8243;][vc_column_text css=&#8221;.vc_custom_1689756572042{margin-bottom: 0px !important;}&#8221;]Parasol Networks[\/vc_column_text][vc_column_text] Qui som? [\/vc_column_text][vc_column_text]Som una ag\u00e8ncia immobili\u00e0ria amb seu a Oliva, que va obrir les portes el 2005. Durant tots aquests anys hem pogut consolidar el nostre m\u00e8tode de venda, rigor\u00f3s, eficient i amb una marcada orientaci\u00f3 al client. Parasol Networks est\u00e0 composta per professionals biling\u00fces&#8230;<\/p>\n","protected":false},"author":2,"featured_media":0,"parent":0,"menu_order":0,"comment_status":"closed","ping_status":"closed","template":"templates\/full-width.php","meta":{"_joinchat":[],"footnotes":""},"class_list":["post-47131","page","type-page","status-publish","hentry"],"yoast_head":"<!-- This site is optimized with the Yoast SEO plugin v27.1.1 - https:\/\/yoast.com\/product\/yoast-seo-wordpress\/ -->\n<title>Empresa - Parasol Networks<\/title>\n<meta name=\"description\" content=\"Aqu\u00ed trobareu una descripci\u00f3 detallada dels habitatges per comprar a la Comunitat Valenciana en les prov\u00edncies Alacant i Val\u00e8ncia.\" \/>\n<meta name=\"robots\" content=\"index, follow, max-snippet:-1, max-image-preview:large, max-video-preview:-1\" \/>\n<link rel=\"canonical\" href=\"https:\/\/parasolnetworks.com\/ca\/empresa\/\" \/>\n<meta property=\"og:locale\" content=\"ca_ES\" \/>\n<meta property=\"og:type\" content=\"article\" \/>\n<meta property=\"og:title\" content=\"Empresa - Parasol Networks\" \/>\n<meta property=\"og:description\" content=\"Aqu\u00ed trobareu una descripci\u00f3 detallada dels habitatges per comprar a la Comunitat Valenciana en les prov\u00edncies Alacant i Val\u00e8ncia.\" \/>\n<meta property=\"og:url\" content=\"https:\/\/parasolnetworks.com\/ca\/empresa\/\" \/>\n<meta property=\"og:site_name\" content=\"Parasol Networks\" \/>\n<meta property=\"article:modified_time\" content=\"2023-09-22T09:57:50+00:00\" \/>\n<meta name=\"twitter:card\" content=\"summary_large_image\" \/>\n<meta name=\"twitter:label1\" content=\"Temps estimat de lectura\" \/>\n\t<meta name=\"twitter:data1\" content=\"3 minuts\" \/>\n<script type=\"application\/ld+json\" class=\"yoast-schema-graph\">{\"@context\":\"https:\/\/schema.org\",\"@graph\":[{\"@type\":\"WebPage\",\"@id\":\"https:\/\/parasolnetworks.com\/ca\/empresa\/\",\"url\":\"https:\/\/parasolnetworks.com\/ca\/empresa\/\",\"name\":\"Empresa - Parasol Networks\",\"isPartOf\":{\"@id\":\"https:\/\/parasolnetworks.com\/en\/#website\"},\"datePublished\":\"2017-06-14T12:11:26+00:00\",\"dateModified\":\"2023-09-22T09:57:50+00:00\",\"description\":\"Aqu\u00ed trobareu una descripci\u00f3 detallada dels habitatges per comprar a la Comunitat Valenciana en les prov\u00edncies Alacant i Val\u00e8ncia.\",\"breadcrumb\":{\"@id\":\"https:\/\/parasolnetworks.com\/ca\/empresa\/#breadcrumb\"},\"inLanguage\":\"ca\",\"potentialAction\":[{\"@type\":\"ReadAction\",\"target\":[\"https:\/\/parasolnetworks.com\/ca\/empresa\/\"]}]},{\"@type\":\"BreadcrumbList\",\"@id\":\"https:\/\/parasolnetworks.com\/ca\/empresa\/#breadcrumb\",\"itemListElement\":[{\"@type\":\"ListItem\",\"position\":1,\"name\":\"Portada\",\"item\":\"https:\/\/parasolnetworks.com\/ca\/\"},{\"@type\":\"ListItem\",\"position\":2,\"name\":\"Empresa\"}]},{\"@type\":\"WebSite\",\"@id\":\"https:\/\/parasolnetworks.com\/en\/#website\",\"url\":\"https:\/\/parasolnetworks.com\/en\/\",\"name\":\"Parasol Networks\",\"description\":\"inmobiliaria\",\"publisher\":{\"@id\":\"https:\/\/parasolnetworks.com\/en\/#organization\"},\"potentialAction\":[{\"@type\":\"SearchAction\",\"target\":{\"@type\":\"EntryPoint\",\"urlTemplate\":\"https:\/\/parasolnetworks.com\/en\/?s={search_term_string}\"},\"query-input\":{\"@type\":\"PropertyValueSpecification\",\"valueRequired\":true,\"valueName\":\"search_term_string\"}}],\"inLanguage\":\"ca\"},{\"@type\":\"Organization\",\"@id\":\"https:\/\/parasolnetworks.com\/en\/#organization\",\"name\":\"Parasol Networks\",\"url\":\"https:\/\/parasolnetworks.com\/en\/\",\"logo\":{\"@type\":\"ImageObject\",\"inLanguage\":\"ca\",\"@id\":\"https:\/\/parasolnetworks.com\/en\/#\/schema\/logo\/image\/\",\"url\":\"https:\/\/parasolnetworks.com\/wp-content\/uploads\/Logo.png\",\"contentUrl\":\"https:\/\/parasolnetworks.com\/wp-content\/uploads\/Logo.png\",\"width\":2560,\"height\":570,\"caption\":\"Parasol Networks\"},\"image\":{\"@id\":\"https:\/\/parasolnetworks.com\/en\/#\/schema\/logo\/image\/\"}}]}<\/script>\n<!-- \/ Yoast SEO plugin. -->","yoast_head_json":{"title":"Empresa - Parasol Networks","description":"Aqu\u00ed trobareu una descripci\u00f3 detallada dels habitatges per comprar a la Comunitat Valenciana en les prov\u00edncies Alacant i Val\u00e8ncia.","robots":{"index":"index","follow":"follow","max-snippet":"max-snippet:-1","max-image-preview":"max-image-preview:large","max-video-preview":"max-video-preview:-1"},"canonical":"https:\/\/parasolnetworks.com\/ca\/empresa\/","og_locale":"ca_ES","og_type":"article","og_title":"Empresa - Parasol Networks","og_description":"Aqu\u00ed trobareu una descripci\u00f3 detallada dels habitatges per comprar a la Comunitat Valenciana en les prov\u00edncies Alacant i Val\u00e8ncia.","og_url":"https:\/\/parasolnetworks.com\/ca\/empresa\/","og_site_name":"Parasol Networks","article_modified_time":"2023-09-22T09:57:50+00:00","twitter_card":"summary_large_image","twitter_misc":{"Temps estimat de lectura":"3 minuts"},"schema":{"@context":"https:\/\/schema.org","@graph":[{"@type":"WebPage","@id":"https:\/\/parasolnetworks.com\/ca\/empresa\/","url":"https:\/\/parasolnetworks.com\/ca\/empresa\/","name":"Empresa - Parasol Networks","isPartOf":{"@id":"https:\/\/parasolnetworks.com\/en\/#website"},"datePublished":"2017-06-14T12:11:26+00:00","dateModified":"2023-09-22T09:57:50+00:00","description":"Aqu\u00ed trobareu una descripci\u00f3 detallada dels habitatges per comprar a la Comunitat Valenciana en les prov\u00edncies Alacant i Val\u00e8ncia.","breadcrumb":{"@id":"https:\/\/parasolnetworks.com\/ca\/empresa\/#breadcrumb"},"inLanguage":"ca","potentialAction":[{"@type":"ReadAction","target":["https:\/\/parasolnetworks.com\/ca\/empresa\/"]}]},{"@type":"BreadcrumbList","@id":"https:\/\/parasolnetworks.com\/ca\/empresa\/#breadcrumb","itemListElement":[{"@type":"ListItem","position":1,"name":"Portada","item":"https:\/\/parasolnetworks.com\/ca\/"},{"@type":"ListItem","position":2,"name":"Empresa"}]},{"@type":"WebSite","@id":"https:\/\/parasolnetworks.com\/en\/#website","url":"https:\/\/parasolnetworks.com\/en\/","name":"Parasol Networks","description":"inmobiliaria","publisher":{"@id":"https:\/\/parasolnetworks.com\/en\/#organization"},"potentialAction":[{"@type":"SearchAction","target":{"@type":"EntryPoint","urlTemplate":"https:\/\/parasolnetworks.com\/en\/?s={search_term_string}"},"query-input":{"@type":"PropertyValueSpecification","valueRequired":true,"valueName":"search_term_string"}}],"inLanguage":"ca"},{"@type":"Organization","@id":"https:\/\/parasolnetworks.com\/en\/#organization","name":"Parasol Networks","url":"https:\/\/parasolnetworks.com\/en\/","logo":{"@type":"ImageObject","inLanguage":"ca","@id":"https:\/\/parasolnetworks.com\/en\/#\/schema\/logo\/image\/","url":"https:\/\/parasolnetworks.com\/wp-content\/uploads\/Logo.png","contentUrl":"https:\/\/parasolnetworks.com\/wp-content\/uploads\/Logo.png","width":2560,"height":570,"caption":"Parasol Networks"},"image":{"@id":"https:\/\/parasolnetworks.com\/en\/#\/schema\/logo\/image\/"}}]}},"_links":{"self":[{"href":"https:\/\/parasolnetworks.com\/ca\/wp-json\/wp\/v2\/pages\/47131","targetHints":{"allow":["GET"]}}],"collection":[{"href":"https:\/\/parasolnetworks.com\/ca\/wp-json\/wp\/v2\/pages"}],"about":[{"href":"https:\/\/parasolnetworks.com\/ca\/wp-json\/wp\/v2\/types\/page"}],"author":[{"embeddable":true,"href":"https:\/\/parasolnetworks.com\/ca\/wp-json\/wp\/v2\/users\/2"}],"replies":[{"embeddable":true,"href":"https:\/\/parasolnetworks.com\/ca\/wp-json\/wp\/v2\/comments?post=47131"}],"version-history":[{"count":0,"href":"https:\/\/parasolnetworks.com\/ca\/wp-json\/wp\/v2\/pages\/47131\/revisions"}],"wp:attachment":[{"href":"https:\/\/parasolnetworks.com\/ca\/wp-json\/wp\/v2\/media?parent=47131"}],"curies":[{"name":"wp","href":"https:\/\/api.w.org\/{rel}","templated":true}]}}