{"id":116362,"date":"2018-05-24T12:56:42","date_gmt":"2018-05-24T10:56:42","guid":{"rendered":"https:\/\/parasolnetworks.com\/aviso-legal-politica-de-privacidad\/"},"modified":"2024-11-06T13:36:40","modified_gmt":"2024-11-06T12:36:40","slug":"aviso-legal","status":"publish","type":"page","link":"https:\/\/parasolnetworks.com\/ca\/aviso-legal\/","title":{"rendered":"Aviso legal"},"content":{"rendered":"<p><strong>**Av\u00eds Legal**<\/strong><\/p>\n<p>En compliment de la Llei 34\/2002, d\u201911 de juliol, de Serveis de la Societat de la Informaci\u00f3 i del Comer\u00e7 Electr\u00f2nic, li comuniquem la seg\u00fcent informaci\u00f3:<\/p>\n<p>**Titular d\u2019aquest lloc web:**<br \/>\n<strong>WENCESLAO FEMENIA ESCRIV\u00c0 (en endavant, PARASOL NETWORKS)<\/strong><br \/>\nAdre\u00e7a: C\/ Constituci\u00f3, 2-2\u00ba-4, Oliva (46780), Val\u00e8ncia<br \/>\nNIF: <strong>19989571-H<\/strong><br \/>\nTel\u00e8fon: <strong>96 285 47 29<\/strong><br \/>\nCorreu electr\u00f2nic: info@parasolnetworks.com<\/p>\n<p>L\u2019\u00fas dels continguts i\/o serveis del portal per part de l\u2019usuari suposa l\u2019acceptaci\u00f3 expressa de les condicions seg\u00fcents:<\/p>\n<p><strong>**Condicions d\u2019\u00das del Portal**<\/strong><br \/>\n<strong>PARASOL NETWORKS<\/strong> es reserva el dret d&#8217;efectuar modificacions en el contingut d\u2019aquest portal sense previ av\u00eds, aix\u00ed com en la seva configuraci\u00f3 i presentaci\u00f3. Aquest portal pot contenir enlla\u00e7os a p\u00e0gines externes, i P<strong>ARASOL NETWORKS<\/strong> no es fa responsable del contingut d\u2019aquestes p\u00e0gines externes ni de qualsevol altre aspecte relacionat amb elles.<\/p>\n<p>Els textos, imatges, logotips i altres continguts inclosos en aquest portal s\u00f3n propietat de <strong>PARASOL NETWORKS<\/strong>. Queda prohibida la transmissi\u00f3, distribuci\u00f3, reproducci\u00f3 o emmagatzematge, total o parcial, excepte amb el consentiment previ de <strong>PARASOL NETWORKS<\/strong>, llevat que s\u2019indiqui el contrari.<\/p>\n<p>Per instal\u00b7lar o utilitzar qualsevol programari disponible per a la seva desc\u00e0rrega des d\u2019aquest portal, s&#8217;han d&#8217;acceptar pr\u00e8viament els termes del contracte de llic\u00e8ncia, si n&#8217;hi ha, que acompanyi o s&#8217;inclogui amb el programari. <strong>PARASOL NETWORKS<\/strong> no es fa responsable dels possibles danys que puguin produir-se per l&#8217;\u00fas de versions no actualitzades de navegadors o de les conseq\u00fc\u00e8ncies que puguin derivar-se d&#8217;un mal funcionament del navegador, ja sigui per configuraci\u00f3 inadequada, pres\u00e8ncia de virus inform\u00e0tics o qualsevol altra causa aliena a <strong>PARASOL NETWORKS<\/strong>.<\/p>\n<p><strong>**Protecci\u00f3 de Dades de Car\u00e0cter Personal**<\/strong><br \/>\nEn compliment de la Llei Org\u00e0nica 3\/2018, de 5 de desembre, de Protecci\u00f3 de Dades Personals i garantia dels drets digitals, <strong>PARASOL NETWORKS<\/strong> l&#8217;informa que les dades de car\u00e0cter personal que ens proporcioni en emplenar algun formulari d&#8217;inscripci\u00f3, sol\u00b7licitud o consulta que aparegui en aquesta web seran objecte de tractament i recollits en un fitxer de dades (denominat &#8220;<strong>USUARIS WEB<\/strong>&#8220;) del qual \u00e9s responsable <strong>PARASOL NETWORKS<\/strong>.<\/p>\n<p>Per exercir els seus drets d\u2019acc\u00e9s, rectificaci\u00f3, oposici\u00f3, supressi\u00f3, portabilitat i limitaci\u00f3 al tractament de les seves dades personals, en els termes i condicions previstes en la normativa vigent en mat\u00e8ria de protecci\u00f3 de dades, pot comunicar-ho per escrit a <strong>PARASOL NETWORKS<\/strong>, C\/ Constituci\u00f3, 2-2\u00ba-4, Oliva (46780), Val\u00e8ncia. La recollida de les seves dades personals es realitza amb la finalitat principal d\u2019oferir-li i prestar-li els serveis oferts en aquesta web.<\/p>\n<p><strong>PARASOL NETWORKS<\/strong> far\u00e0 \u00fas de les dades de car\u00e0cter personal facilitades per vost\u00e8 exclusivament per a les finalitats indicades.<\/p>\n<p>No compartim la informaci\u00f3 proporcionada amb tercers excepte en cas d\u2019obligaci\u00f3 legal o procediment legal, i en cap cas venem aquesta informaci\u00f3.<\/p>\n<p><strong>PARASOL NETWORKS<\/strong> l\u2019informa que ha implantat les mesures de seguretat t\u00e8cniques i organitzatives necess\u00e0ries que garanteixen la seguretat de les seves dades personals i n\u2019eviten l\u2019alteraci\u00f3, p\u00e8rdua, tractament i\/o acc\u00e9s no autoritzat, segons el que disposa la Llei Org\u00e0nica 3\/2018, de 5 de desembre, de Protecci\u00f3 de Dades Personals i garantia dels drets digitals.<\/p>\n<p><strong>**Legislaci\u00f3 Aplicable i Jurisdicci\u00f3**<\/strong><br \/>\nAquest Av\u00eds Legal es regeix en tots els seus extrems per la llei espanyola, i els Jutjats i Tribunals de Val\u00e8ncia seran els competents per a la resoluci\u00f3 de qualsevol conflicte derivat o relacionat amb l&#8217;\u00fas d\u2019aquest portal.<\/p>\n","protected":false},"excerpt":{"rendered":"<p>**Av\u00eds Legal** En compliment de la Llei 34\/2002, d\u201911 de juliol, de Serveis de la Societat de la Informaci\u00f3 i del Comer\u00e7 Electr\u00f2nic, li comuniquem la seg\u00fcent informaci\u00f3: **Titular d\u2019aquest lloc web:** WENCESLAO FEMENIA ESCRIV\u00c0 (en endavant, PARASOL NETWORKS) Adre\u00e7a: C\/ Constituci\u00f3, 2-2\u00ba-4, Oliva (46780), Val\u00e8ncia NIF: 19989571-H Tel\u00e8fon: 96 285 47 29 Correu electr\u00f2nic:&#8230;<\/p>\n","protected":false},"author":2,"featured_media":0,"parent":0,"menu_order":0,"comment_status":"closed","ping_status":"closed","template":"","meta":{"_joinchat":[],"footnotes":""},"class_list":["post-116362","page","type-page","status-publish","hentry"],"yoast_head":"<!-- This site is optimized with the Yoast SEO plugin v27.3 - https:\/\/yoast.com\/product\/yoast-seo-wordpress\/ -->\n<title>Aviso legal - Parasol Networks<\/title>\n<meta name=\"robots\" content=\"index, follow, max-snippet:-1, max-image-preview:large, max-video-preview:-1\" \/>\n<link rel=\"canonical\" href=\"https:\/\/parasolnetworks.com\/ca\/aviso-legal\/\" \/>\n<meta property=\"og:locale\" content=\"ca_ES\" \/>\n<meta property=\"og:type\" content=\"article\" \/>\n<meta property=\"og:title\" content=\"Aviso legal - Parasol Networks\" \/>\n<meta property=\"og:description\" content=\"**Av\u00eds Legal** En compliment de la Llei 34\/2002, d\u201911 de juliol, de Serveis de la Societat de la Informaci\u00f3 i del Comer\u00e7 Electr\u00f2nic, li comuniquem la seg\u00fcent informaci\u00f3: **Titular d\u2019aquest lloc web:** WENCESLAO FEMENIA ESCRIV\u00c0 (en endavant, PARASOL NETWORKS) Adre\u00e7a: C\/ Constituci\u00f3, 2-2\u00ba-4, Oliva (46780), Val\u00e8ncia NIF: 19989571-H Tel\u00e8fon: 96 285 47 29 Correu electr\u00f2nic:...\" \/>\n<meta property=\"og:url\" content=\"https:\/\/parasolnetworks.com\/ca\/aviso-legal\/\" \/>\n<meta property=\"og:site_name\" content=\"Parasol Networks\" \/>\n<meta property=\"article:modified_time\" content=\"2024-11-06T12:36:40+00:00\" \/>\n<meta name=\"twitter:card\" content=\"summary_large_image\" \/>\n<meta name=\"twitter:label1\" content=\"Temps estimat de lectura\" \/>\n\t<meta name=\"twitter:data1\" content=\"3 minuts\" \/>\n<script type=\"application\/ld+json\" class=\"yoast-schema-graph\">{\"@context\":\"https:\\\/\\\/schema.org\",\"@graph\":[{\"@type\":\"WebPage\",\"@id\":\"https:\\\/\\\/parasolnetworks.com\\\/ca\\\/aviso-legal\\\/\",\"url\":\"https:\\\/\\\/parasolnetworks.com\\\/ca\\\/aviso-legal\\\/\",\"name\":\"Aviso legal - Parasol Networks\",\"isPartOf\":{\"@id\":\"https:\\\/\\\/parasolnetworks.com\\\/en\\\/#website\"},\"datePublished\":\"2018-05-24T10:56:42+00:00\",\"dateModified\":\"2024-11-06T12:36:40+00:00\",\"breadcrumb\":{\"@id\":\"https:\\\/\\\/parasolnetworks.com\\\/ca\\\/aviso-legal\\\/#breadcrumb\"},\"inLanguage\":\"ca\",\"potentialAction\":[{\"@type\":\"ReadAction\",\"target\":[\"https:\\\/\\\/parasolnetworks.com\\\/ca\\\/aviso-legal\\\/\"]}]},{\"@type\":\"BreadcrumbList\",\"@id\":\"https:\\\/\\\/parasolnetworks.com\\\/ca\\\/aviso-legal\\\/#breadcrumb\",\"itemListElement\":[{\"@type\":\"ListItem\",\"position\":1,\"name\":\"Portada\",\"item\":\"https:\\\/\\\/parasolnetworks.com\\\/ca\\\/\"},{\"@type\":\"ListItem\",\"position\":2,\"name\":\"Aviso legal\"}]},{\"@type\":\"WebSite\",\"@id\":\"https:\\\/\\\/parasolnetworks.com\\\/en\\\/#website\",\"url\":\"https:\\\/\\\/parasolnetworks.com\\\/en\\\/\",\"name\":\"Parasol Networks\",\"description\":\"inmobiliaria\",\"publisher\":{\"@id\":\"https:\\\/\\\/parasolnetworks.com\\\/en\\\/#organization\"},\"potentialAction\":[{\"@type\":\"SearchAction\",\"target\":{\"@type\":\"EntryPoint\",\"urlTemplate\":\"https:\\\/\\\/parasolnetworks.com\\\/en\\\/?s={search_term_string}\"},\"query-input\":{\"@type\":\"PropertyValueSpecification\",\"valueRequired\":true,\"valueName\":\"search_term_string\"}}],\"inLanguage\":\"ca\"},{\"@type\":\"Organization\",\"@id\":\"https:\\\/\\\/parasolnetworks.com\\\/en\\\/#organization\",\"name\":\"Parasol Networks\",\"url\":\"https:\\\/\\\/parasolnetworks.com\\\/en\\\/\",\"logo\":{\"@type\":\"ImageObject\",\"inLanguage\":\"ca\",\"@id\":\"https:\\\/\\\/parasolnetworks.com\\\/en\\\/#\\\/schema\\\/logo\\\/image\\\/\",\"url\":\"https:\\\/\\\/parasolnetworks.com\\\/wp-content\\\/uploads\\\/Logo.png\",\"contentUrl\":\"https:\\\/\\\/parasolnetworks.com\\\/wp-content\\\/uploads\\\/Logo.png\",\"width\":2560,\"height\":570,\"caption\":\"Parasol Networks\"},\"image\":{\"@id\":\"https:\\\/\\\/parasolnetworks.com\\\/en\\\/#\\\/schema\\\/logo\\\/image\\\/\"}}]}<\/script>\n<!-- \/ Yoast SEO plugin. -->","yoast_head_json":{"title":"Aviso legal - Parasol Networks","robots":{"index":"index","follow":"follow","max-snippet":"max-snippet:-1","max-image-preview":"max-image-preview:large","max-video-preview":"max-video-preview:-1"},"canonical":"https:\/\/parasolnetworks.com\/ca\/aviso-legal\/","og_locale":"ca_ES","og_type":"article","og_title":"Aviso legal - Parasol Networks","og_description":"**Av\u00eds Legal** En compliment de la Llei 34\/2002, d\u201911 de juliol, de Serveis de la Societat de la Informaci\u00f3 i del Comer\u00e7 Electr\u00f2nic, li comuniquem la seg\u00fcent informaci\u00f3: **Titular d\u2019aquest lloc web:** WENCESLAO FEMENIA ESCRIV\u00c0 (en endavant, PARASOL NETWORKS) Adre\u00e7a: C\/ Constituci\u00f3, 2-2\u00ba-4, Oliva (46780), Val\u00e8ncia NIF: 19989571-H Tel\u00e8fon: 96 285 47 29 Correu electr\u00f2nic:...","og_url":"https:\/\/parasolnetworks.com\/ca\/aviso-legal\/","og_site_name":"Parasol Networks","article_modified_time":"2024-11-06T12:36:40+00:00","twitter_card":"summary_large_image","twitter_misc":{"Temps estimat de lectura":"3 minuts"},"schema":{"@context":"https:\/\/schema.org","@graph":[{"@type":"WebPage","@id":"https:\/\/parasolnetworks.com\/ca\/aviso-legal\/","url":"https:\/\/parasolnetworks.com\/ca\/aviso-legal\/","name":"Aviso legal - Parasol Networks","isPartOf":{"@id":"https:\/\/parasolnetworks.com\/en\/#website"},"datePublished":"2018-05-24T10:56:42+00:00","dateModified":"2024-11-06T12:36:40+00:00","breadcrumb":{"@id":"https:\/\/parasolnetworks.com\/ca\/aviso-legal\/#breadcrumb"},"inLanguage":"ca","potentialAction":[{"@type":"ReadAction","target":["https:\/\/parasolnetworks.com\/ca\/aviso-legal\/"]}]},{"@type":"BreadcrumbList","@id":"https:\/\/parasolnetworks.com\/ca\/aviso-legal\/#breadcrumb","itemListElement":[{"@type":"ListItem","position":1,"name":"Portada","item":"https:\/\/parasolnetworks.com\/ca\/"},{"@type":"ListItem","position":2,"name":"Aviso legal"}]},{"@type":"WebSite","@id":"https:\/\/parasolnetworks.com\/en\/#website","url":"https:\/\/parasolnetworks.com\/en\/","name":"Parasol Networks","description":"inmobiliaria","publisher":{"@id":"https:\/\/parasolnetworks.com\/en\/#organization"},"potentialAction":[{"@type":"SearchAction","target":{"@type":"EntryPoint","urlTemplate":"https:\/\/parasolnetworks.com\/en\/?s={search_term_string}"},"query-input":{"@type":"PropertyValueSpecification","valueRequired":true,"valueName":"search_term_string"}}],"inLanguage":"ca"},{"@type":"Organization","@id":"https:\/\/parasolnetworks.com\/en\/#organization","name":"Parasol Networks","url":"https:\/\/parasolnetworks.com\/en\/","logo":{"@type":"ImageObject","inLanguage":"ca","@id":"https:\/\/parasolnetworks.com\/en\/#\/schema\/logo\/image\/","url":"https:\/\/parasolnetworks.com\/wp-content\/uploads\/Logo.png","contentUrl":"https:\/\/parasolnetworks.com\/wp-content\/uploads\/Logo.png","width":2560,"height":570,"caption":"Parasol Networks"},"image":{"@id":"https:\/\/parasolnetworks.com\/en\/#\/schema\/logo\/image\/"}}]}},"_links":{"self":[{"href":"https:\/\/parasolnetworks.com\/ca\/wp-json\/wp\/v2\/pages\/116362","targetHints":{"allow":["GET"]}}],"collection":[{"href":"https:\/\/parasolnetworks.com\/ca\/wp-json\/wp\/v2\/pages"}],"about":[{"href":"https:\/\/parasolnetworks.com\/ca\/wp-json\/wp\/v2\/types\/page"}],"author":[{"embeddable":true,"href":"https:\/\/parasolnetworks.com\/ca\/wp-json\/wp\/v2\/users\/2"}],"replies":[{"embeddable":true,"href":"https:\/\/parasolnetworks.com\/ca\/wp-json\/wp\/v2\/comments?post=116362"}],"version-history":[{"count":0,"href":"https:\/\/parasolnetworks.com\/ca\/wp-json\/wp\/v2\/pages\/116362\/revisions"}],"wp:attachment":[{"href":"https:\/\/parasolnetworks.com\/ca\/wp-json\/wp\/v2\/media?parent=116362"}],"curies":[{"name":"wp","href":"https:\/\/api.w.org\/{rel}","templated":true}]}}